{"id":11604,"date":"2020-05-08T00:52:00","date_gmt":"2020-05-08T00:52:00","guid":{"rendered":"https:\/\/engagingsafetysolutions.com\/esp\/product\/enfrentar-la-drogadiccion-y-el-alcoholismo-para-gerentes-y-supervisores\/"},"modified":"2025-08-18T16:45:53","modified_gmt":"2025-08-18T16:45:53","slug":"enfrentar-la-drogadiccion-y-el-alcoholismo-para-gerentes-y-supervisores","status":"publish","type":"product","link":"https:\/\/engagingsafetysolutions.com\/esp\/product\/enfrentar-la-drogadiccion-y-el-alcoholismo-para-gerentes-y-supervisores\/","title":{"rendered":"Enfrentar la Drogadicci\u00f3n y el Alcoholismo para Gerentes y Supervisores"},"content":{"rendered":"<p>Enfrentar la Drogadicci\u00f3n y el Alcoholismo para gerentes y supervisores analiza el abuso de drogas y alcohol, el da\u00f1o que causa a los trabajadores y las empresas que los emplean, y lo que se debe hacer para crear y mantener un lugar de trabajo libre de drogas y alcohol. La mayor\u00eda de los abusadores de sustancias tienen trabajo. De hecho, se estima que uno de cada diez trabajadores tiene un problema de drogas o alcohol. Su comportamiento &#8220;bajo la influencia&#8221; puede disminuir la productividad, crear un ambiente de trabajo hostil y da\u00f1ar la reputaci\u00f3n de una empresa. Lo peor de todo es que puede aumentar significativamente las posibilidades de incidentes y lesiones en el lugar de trabajo. El programa incluye informaci\u00f3n sobre c\u00f3mo el abuso de sustancias puede afectar un lugar de trabajo, qu\u00e9 sustancias se abusan, las leyes que debe conocer, la creaci\u00f3n de un lugar de trabajo libre de drogas y alcohol, la educaci\u00f3n y las pruebas sobre el abuso de sustancias, el reconocimiento del abuso de sustancias en el trabajo, el manejo de situaciones de abuso de sustancias y m\u00e1s.<\/p>\n","protected":false},"excerpt":{"rendered":"<p>El programa Enfrentar con el abuso de drogas y alcohol para gerentes y supervisores analiza el abuso de drogas y alcohol, el da\u00f1o que causa a los trabajadores y las empresas que los emplean, y lo que se debe hacer para crear y mantener un lugar de trabajo libre de drogas y alcohol. <\/p>\n","protected":false},"featured_media":12490,"template":"","meta":{"_uag_custom_page_level_css":""},"product_brand":[],"product_cat":[68,51,32,52],"product_tag":[],"class_list":{"0":"post-11604","1":"product","2":"type-product","3":"status-publish","4":"has-post-thumbnail","6":"product_cat-dvd-2","7":"product_cat-elearning","8":"product_cat-usb","9":"product_cat-videos-en-demanda","11":"first","12":"instock","13":"sold-individually","14":"taxable","15":"shipping-taxable","16":"purchasable","17":"product-type-variable","18":"has-default-attributes"},"aioseo_notices":[],"uagb_featured_image_src":{"full":["https:\/\/engagingsafetysolutions.com\/esp\/wp-content\/uploads\/smk_283_action_photo.jpg",1920,1080,false],"thumbnail":["https:\/\/engagingsafetysolutions.com\/esp\/wp-content\/uploads\/smk_283_action_photo-150x150.jpg",150,150,true],"medium":["https:\/\/engagingsafetysolutions.com\/esp\/wp-content\/uploads\/smk_283_action_photo-300x169.jpg",300,169,true],"medium_large":["https:\/\/engagingsafetysolutions.com\/esp\/wp-content\/uploads\/smk_283_action_photo-768x432.jpg",768,432,true],"large":["https:\/\/engagingsafetysolutions.com\/esp\/wp-content\/uploads\/smk_283_action_photo-1024x576.jpg",1024,576,true],"1536x1536":["https:\/\/engagingsafetysolutions.com\/esp\/wp-content\/uploads\/smk_283_action_photo-1536x864.jpg",1536,864,true],"2048x2048":["https:\/\/engagingsafetysolutions.com\/esp\/wp-content\/uploads\/smk_283_action_photo.jpg",1920,1080,false],"woocommerce_thumbnail":["https:\/\/engagingsafetysolutions.com\/esp\/wp-content\/uploads\/smk_283_action_photo-300x225.jpg",300,225,true],"woocommerce_single":["https:\/\/engagingsafetysolutions.com\/esp\/wp-content\/uploads\/smk_283_action_photo-640x360.jpg",640,360,true],"woocommerce_gallery_thumbnail":["https:\/\/engagingsafetysolutions.com\/esp\/wp-content\/uploads\/smk_283_action_photo-100x100.jpg",100,100,true],"dgwt-wcas-product-suggestion":["https:\/\/engagingsafetysolutions.com\/esp\/wp-content\/uploads\/smk_283_action_photo-64x36.jpg",64,36,true]},"uagb_author_info":{"display_name":"evagomez","author_link":"https:\/\/engagingsafetysolutions.com\/esp\/author\/"},"uagb_comment_info":0,"uagb_excerpt":"El programa Enfrentar con el abuso de drogas y alcohol para gerentes y supervisores analiza el abuso de drogas y alcohol, el da\u00f1o que causa a los trabajadores y las empresas que los emplean, y lo que se debe hacer para crear y mantener un lugar de trabajo libre de drogas y alcohol.","_links":{"self":[{"href":"https:\/\/engagingsafetysolutions.com\/esp\/wp-json\/wp\/v2\/product\/11604","targetHints":{"allow":["GET"]}}],"collection":[{"href":"https:\/\/engagingsafetysolutions.com\/esp\/wp-json\/wp\/v2\/product"}],"about":[{"href":"https:\/\/engagingsafetysolutions.com\/esp\/wp-json\/wp\/v2\/types\/product"}],"version-history":[{"count":3,"href":"https:\/\/engagingsafetysolutions.com\/esp\/wp-json\/wp\/v2\/product\/11604\/revisions"}],"predecessor-version":[{"id":14606,"href":"https:\/\/engagingsafetysolutions.com\/esp\/wp-json\/wp\/v2\/product\/11604\/revisions\/14606"}],"wp:featuredmedia":[{"embeddable":true,"href":"https:\/\/engagingsafetysolutions.com\/esp\/wp-json\/wp\/v2\/media\/12490"}],"wp:attachment":[{"href":"https:\/\/engagingsafetysolutions.com\/esp\/wp-json\/wp\/v2\/media?parent=11604"}],"wp:term":[{"taxonomy":"product_brand","embeddable":true,"href":"https:\/\/engagingsafetysolutions.com\/esp\/wp-json\/wp\/v2\/product_brand?post=11604"},{"taxonomy":"product_cat","embeddable":true,"href":"https:\/\/engagingsafetysolutions.com\/esp\/wp-json\/wp\/v2\/product_cat?post=11604"},{"taxonomy":"product_tag","embeddable":true,"href":"https:\/\/engagingsafetysolutions.com\/esp\/wp-json\/wp\/v2\/product_tag?post=11604"}],"curies":[{"name":"wp","href":"https:\/\/api.w.org\/{rel}","templated":true}]}}