{"id":11601,"date":"2020-05-08T00:51:58","date_gmt":"2020-05-08T00:51:58","guid":{"rendered":"https:\/\/engagingsafetysolutions.com\/esp\/product\/el-estres-en-el-trabajo\/"},"modified":"2025-08-18T16:43:18","modified_gmt":"2025-08-18T16:43:18","slug":"el-estres-en-el-trabajo","status":"publish","type":"product","link":"https:\/\/engagingsafetysolutions.com\/esp\/product\/el-estres-en-el-trabajo\/","title":{"rendered":"Estr\u00e9s en el Lugar de Trabajo"},"content":{"rendered":"<p>El programa de estr\u00e9s en el lugar de trabajo ayuda a los empleados a identificar situaciones potencialmente estresantes y aprender a Enfrentar con ellas. En nuestro mundo acelerado, todos nos encontramos con una serie de situaciones que pueden ser estresantes &#8230; muchos de los cuales ocurren en el trabajo. Sin embargo, el estr\u00e9s en el lugar de trabajo y su potencial para afectar negativamente el desempe\u00f1o laboral de las personas es un tema que a menudo se pasa por alto. El programa incluye informaci\u00f3n sobre situaciones que causan estr\u00e9s, estr\u00e9s positivo versus negativo, reconocimiento de s\u00edntomas de estr\u00e9s, efectos del estr\u00e9s en la mente y el cuerpo, eliminaci\u00f3n de &#8220;factores de estr\u00e9s&#8221;, ejercicios para aliviar el estr\u00e9s y m\u00e1s.<\/p>\n","protected":false},"excerpt":{"rendered":"<p>El programa de estr\u00e9s en el lugar de trabajo ayuda a los empleados a identificar situaciones potencialmente estresantes y aprender a Enfrentar con ellas. <\/p>\n","protected":false},"featured_media":12468,"template":"","meta":{"_uag_custom_page_level_css":""},"product_brand":[],"product_cat":[68,51,32,52],"product_tag":[],"class_list":{"0":"post-11601","1":"product","2":"type-product","3":"status-publish","4":"has-post-thumbnail","6":"product_cat-dvd-2","7":"product_cat-elearning","8":"product_cat-usb","9":"product_cat-videos-en-demanda","11":"first","12":"instock","13":"sold-individually","14":"taxable","15":"shipping-taxable","16":"purchasable","17":"product-type-variable","18":"has-default-attributes"},"aioseo_notices":[],"uagb_featured_image_src":{"full":["https:\/\/engagingsafetysolutions.com\/esp\/wp-content\/uploads\/smk_233_action_photo.jpg",1920,1080,false],"thumbnail":["https:\/\/engagingsafetysolutions.com\/esp\/wp-content\/uploads\/smk_233_action_photo-150x150.jpg",150,150,true],"medium":["https:\/\/engagingsafetysolutions.com\/esp\/wp-content\/uploads\/smk_233_action_photo-300x169.jpg",300,169,true],"medium_large":["https:\/\/engagingsafetysolutions.com\/esp\/wp-content\/uploads\/smk_233_action_photo-768x432.jpg",768,432,true],"large":["https:\/\/engagingsafetysolutions.com\/esp\/wp-content\/uploads\/smk_233_action_photo-1024x576.jpg",1024,576,true],"1536x1536":["https:\/\/engagingsafetysolutions.com\/esp\/wp-content\/uploads\/smk_233_action_photo-1536x864.jpg",1536,864,true],"2048x2048":["https:\/\/engagingsafetysolutions.com\/esp\/wp-content\/uploads\/smk_233_action_photo.jpg",1920,1080,false],"woocommerce_thumbnail":["https:\/\/engagingsafetysolutions.com\/esp\/wp-content\/uploads\/smk_233_action_photo-300x225.jpg",300,225,true],"woocommerce_single":["https:\/\/engagingsafetysolutions.com\/esp\/wp-content\/uploads\/smk_233_action_photo-640x360.jpg",640,360,true],"woocommerce_gallery_thumbnail":["https:\/\/engagingsafetysolutions.com\/esp\/wp-content\/uploads\/smk_233_action_photo-100x100.jpg",100,100,true],"dgwt-wcas-product-suggestion":["https:\/\/engagingsafetysolutions.com\/esp\/wp-content\/uploads\/smk_233_action_photo-64x36.jpg",64,36,true]},"uagb_author_info":{"display_name":"evagomez","author_link":"https:\/\/engagingsafetysolutions.com\/esp\/author\/"},"uagb_comment_info":0,"uagb_excerpt":"El programa de estr\u00e9s en el lugar de trabajo ayuda a los empleados a identificar situaciones potencialmente estresantes y aprender a Enfrentar con ellas.","_links":{"self":[{"href":"https:\/\/engagingsafetysolutions.com\/esp\/wp-json\/wp\/v2\/product\/11601","targetHints":{"allow":["GET"]}}],"collection":[{"href":"https:\/\/engagingsafetysolutions.com\/esp\/wp-json\/wp\/v2\/product"}],"about":[{"href":"https:\/\/engagingsafetysolutions.com\/esp\/wp-json\/wp\/v2\/types\/product"}],"version-history":[{"count":4,"href":"https:\/\/engagingsafetysolutions.com\/esp\/wp-json\/wp\/v2\/product\/11601\/revisions"}],"predecessor-version":[{"id":14603,"href":"https:\/\/engagingsafetysolutions.com\/esp\/wp-json\/wp\/v2\/product\/11601\/revisions\/14603"}],"wp:featuredmedia":[{"embeddable":true,"href":"https:\/\/engagingsafetysolutions.com\/esp\/wp-json\/wp\/v2\/media\/12468"}],"wp:attachment":[{"href":"https:\/\/engagingsafetysolutions.com\/esp\/wp-json\/wp\/v2\/media?parent=11601"}],"wp:term":[{"taxonomy":"product_brand","embeddable":true,"href":"https:\/\/engagingsafetysolutions.com\/esp\/wp-json\/wp\/v2\/product_brand?post=11601"},{"taxonomy":"product_cat","embeddable":true,"href":"https:\/\/engagingsafetysolutions.com\/esp\/wp-json\/wp\/v2\/product_cat?post=11601"},{"taxonomy":"product_tag","embeddable":true,"href":"https:\/\/engagingsafetysolutions.com\/esp\/wp-json\/wp\/v2\/product_tag?post=11601"}],"curies":[{"name":"wp","href":"https:\/\/api.w.org\/{rel}","templated":true}]}}