{"id":11600,"date":"2020-05-08T00:51:58","date_gmt":"2020-05-08T00:51:58","guid":{"rendered":"https:\/\/engagingsafetysolutions.com\/esp\/product\/duchas-de-seguridad-y-lavados-oculares\/"},"modified":"2025-08-18T16:43:18","modified_gmt":"2025-08-18T16:43:18","slug":"duchas-de-seguridad-y-lavados-oculares","status":"publish","type":"product","link":"https:\/\/engagingsafetysolutions.com\/esp\/product\/duchas-de-seguridad-y-lavados-oculares\/","title":{"rendered":"Duchas de Seguridad y Lavaojos"},"content":{"rendered":"<p>El programa Duchas de Seguridad y Lavaojos analiza c\u00f3mo funciona este equipo y c\u00f3mo los empleados deben usarlo si ellos o un compa\u00f1ero de trabajo est\u00e1n expuestos a un HAZMAT en el trabajo. Los empleados que est\u00e1n expuestos a materiales peligrosos pueden sufrir lesiones graves, incluidas quemaduras, ceguera e incluso la muerte. Pero las duchas de seguridad y los lavados de ojos pueden ayudarlos a evitar esto. El programa incluye informaci\u00f3n sobre materiales peligrosos, duchas de seguridad y lavados de ojos, est\u00e1ndares para equipos de descontaminaci\u00f3n, uso de una ducha de seguridad, uso de un lavado de ojos, qu\u00e9 hacer despu\u00e9s de una descontaminaci\u00f3n de materiales peligrosos y m\u00e1s.<\/p>\n","protected":false},"excerpt":{"rendered":"<p>El programa Duchas de seguridad y Lavaojos analiza c\u00f3mo funciona este equipo y c\u00f3mo los empleados deben usarlo si ellos o un compa\u00f1ero de trabajo est\u00e1n expuestos a un HAZMAT en el trabajo. El programa viene con una gu\u00eda completa para l\u00edderes, un formulario de programaci\u00f3n y asistencia reproducible, un cuestionario para empleados, un certificado de capacitaci\u00f3n y un registro de capacitaci\u00f3n<\/p>\n","protected":false},"featured_media":12463,"template":"","meta":{"_uag_custom_page_level_css":""},"product_brand":[],"product_cat":[68,51,32,52],"product_tag":[],"class_list":{"0":"post-11600","1":"product","2":"type-product","3":"status-publish","4":"has-post-thumbnail","6":"product_cat-dvd-2","7":"product_cat-elearning","8":"product_cat-usb","9":"product_cat-videos-en-demanda","11":"first","12":"instock","13":"sold-individually","14":"taxable","15":"shipping-taxable","16":"purchasable","17":"product-type-variable","18":"has-default-attributes"},"aioseo_notices":[],"uagb_featured_image_src":{"full":["https:\/\/engagingsafetysolutions.com\/esp\/wp-content\/uploads\/smk_128_action_photo.jpg",360,240,false],"thumbnail":["https:\/\/engagingsafetysolutions.com\/esp\/wp-content\/uploads\/smk_128_action_photo-150x150.jpg",150,150,true],"medium":["https:\/\/engagingsafetysolutions.com\/esp\/wp-content\/uploads\/smk_128_action_photo-300x200.jpg",300,200,true],"medium_large":["https:\/\/engagingsafetysolutions.com\/esp\/wp-content\/uploads\/smk_128_action_photo.jpg",360,240,false],"large":["https:\/\/engagingsafetysolutions.com\/esp\/wp-content\/uploads\/smk_128_action_photo.jpg",360,240,false],"1536x1536":["https:\/\/engagingsafetysolutions.com\/esp\/wp-content\/uploads\/smk_128_action_photo.jpg",360,240,false],"2048x2048":["https:\/\/engagingsafetysolutions.com\/esp\/wp-content\/uploads\/smk_128_action_photo.jpg",360,240,false],"woocommerce_thumbnail":["https:\/\/engagingsafetysolutions.com\/esp\/wp-content\/uploads\/smk_128_action_photo-300x225.jpg",300,225,true],"woocommerce_single":["https:\/\/engagingsafetysolutions.com\/esp\/wp-content\/uploads\/smk_128_action_photo.jpg",360,240,false],"woocommerce_gallery_thumbnail":["https:\/\/engagingsafetysolutions.com\/esp\/wp-content\/uploads\/smk_128_action_photo-100x100.jpg",100,100,true],"dgwt-wcas-product-suggestion":["https:\/\/engagingsafetysolutions.com\/esp\/wp-content\/uploads\/smk_128_action_photo-64x43.jpg",64,43,true]},"uagb_author_info":{"display_name":"evagomez","author_link":"https:\/\/engagingsafetysolutions.com\/esp\/author\/"},"uagb_comment_info":0,"uagb_excerpt":"El programa Duchas de seguridad y Lavaojos analiza c\u00f3mo funciona este equipo y c\u00f3mo los empleados deben usarlo si ellos o un compa\u00f1ero de trabajo est\u00e1n expuestos a un HAZMAT en el trabajo. El programa viene con una gu\u00eda completa para l\u00edderes, un formulario de programaci\u00f3n y asistencia reproducible, un cuestionario para empleados, un certificado&hellip;","_links":{"self":[{"href":"https:\/\/engagingsafetysolutions.com\/esp\/wp-json\/wp\/v2\/product\/11600","targetHints":{"allow":["GET"]}}],"collection":[{"href":"https:\/\/engagingsafetysolutions.com\/esp\/wp-json\/wp\/v2\/product"}],"about":[{"href":"https:\/\/engagingsafetysolutions.com\/esp\/wp-json\/wp\/v2\/types\/product"}],"version-history":[{"count":5,"href":"https:\/\/engagingsafetysolutions.com\/esp\/wp-json\/wp\/v2\/product\/11600\/revisions"}],"predecessor-version":[{"id":14602,"href":"https:\/\/engagingsafetysolutions.com\/esp\/wp-json\/wp\/v2\/product\/11600\/revisions\/14602"}],"wp:featuredmedia":[{"embeddable":true,"href":"https:\/\/engagingsafetysolutions.com\/esp\/wp-json\/wp\/v2\/media\/12463"}],"wp:attachment":[{"href":"https:\/\/engagingsafetysolutions.com\/esp\/wp-json\/wp\/v2\/media?parent=11600"}],"wp:term":[{"taxonomy":"product_brand","embeddable":true,"href":"https:\/\/engagingsafetysolutions.com\/esp\/wp-json\/wp\/v2\/product_brand?post=11600"},{"taxonomy":"product_cat","embeddable":true,"href":"https:\/\/engagingsafetysolutions.com\/esp\/wp-json\/wp\/v2\/product_cat?post=11600"},{"taxonomy":"product_tag","embeddable":true,"href":"https:\/\/engagingsafetysolutions.com\/esp\/wp-json\/wp\/v2\/product_tag?post=11600"}],"curies":[{"name":"wp","href":"https:\/\/api.w.org\/{rel}","templated":true}]}}