{"id":11598,"date":"2020-05-08T00:51:57","date_gmt":"2020-05-08T00:51:57","guid":{"rendered":"https:\/\/engagingsafetysolutions.com\/esp\/product\/diversidad-en-el-lugar-de-trabajo-para-gerentes-y-supervisores\/"},"modified":"2025-08-18T16:45:48","modified_gmt":"2025-08-18T16:45:48","slug":"diversidad-en-el-lugar-de-trabajo-para-gerentes-y-supervisores","status":"publish","type":"product","link":"https:\/\/engagingsafetysolutions.com\/esp\/product\/diversidad-en-el-lugar-de-trabajo-para-gerentes-y-supervisores\/","title":{"rendered":"Diversidad en el Lugar de Trabajo para Gerentes y Supervisores"},"content":{"rendered":"<p>El Programa Diversidad en el lugar de trabajo&#8230; para gerentes y supervisores El programa analiza la diversidad, los obst\u00e1culos que pueden impedir que las personas la acepten y lo que los gerentes y supervisores pueden hacer para abrazar y fomentar la diversidad en su departamento. La diversidad de las personas en la fuerza laboral actual puede traer beneficios significativos tanto para las empresas como para los empleados&#8230; Pero tambi\u00e9n puede traer desaf\u00edos significativos. El programa incluye informaci\u00f3n sobre qu\u00e9 es la diversidad, los beneficios de un lugar de trabajo diverso, los estereotipos, los prejuicios y la discriminaci\u00f3n, hacer un compromiso personal con la diversidad, promover la diversidad en su departamento y m\u00e1s.<\/p>\n","protected":false},"excerpt":{"rendered":"<p>El programa La diversidad en el lugar de trabajo de . para gerentes y supervisores  analiza la diversidad, los obst\u00e1culos que pueden impedir que las personas la acepten y lo que los gerentes y supervisores pueden hacer para abrazar y fomentar la diversidad en su departamento. <\/p>\n","protected":false},"featured_media":12512,"template":"","meta":{"_uag_custom_page_level_css":""},"product_brand":[],"product_cat":[68,51,32,52],"product_tag":[],"class_list":{"0":"post-11598","1":"product","2":"type-product","3":"status-publish","4":"has-post-thumbnail","6":"product_cat-dvd-2","7":"product_cat-elearning","8":"product_cat-usb","9":"product_cat-videos-en-demanda","11":"first","12":"instock","13":"sold-individually","14":"taxable","15":"shipping-taxable","16":"purchasable","17":"product-type-variable","18":"has-default-attributes"},"aioseo_notices":[],"uagb_featured_image_src":{"full":["https:\/\/engagingsafetysolutions.com\/esp\/wp-content\/uploads\/smk_327_action_photo.jpg",2048,1152,false],"thumbnail":["https:\/\/engagingsafetysolutions.com\/esp\/wp-content\/uploads\/smk_327_action_photo-150x150.jpg",150,150,true],"medium":["https:\/\/engagingsafetysolutions.com\/esp\/wp-content\/uploads\/smk_327_action_photo-300x169.jpg",300,169,true],"medium_large":["https:\/\/engagingsafetysolutions.com\/esp\/wp-content\/uploads\/smk_327_action_photo-768x432.jpg",768,432,true],"large":["https:\/\/engagingsafetysolutions.com\/esp\/wp-content\/uploads\/smk_327_action_photo-1024x576.jpg",1024,576,true],"1536x1536":["https:\/\/engagingsafetysolutions.com\/esp\/wp-content\/uploads\/smk_327_action_photo-1536x864.jpg",1536,864,true],"2048x2048":["https:\/\/engagingsafetysolutions.com\/esp\/wp-content\/uploads\/smk_327_action_photo.jpg",2048,1152,false],"woocommerce_thumbnail":["https:\/\/engagingsafetysolutions.com\/esp\/wp-content\/uploads\/smk_327_action_photo-300x225.jpg",300,225,true],"woocommerce_single":["https:\/\/engagingsafetysolutions.com\/esp\/wp-content\/uploads\/smk_327_action_photo-640x360.jpg",640,360,true],"woocommerce_gallery_thumbnail":["https:\/\/engagingsafetysolutions.com\/esp\/wp-content\/uploads\/smk_327_action_photo-100x100.jpg",100,100,true],"dgwt-wcas-product-suggestion":["https:\/\/engagingsafetysolutions.com\/esp\/wp-content\/uploads\/smk_327_action_photo-64x36.jpg",64,36,true]},"uagb_author_info":{"display_name":"evagomez","author_link":"https:\/\/engagingsafetysolutions.com\/esp\/author\/"},"uagb_comment_info":0,"uagb_excerpt":"El programa La diversidad en el lugar de trabajo de . para gerentes y supervisores analiza la diversidad, los obst\u00e1culos que pueden impedir que las personas la acepten y lo que los gerentes y supervisores pueden hacer para abrazar y fomentar la diversidad en su departamento.","_links":{"self":[{"href":"https:\/\/engagingsafetysolutions.com\/esp\/wp-json\/wp\/v2\/product\/11598","targetHints":{"allow":["GET"]}}],"collection":[{"href":"https:\/\/engagingsafetysolutions.com\/esp\/wp-json\/wp\/v2\/product"}],"about":[{"href":"https:\/\/engagingsafetysolutions.com\/esp\/wp-json\/wp\/v2\/types\/product"}],"version-history":[{"count":3,"href":"https:\/\/engagingsafetysolutions.com\/esp\/wp-json\/wp\/v2\/product\/11598\/revisions"}],"predecessor-version":[{"id":14600,"href":"https:\/\/engagingsafetysolutions.com\/esp\/wp-json\/wp\/v2\/product\/11598\/revisions\/14600"}],"wp:featuredmedia":[{"embeddable":true,"href":"https:\/\/engagingsafetysolutions.com\/esp\/wp-json\/wp\/v2\/media\/12512"}],"wp:attachment":[{"href":"https:\/\/engagingsafetysolutions.com\/esp\/wp-json\/wp\/v2\/media?parent=11598"}],"wp:term":[{"taxonomy":"product_brand","embeddable":true,"href":"https:\/\/engagingsafetysolutions.com\/esp\/wp-json\/wp\/v2\/product_brand?post=11598"},{"taxonomy":"product_cat","embeddable":true,"href":"https:\/\/engagingsafetysolutions.com\/esp\/wp-json\/wp\/v2\/product_cat?post=11598"},{"taxonomy":"product_tag","embeddable":true,"href":"https:\/\/engagingsafetysolutions.com\/esp\/wp-json\/wp\/v2\/product_tag?post=11598"}],"curies":[{"name":"wp","href":"https:\/\/api.w.org\/{rel}","templated":true}]}}