{"id":11597,"date":"2020-05-08T00:51:56","date_gmt":"2020-05-08T00:51:56","guid":{"rendered":"https:\/\/engagingsafetysolutions.com\/esp\/product\/conservacion-auditiva-y-seguridad\/"},"modified":"2025-08-18T16:45:53","modified_gmt":"2025-08-18T16:45:53","slug":"conservacion-auditiva-y-seguridad","status":"publish","type":"product","link":"https:\/\/engagingsafetysolutions.com\/esp\/product\/conservacion-auditiva-y-seguridad\/","title":{"rendered":"Conservaci\u00f3n Auditiva y Seguridad"},"content":{"rendered":"<p>El Programa de Conservaci\u00f3n y Seguridad de la Audici\u00f3n ayuda a los empleadores a cumplir con esta norma de OSHA al tiempo que proporciona a los trabajadores la informaci\u00f3n que necesitan para reconocer y evitar los peligros del ruido. Vivimos en un mundo ruidoso&#8230; a veces demasiado ruidoso. Casi 50 millones de estadounidenses han experimentado p\u00e9rdida de audici\u00f3n por exposici\u00f3n a niveles de sonido peligrosos. Para decenas de miles de ellos, esta exposici\u00f3n ocurri\u00f3 mientras hac\u00edan su trabajo. El Est\u00e1ndar de Conservaci\u00f3n de la Audici\u00f3n de OSHA se cre\u00f3 para abordar este peligro y proteger la audici\u00f3n de los empleados. El programa incluye informaci\u00f3n sobre la mec\u00e1nica del sonido, c\u00f3mo funciona el o\u00eddo, el ruido peligroso en el lugar de trabajo, el uso de orejeras, el uso de tapones para los o\u00eddos y tapas de canal, la importancia de las pruebas de audici\u00f3n peri\u00f3dicas y m\u00e1s.<\/p>\n","protected":false},"excerpt":{"rendered":"<p>El Programa de Seguridad y Conservaci\u00f3n de la Audici\u00f3n ayuda a los empleadores a cumplir con esta norma de OSHA al tiempo que proporciona a los trabajadores la informaci\u00f3n que necesitan para reconocer y evitar los peligros del ruido.<\/p>\n","protected":false},"featured_media":12547,"template":"","meta":{"_uag_custom_page_level_css":""},"product_brand":[],"product_cat":[68,51,32,52],"product_tag":[],"class_list":{"0":"post-11597","1":"product","2":"type-product","3":"status-publish","4":"has-post-thumbnail","6":"product_cat-dvd-2","7":"product_cat-elearning","8":"product_cat-usb","9":"product_cat-videos-en-demanda","11":"first","12":"instock","13":"sold-individually","14":"taxable","15":"shipping-taxable","16":"purchasable","17":"product-type-variable","18":"has-default-attributes"},"aioseo_notices":[],"uagb_featured_image_src":{"full":["https:\/\/engagingsafetysolutions.com\/esp\/wp-content\/uploads\/rck_288_action_photo.jpg",1920,1080,false],"thumbnail":["https:\/\/engagingsafetysolutions.com\/esp\/wp-content\/uploads\/rck_288_action_photo-150x150.jpg",150,150,true],"medium":["https:\/\/engagingsafetysolutions.com\/esp\/wp-content\/uploads\/rck_288_action_photo-300x169.jpg",300,169,true],"medium_large":["https:\/\/engagingsafetysolutions.com\/esp\/wp-content\/uploads\/rck_288_action_photo-768x432.jpg",768,432,true],"large":["https:\/\/engagingsafetysolutions.com\/esp\/wp-content\/uploads\/rck_288_action_photo-1024x576.jpg",1024,576,true],"1536x1536":["https:\/\/engagingsafetysolutions.com\/esp\/wp-content\/uploads\/rck_288_action_photo-1536x864.jpg",1536,864,true],"2048x2048":["https:\/\/engagingsafetysolutions.com\/esp\/wp-content\/uploads\/rck_288_action_photo.jpg",1920,1080,false],"woocommerce_thumbnail":["https:\/\/engagingsafetysolutions.com\/esp\/wp-content\/uploads\/rck_288_action_photo-300x225.jpg",300,225,true],"woocommerce_single":["https:\/\/engagingsafetysolutions.com\/esp\/wp-content\/uploads\/rck_288_action_photo-640x360.jpg",640,360,true],"woocommerce_gallery_thumbnail":["https:\/\/engagingsafetysolutions.com\/esp\/wp-content\/uploads\/rck_288_action_photo-100x100.jpg",100,100,true],"dgwt-wcas-product-suggestion":["https:\/\/engagingsafetysolutions.com\/esp\/wp-content\/uploads\/rck_288_action_photo-64x36.jpg",64,36,true]},"uagb_author_info":{"display_name":"evagomez","author_link":"https:\/\/engagingsafetysolutions.com\/esp\/author\/"},"uagb_comment_info":0,"uagb_excerpt":"El Programa de Seguridad y Conservaci\u00f3n de la Audici\u00f3n ayuda a los empleadores a cumplir con esta norma de OSHA al tiempo que proporciona a los trabajadores la informaci\u00f3n que necesitan para reconocer y evitar los peligros del ruido.","_links":{"self":[{"href":"https:\/\/engagingsafetysolutions.com\/esp\/wp-json\/wp\/v2\/product\/11597","targetHints":{"allow":["GET"]}}],"collection":[{"href":"https:\/\/engagingsafetysolutions.com\/esp\/wp-json\/wp\/v2\/product"}],"about":[{"href":"https:\/\/engagingsafetysolutions.com\/esp\/wp-json\/wp\/v2\/types\/product"}],"version-history":[{"count":3,"href":"https:\/\/engagingsafetysolutions.com\/esp\/wp-json\/wp\/v2\/product\/11597\/revisions"}],"predecessor-version":[{"id":14071,"href":"https:\/\/engagingsafetysolutions.com\/esp\/wp-json\/wp\/v2\/product\/11597\/revisions\/14071"}],"wp:featuredmedia":[{"embeddable":true,"href":"https:\/\/engagingsafetysolutions.com\/esp\/wp-json\/wp\/v2\/media\/12547"}],"wp:attachment":[{"href":"https:\/\/engagingsafetysolutions.com\/esp\/wp-json\/wp\/v2\/media?parent=11597"}],"wp:term":[{"taxonomy":"product_brand","embeddable":true,"href":"https:\/\/engagingsafetysolutions.com\/esp\/wp-json\/wp\/v2\/product_brand?post=11597"},{"taxonomy":"product_cat","embeddable":true,"href":"https:\/\/engagingsafetysolutions.com\/esp\/wp-json\/wp\/v2\/product_cat?post=11597"},{"taxonomy":"product_tag","embeddable":true,"href":"https:\/\/engagingsafetysolutions.com\/esp\/wp-json\/wp\/v2\/product_tag?post=11597"}],"curies":[{"name":"wp","href":"https:\/\/api.w.org\/{rel}","templated":true}]}}