{"id":11596,"date":"2020-05-08T00:51:55","date_gmt":"2020-05-08T00:51:55","guid":{"rendered":"https:\/\/engagingsafetysolutions.com\/esp\/product\/conducir-distraidamente\/"},"modified":"2025-08-18T16:45:00","modified_gmt":"2025-08-18T16:45:00","slug":"conducir-distraidamente","status":"publish","type":"product","link":"https:\/\/engagingsafetysolutions.com\/esp\/product\/conducir-distraidamente\/","title":{"rendered":"Conducir Distra\u00eddamente"},"content":{"rendered":"<p>El programa de conducci\u00f3n distra\u00edda proporciona la informaci\u00f3n que los empleados necesitan para conducir autom\u00f3viles, camionetas y camiones peque\u00f1os de manera segura, tanto dentro como fuera del trabajo. La conducci\u00f3n distra\u00edda no es un problema nuevo, pero el uso cada vez mayor de tel\u00e9fonos celulares y otros dispositivos electr\u00f3nicos ha hecho que crezca de manera alarmante en los \u00faltimos a\u00f1os&#8230; y tambi\u00e9n lo ha hecho el costo que ha tenido en accidentes de tr\u00e1fico, lesiones y vidas perdidas. De hecho, hoy en d\u00eda, hasta uno de cada tres accidentes involucra a conductores distra\u00eddos. La Administraci\u00f3n Nacional de Seguridad del Tr\u00e1fico en las Carreteras define a los conductores distra\u00eddos como aquellos que participan en &#8220;cualquier actividad que pueda desviar la atenci\u00f3n de una persona de la tarea principal de conducir&#8221;. Y muchos de nosotros encajamos en esa descripci\u00f3n. Afortunadamente, hay formas en que podemos revertir los aumentos que estamos viendo en los accidentes por conducci\u00f3n distra\u00edda. El programa incluye informaci\u00f3n sobre el costo de conducir distra\u00eddo, la multitarea y la distracci\u00f3n, los peligros de usar tel\u00e9fonos celulares mientras se conduce, formas de eliminar las distracciones antes de conducir, c\u00f3mo combatir la distracci\u00f3n en la carretera y m\u00e1s.<\/p>\n","protected":false},"excerpt":{"rendered":"<p>El programa de conducci\u00f3n distra\u00edda proporciona la informaci\u00f3n que los empleados necesitan para conducir autom\u00f3viles, camionetas y camiones peque\u00f1os de manera segura, tanto dentro como fuera del trabajo.<\/p>\n","protected":false},"featured_media":13451,"template":"","meta":{"_uag_custom_page_level_css":""},"product_brand":[],"product_cat":[68,51,32,52],"product_tag":[],"class_list":{"0":"post-11596","1":"product","2":"type-product","3":"status-publish","4":"has-post-thumbnail","6":"product_cat-dvd-2","7":"product_cat-elearning","8":"product_cat-usb","9":"product_cat-videos-en-demanda","11":"first","12":"instock","13":"sold-individually","14":"taxable","15":"shipping-taxable","16":"purchasable","17":"product-type-variable","18":"has-default-attributes"},"aioseo_notices":[],"uagb_featured_image_src":{"full":["https:\/\/engagingsafetysolutions.com\/esp\/wp-content\/uploads\/vlcsnap-2023-05-24-15h10m11s601-1.jpg",1920,1080,false],"thumbnail":["https:\/\/engagingsafetysolutions.com\/esp\/wp-content\/uploads\/vlcsnap-2023-05-24-15h10m11s601-1-150x150.jpg",150,150,true],"medium":["https:\/\/engagingsafetysolutions.com\/esp\/wp-content\/uploads\/vlcsnap-2023-05-24-15h10m11s601-1-300x169.jpg",300,169,true],"medium_large":["https:\/\/engagingsafetysolutions.com\/esp\/wp-content\/uploads\/vlcsnap-2023-05-24-15h10m11s601-1-768x432.jpg",768,432,true],"large":["https:\/\/engagingsafetysolutions.com\/esp\/wp-content\/uploads\/vlcsnap-2023-05-24-15h10m11s601-1-1024x576.jpg",1024,576,true],"1536x1536":["https:\/\/engagingsafetysolutions.com\/esp\/wp-content\/uploads\/vlcsnap-2023-05-24-15h10m11s601-1-1536x864.jpg",1536,864,true],"2048x2048":["https:\/\/engagingsafetysolutions.com\/esp\/wp-content\/uploads\/vlcsnap-2023-05-24-15h10m11s601-1.jpg",1920,1080,false],"woocommerce_thumbnail":["https:\/\/engagingsafetysolutions.com\/esp\/wp-content\/uploads\/vlcsnap-2023-05-24-15h10m11s601-1-300x225.jpg",300,225,true],"woocommerce_single":["https:\/\/engagingsafetysolutions.com\/esp\/wp-content\/uploads\/vlcsnap-2023-05-24-15h10m11s601-1-640x360.jpg",640,360,true],"woocommerce_gallery_thumbnail":["https:\/\/engagingsafetysolutions.com\/esp\/wp-content\/uploads\/vlcsnap-2023-05-24-15h10m11s601-1-100x100.jpg",100,100,true],"dgwt-wcas-product-suggestion":["https:\/\/engagingsafetysolutions.com\/esp\/wp-content\/uploads\/vlcsnap-2023-05-24-15h10m11s601-1-64x36.jpg",64,36,true]},"uagb_author_info":{"display_name":"evagomez","author_link":"https:\/\/engagingsafetysolutions.com\/esp\/author\/"},"uagb_comment_info":0,"uagb_excerpt":"El programa de conducci\u00f3n distra\u00edda proporciona la informaci\u00f3n que los empleados necesitan para conducir autom\u00f3viles, camionetas y camiones peque\u00f1os de manera segura, tanto dentro como fuera del trabajo.","_links":{"self":[{"href":"https:\/\/engagingsafetysolutions.com\/esp\/wp-json\/wp\/v2\/product\/11596","targetHints":{"allow":["GET"]}}],"collection":[{"href":"https:\/\/engagingsafetysolutions.com\/esp\/wp-json\/wp\/v2\/product"}],"about":[{"href":"https:\/\/engagingsafetysolutions.com\/esp\/wp-json\/wp\/v2\/types\/product"}],"version-history":[{"count":3,"href":"https:\/\/engagingsafetysolutions.com\/esp\/wp-json\/wp\/v2\/product\/11596\/revisions"}],"predecessor-version":[{"id":13452,"href":"https:\/\/engagingsafetysolutions.com\/esp\/wp-json\/wp\/v2\/product\/11596\/revisions\/13452"}],"wp:featuredmedia":[{"embeddable":true,"href":"https:\/\/engagingsafetysolutions.com\/esp\/wp-json\/wp\/v2\/media\/13451"}],"wp:attachment":[{"href":"https:\/\/engagingsafetysolutions.com\/esp\/wp-json\/wp\/v2\/media?parent=11596"}],"wp:term":[{"taxonomy":"product_brand","embeddable":true,"href":"https:\/\/engagingsafetysolutions.com\/esp\/wp-json\/wp\/v2\/product_brand?post=11596"},{"taxonomy":"product_cat","embeddable":true,"href":"https:\/\/engagingsafetysolutions.com\/esp\/wp-json\/wp\/v2\/product_cat?post=11596"},{"taxonomy":"product_tag","embeddable":true,"href":"https:\/\/engagingsafetysolutions.com\/esp\/wp-json\/wp\/v2\/product_tag?post=11596"}],"curies":[{"name":"wp","href":"https:\/\/api.w.org\/{rel}","templated":true}]}}