{"id":11595,"date":"2020-05-08T00:51:54","date_gmt":"2020-05-08T00:51:54","guid":{"rendered":"https:\/\/engagingsafetysolutions.com\/esp\/product\/conducir-a-la-defensiva\/"},"modified":"2025-08-18T16:45:00","modified_gmt":"2025-08-18T16:45:00","slug":"conducir-a-la-defensiva","status":"publish","type":"product","link":"https:\/\/engagingsafetysolutions.com\/esp\/product\/conducir-a-la-defensiva\/","title":{"rendered":"Conducir a la Defensiva"},"content":{"rendered":"<p>proporciona la informaci\u00f3n que los empleados necesitan para conducir autom\u00f3viles, camionetas y camiones peque\u00f1os de manera segura, tanto dentro como fuera del trabajo. Los conductores defensivos siempre est\u00e1n &#8220;buscando problemas&#8221;. No porque quieran causarlo, sino para poder &#8220;defenderse&#8221; de otros conductores y de los problemas que pueden causar. Conducir es un negocio arriesgado, y no importa cu\u00e1n cuidadosos sean los conductores, no tienen control sobre otras personas en la carretera. Ya sea que est\u00e9n acelerando, siguiendo de cerca o simplemente no prestando atenci\u00f3n a lo que est\u00e1n haciendo, otros conductores pueden hacer que las carreteras sean m\u00e1s peligrosas. Pero no son el \u00fanico problema. La mayor\u00eda de los accidentes de tr\u00e1fico ocurren despu\u00e9s de la puesta del sol, cuando la oscuridad dificulta la visi\u00f3n. Y la lluvia, la nieve y el hielo pueden hacer que los conductores pierdan el control. Por si fuera poco, a veces hay problemas con el propio veh\u00edculo. Cuando los empleados est\u00e1n equipados con el conocimiento que necesitan para defenderse en la carretera, pueden reducir o eliminar estos riesgos&#8230; y hacer de las carreteras un lugar m\u00e1s seguro para todos. El programa incluye informaci\u00f3n sobre los &#8220;conceptos b\u00e1sicos&#8221; de la conducci\u00f3n defensiva, los peligros de la carretera que se encuentran com\u00fanmente al conducir, la conducci\u00f3n segura al compartir la carretera con camiones y autobuses, c\u00f3mo evitar la conducci\u00f3n distra\u00edda y la &#8220;ira en la carretera&#8221;, establecer una distancia de seguimiento segura, preparar un veh\u00edculo para conducir con mal tiempo, t\u00e9cnicas que se pueden usar para conducir de manera segura en condiciones dif\u00edciles y m\u00e1s.<\/p>\n","protected":false},"excerpt":{"rendered":"<p>El programa Conducir a la Defensiva proporciona la informaci\u00f3n que los empleados necesitan para conducir autom\u00f3viles, camionetas y camiones peque\u00f1os de manera segura, tanto dentro como fuera del trabajo. <\/p>\n","protected":false},"featured_media":13641,"template":"","meta":{"_uag_custom_page_level_css":""},"product_brand":[],"product_cat":[68,51,32,52],"product_tag":[],"class_list":{"0":"post-11595","1":"product","2":"type-product","3":"status-publish","4":"has-post-thumbnail","6":"product_cat-dvd-2","7":"product_cat-elearning","8":"product_cat-usb","9":"product_cat-videos-en-demanda","11":"first","12":"instock","13":"sold-individually","14":"taxable","15":"shipping-taxable","16":"purchasable","17":"product-type-variable","18":"has-default-attributes"},"aioseo_notices":[],"uagb_featured_image_src":{"full":["https:\/\/engagingsafetysolutions.com\/esp\/wp-content\/uploads\/vlcsnap-2023-05-24-15h39m53s024-1.jpg",1920,1080,false],"thumbnail":["https:\/\/engagingsafetysolutions.com\/esp\/wp-content\/uploads\/vlcsnap-2023-05-24-15h39m53s024-1-150x150.jpg",150,150,true],"medium":["https:\/\/engagingsafetysolutions.com\/esp\/wp-content\/uploads\/vlcsnap-2023-05-24-15h39m53s024-1-300x169.jpg",300,169,true],"medium_large":["https:\/\/engagingsafetysolutions.com\/esp\/wp-content\/uploads\/vlcsnap-2023-05-24-15h39m53s024-1-768x432.jpg",768,432,true],"large":["https:\/\/engagingsafetysolutions.com\/esp\/wp-content\/uploads\/vlcsnap-2023-05-24-15h39m53s024-1-1024x576.jpg",1024,576,true],"1536x1536":["https:\/\/engagingsafetysolutions.com\/esp\/wp-content\/uploads\/vlcsnap-2023-05-24-15h39m53s024-1-1536x864.jpg",1536,864,true],"2048x2048":["https:\/\/engagingsafetysolutions.com\/esp\/wp-content\/uploads\/vlcsnap-2023-05-24-15h39m53s024-1.jpg",1920,1080,false],"woocommerce_thumbnail":["https:\/\/engagingsafetysolutions.com\/esp\/wp-content\/uploads\/vlcsnap-2023-05-24-15h39m53s024-1-300x225.jpg",300,225,true],"woocommerce_single":["https:\/\/engagingsafetysolutions.com\/esp\/wp-content\/uploads\/vlcsnap-2023-05-24-15h39m53s024-1-640x360.jpg",640,360,true],"woocommerce_gallery_thumbnail":["https:\/\/engagingsafetysolutions.com\/esp\/wp-content\/uploads\/vlcsnap-2023-05-24-15h39m53s024-1-100x100.jpg",100,100,true],"dgwt-wcas-product-suggestion":["https:\/\/engagingsafetysolutions.com\/esp\/wp-content\/uploads\/vlcsnap-2023-05-24-15h39m53s024-1-64x36.jpg",64,36,true]},"uagb_author_info":{"display_name":"evagomez","author_link":"https:\/\/engagingsafetysolutions.com\/esp\/author\/"},"uagb_comment_info":0,"uagb_excerpt":"El programa Conducir a la Defensiva proporciona la informaci\u00f3n que los empleados necesitan para conducir autom\u00f3viles, camionetas y camiones peque\u00f1os de manera segura, tanto dentro como fuera del trabajo.","_links":{"self":[{"href":"https:\/\/engagingsafetysolutions.com\/esp\/wp-json\/wp\/v2\/product\/11595","targetHints":{"allow":["GET"]}}],"collection":[{"href":"https:\/\/engagingsafetysolutions.com\/esp\/wp-json\/wp\/v2\/product"}],"about":[{"href":"https:\/\/engagingsafetysolutions.com\/esp\/wp-json\/wp\/v2\/types\/product"}],"version-history":[{"count":3,"href":"https:\/\/engagingsafetysolutions.com\/esp\/wp-json\/wp\/v2\/product\/11595\/revisions"}],"predecessor-version":[{"id":14597,"href":"https:\/\/engagingsafetysolutions.com\/esp\/wp-json\/wp\/v2\/product\/11595\/revisions\/14597"}],"wp:featuredmedia":[{"embeddable":true,"href":"https:\/\/engagingsafetysolutions.com\/esp\/wp-json\/wp\/v2\/media\/13641"}],"wp:attachment":[{"href":"https:\/\/engagingsafetysolutions.com\/esp\/wp-json\/wp\/v2\/media?parent=11595"}],"wp:term":[{"taxonomy":"product_brand","embeddable":true,"href":"https:\/\/engagingsafetysolutions.com\/esp\/wp-json\/wp\/v2\/product_brand?post=11595"},{"taxonomy":"product_cat","embeddable":true,"href":"https:\/\/engagingsafetysolutions.com\/esp\/wp-json\/wp\/v2\/product_cat?post=11595"},{"taxonomy":"product_tag","embeddable":true,"href":"https:\/\/engagingsafetysolutions.com\/esp\/wp-json\/wp\/v2\/product_tag?post=11595"}],"curies":[{"name":"wp","href":"https:\/\/api.w.org\/{rel}","templated":true}]}}