{"id":11594,"date":"2020-05-08T00:51:53","date_gmt":"2020-05-08T00:51:53","guid":{"rendered":"https:\/\/engagingsafetysolutions.com\/esp\/product\/concienciacion-sobre-seguridad-para-empleados-nuevos\/"},"modified":"2025-08-18T16:45:54","modified_gmt":"2025-08-18T16:45:54","slug":"concienciacion-sobre-seguridad-para-empleados-nuevos","status":"publish","type":"product","link":"https:\/\/engagingsafetysolutions.com\/esp\/product\/concienciacion-sobre-seguridad-para-empleados-nuevos\/","title":{"rendered":"Concienciaci\u00f3n Sobre Seguridad para Empleados Nuevos"},"content":{"rendered":"<p>El programa de concientizaci\u00f3n sobre seguridad para nuevos empleados analiza una amplia variedad de peligros que los trabajadores pueden encontrar al realizar diferentes tipos de tareas y explica lo que deben hacer para evitarlos. Cada a\u00f1o, casi tres millones de empleados se lesionan en el trabajo o desarrollan una enfermedad relacionada con el trabajo&#8230; y unos cinco mil m\u00e1s pierden la vida. Para evitar los peligros en el lugar de trabajo, los empleados deben pensar en &#8220;la seguridad primero&#8221; su primer d\u00eda de trabajo y todos los d\u00edas posteriores. El programa incluye informaci\u00f3n sobre resbalones, tropiezos y ca\u00eddas, ergonom\u00eda industrial, uso seguro de herramientas y maquinaria manuales y el\u00e9ctricas, seguridad de montacargas, seguridad el\u00e9ctrica y bloqueo\/etiquetado, comunicaci\u00f3n de peligros y equipo de protecci\u00f3n personal, prevenci\u00f3n de incendios y respuesta a emergencias, emergencias de salud, primeros auxilios y pat\u00f3genos transmitidos por la sangre, y m\u00e1s.<\/p>\n","protected":false},"excerpt":{"rendered":"<p>El programa de concientizaci\u00f3n sobre seguridad para nuevos empleados analiza una amplia variedad de peligros que los trabajadores pueden encontrar al realizar diferentes tipos de tareas y explica lo que deben hacer para evitarlos.<\/p>\n","protected":false},"featured_media":12700,"template":"","meta":{"_uag_custom_page_level_css":""},"product_brand":[],"product_cat":[68,51,32,52],"product_tag":[],"class_list":{"0":"post-11594","1":"product","2":"type-product","3":"status-publish","4":"has-post-thumbnail","6":"product_cat-dvd-2","7":"product_cat-elearning","8":"product_cat-usb","9":"product_cat-videos-en-demanda","11":"first","12":"instock","13":"sold-individually","14":"taxable","15":"shipping-taxable","16":"purchasable","17":"product-type-variable","18":"has-default-attributes"},"aioseo_notices":[],"uagb_featured_image_src":{"full":["https:\/\/engagingsafetysolutions.com\/esp\/wp-content\/uploads\/smk_250_action_photo-150x150-1.jpg",150,150,false],"thumbnail":["https:\/\/engagingsafetysolutions.com\/esp\/wp-content\/uploads\/smk_250_action_photo-150x150-1-150x150.jpg",150,150,true],"medium":["https:\/\/engagingsafetysolutions.com\/esp\/wp-content\/uploads\/smk_250_action_photo-150x150-1.jpg",150,150,false],"medium_large":["https:\/\/engagingsafetysolutions.com\/esp\/wp-content\/uploads\/smk_250_action_photo-150x150-1.jpg",150,150,false],"large":["https:\/\/engagingsafetysolutions.com\/esp\/wp-content\/uploads\/smk_250_action_photo-150x150-1.jpg",150,150,false],"1536x1536":["https:\/\/engagingsafetysolutions.com\/esp\/wp-content\/uploads\/smk_250_action_photo-150x150-1.jpg",150,150,false],"2048x2048":["https:\/\/engagingsafetysolutions.com\/esp\/wp-content\/uploads\/smk_250_action_photo-150x150-1.jpg",150,150,false],"woocommerce_thumbnail":["https:\/\/engagingsafetysolutions.com\/esp\/wp-content\/uploads\/smk_250_action_photo-150x150-1.jpg",150,150,false],"woocommerce_single":["https:\/\/engagingsafetysolutions.com\/esp\/wp-content\/uploads\/smk_250_action_photo-150x150-1.jpg",150,150,false],"woocommerce_gallery_thumbnail":["https:\/\/engagingsafetysolutions.com\/esp\/wp-content\/uploads\/smk_250_action_photo-150x150-1-100x100.jpg",100,100,true],"dgwt-wcas-product-suggestion":["https:\/\/engagingsafetysolutions.com\/esp\/wp-content\/uploads\/smk_250_action_photo-150x150-1-64x64.jpg",64,64,true]},"uagb_author_info":{"display_name":"evagomez","author_link":"https:\/\/engagingsafetysolutions.com\/esp\/author\/"},"uagb_comment_info":0,"uagb_excerpt":"El programa de concientizaci\u00f3n sobre seguridad para nuevos empleados analiza una amplia variedad de peligros que los trabajadores pueden encontrar al realizar diferentes tipos de tareas y explica lo que deben hacer para evitarlos.","_links":{"self":[{"href":"https:\/\/engagingsafetysolutions.com\/esp\/wp-json\/wp\/v2\/product\/11594","targetHints":{"allow":["GET"]}}],"collection":[{"href":"https:\/\/engagingsafetysolutions.com\/esp\/wp-json\/wp\/v2\/product"}],"about":[{"href":"https:\/\/engagingsafetysolutions.com\/esp\/wp-json\/wp\/v2\/types\/product"}],"version-history":[{"count":4,"href":"https:\/\/engagingsafetysolutions.com\/esp\/wp-json\/wp\/v2\/product\/11594\/revisions"}],"predecessor-version":[{"id":12746,"href":"https:\/\/engagingsafetysolutions.com\/esp\/wp-json\/wp\/v2\/product\/11594\/revisions\/12746"}],"wp:featuredmedia":[{"embeddable":true,"href":"https:\/\/engagingsafetysolutions.com\/esp\/wp-json\/wp\/v2\/media\/12700"}],"wp:attachment":[{"href":"https:\/\/engagingsafetysolutions.com\/esp\/wp-json\/wp\/v2\/media?parent=11594"}],"wp:term":[{"taxonomy":"product_brand","embeddable":true,"href":"https:\/\/engagingsafetysolutions.com\/esp\/wp-json\/wp\/v2\/product_brand?post=11594"},{"taxonomy":"product_cat","embeddable":true,"href":"https:\/\/engagingsafetysolutions.com\/esp\/wp-json\/wp\/v2\/product_cat?post=11594"},{"taxonomy":"product_tag","embeddable":true,"href":"https:\/\/engagingsafetysolutions.com\/esp\/wp-json\/wp\/v2\/product_tag?post=11594"}],"curies":[{"name":"wp","href":"https:\/\/api.w.org\/{rel}","templated":true}]}}