{"id":11593,"date":"2020-05-08T00:51:52","date_gmt":"2020-05-08T00:51:52","guid":{"rendered":"https:\/\/engagingsafetysolutions.com\/esp\/product\/concienciacion-sobre-seguridad-de-materiales-peligrosos-del-dot\/"},"modified":"2025-08-18T16:45:48","modified_gmt":"2025-08-18T16:45:48","slug":"concienciacion-sobre-seguridad-de-materiales-peligrosos-del-dot","status":"publish","type":"product","link":"https:\/\/engagingsafetysolutions.com\/esp\/product\/concienciacion-sobre-seguridad-de-materiales-peligrosos-del-dot\/","title":{"rendered":"Concienciaci\u00f3n sobre Seguridad de Materiales Peligrosos del DOT"},"content":{"rendered":"<p>El programa de concientizaci\u00f3n sobre seguridad de HAZMAT del DOT analiza lo que los empleados pueden hacer para ayudar a prevenir el robo, el secuestro y el sabotaje de HAZMAT por parte de terroristas. En las manos equivocadas, los materiales peligrosos pueden usarse como armas contra nosotros. Por lo tanto, el Departamento de Transporte de EE. UU. (DOT) estableci\u00f3 Regulaciones de Materiales Peligrosos para garantizar que los m\u00e1s de un mill\u00f3n de env\u00edos de materiales peligrosos que se realizan todos los d\u00edas en este pa\u00eds se transporten de manera segura. El programa incluye informaci\u00f3n sobre la necesidad de capacitaci\u00f3n en seguridad de materiales peligrosos, comprensi\u00f3n interna, amenazas internas, seguridad de materiales peligrosos y la instalaci\u00f3n, preparaci\u00f3n para enviar materiales peligrosos, protecci\u00f3n de env\u00edos de materiales peligrosos, descarga de env\u00edos de materiales peligrosos y m\u00e1s.<\/p>\n","protected":false},"excerpt":{"rendered":"<p>El programa de concientizaci\u00f3n sobre seguridad DOT HAZMAT analiza lo que los empleados pueden hacer para ayudar a prevenir el robo, el secuestro y el sabotaje de HAZMAT por parte de terroristas. <\/p>\n","protected":false},"featured_media":12553,"template":"","meta":{"_uag_custom_page_level_css":""},"product_brand":[],"product_cat":[68,51,32,52],"product_tag":[],"class_list":{"0":"post-11593","1":"product","2":"type-product","3":"status-publish","4":"has-post-thumbnail","6":"product_cat-dvd-2","7":"product_cat-elearning","8":"product_cat-usb","9":"product_cat-videos-en-demanda","11":"first","12":"instock","13":"sold-individually","14":"taxable","15":"shipping-taxable","16":"purchasable","17":"product-type-variable","18":"has-default-attributes"},"aioseo_notices":[],"uagb_featured_image_src":{"full":["https:\/\/engagingsafetysolutions.com\/esp\/wp-content\/uploads\/rck_319_action_photo.jpg",1920,1080,false],"thumbnail":["https:\/\/engagingsafetysolutions.com\/esp\/wp-content\/uploads\/rck_319_action_photo-150x150.jpg",150,150,true],"medium":["https:\/\/engagingsafetysolutions.com\/esp\/wp-content\/uploads\/rck_319_action_photo-300x169.jpg",300,169,true],"medium_large":["https:\/\/engagingsafetysolutions.com\/esp\/wp-content\/uploads\/rck_319_action_photo-768x432.jpg",768,432,true],"large":["https:\/\/engagingsafetysolutions.com\/esp\/wp-content\/uploads\/rck_319_action_photo-1024x576.jpg",1024,576,true],"1536x1536":["https:\/\/engagingsafetysolutions.com\/esp\/wp-content\/uploads\/rck_319_action_photo-1536x864.jpg",1536,864,true],"2048x2048":["https:\/\/engagingsafetysolutions.com\/esp\/wp-content\/uploads\/rck_319_action_photo.jpg",1920,1080,false],"woocommerce_thumbnail":["https:\/\/engagingsafetysolutions.com\/esp\/wp-content\/uploads\/rck_319_action_photo-300x225.jpg",300,225,true],"woocommerce_single":["https:\/\/engagingsafetysolutions.com\/esp\/wp-content\/uploads\/rck_319_action_photo-640x360.jpg",640,360,true],"woocommerce_gallery_thumbnail":["https:\/\/engagingsafetysolutions.com\/esp\/wp-content\/uploads\/rck_319_action_photo-100x100.jpg",100,100,true],"dgwt-wcas-product-suggestion":["https:\/\/engagingsafetysolutions.com\/esp\/wp-content\/uploads\/rck_319_action_photo-64x36.jpg",64,36,true]},"uagb_author_info":{"display_name":"evagomez","author_link":"https:\/\/engagingsafetysolutions.com\/esp\/author\/"},"uagb_comment_info":0,"uagb_excerpt":"El programa de concientizaci\u00f3n sobre seguridad DOT HAZMAT analiza lo que los empleados pueden hacer para ayudar a prevenir el robo, el secuestro y el sabotaje de HAZMAT por parte de terroristas.","_links":{"self":[{"href":"https:\/\/engagingsafetysolutions.com\/esp\/wp-json\/wp\/v2\/product\/11593","targetHints":{"allow":["GET"]}}],"collection":[{"href":"https:\/\/engagingsafetysolutions.com\/esp\/wp-json\/wp\/v2\/product"}],"about":[{"href":"https:\/\/engagingsafetysolutions.com\/esp\/wp-json\/wp\/v2\/types\/product"}],"version-history":[{"count":3,"href":"https:\/\/engagingsafetysolutions.com\/esp\/wp-json\/wp\/v2\/product\/11593\/revisions"}],"predecessor-version":[{"id":14595,"href":"https:\/\/engagingsafetysolutions.com\/esp\/wp-json\/wp\/v2\/product\/11593\/revisions\/14595"}],"wp:featuredmedia":[{"embeddable":true,"href":"https:\/\/engagingsafetysolutions.com\/esp\/wp-json\/wp\/v2\/media\/12553"}],"wp:attachment":[{"href":"https:\/\/engagingsafetysolutions.com\/esp\/wp-json\/wp\/v2\/media?parent=11593"}],"wp:term":[{"taxonomy":"product_brand","embeddable":true,"href":"https:\/\/engagingsafetysolutions.com\/esp\/wp-json\/wp\/v2\/product_brand?post=11593"},{"taxonomy":"product_cat","embeddable":true,"href":"https:\/\/engagingsafetysolutions.com\/esp\/wp-json\/wp\/v2\/product_cat?post=11593"},{"taxonomy":"product_tag","embeddable":true,"href":"https:\/\/engagingsafetysolutions.com\/esp\/wp-json\/wp\/v2\/product_tag?post=11593"}],"curies":[{"name":"wp","href":"https:\/\/api.w.org\/{rel}","templated":true}]}}