{"id":11592,"date":"2020-05-08T00:51:45","date_gmt":"2020-05-08T00:51:45","guid":{"rendered":"https:\/\/engagingsafetysolutions.com\/esp\/product\/concienciacion-sobre-el-asbesto\/"},"modified":"2025-08-18T16:43:18","modified_gmt":"2025-08-18T16:43:18","slug":"concienciacion-sobre-el-asbesto","status":"publish","type":"product","link":"https:\/\/engagingsafetysolutions.com\/esp\/product\/concienciacion-sobre-el-asbesto\/","title":{"rendered":"Concienciaci\u00f3n Sobre el Asbesto"},"content":{"rendered":"<p>El Programa de Concientizaci\u00f3n sobre el Asbesto proporciona a los empleados esta importante informaci\u00f3n y tambi\u00e9n ayuda a los empleadores a cumplir con los requisitos de capacitaci\u00f3n de la Norma de Asbesto de OSHA. Antes de que se comprendieran completamente los efectos negativos para la salud del asbesto, esta sustancia peligrosa se usaba en miles de productos y materiales de construcci\u00f3n. Y los materiales que contienen asbesto se pueden encontrar en muchos edificios incluso hoy en d\u00eda. Los empleados, como el personal de limpieza, ingenier\u00eda y mantenimiento, deben comprender los riesgos para la salud asociados con el asbesto, poder reconocer los peligros del asbesto en su lugar de trabajo y saber qu\u00e9 hacer para protegerse a s\u00ed mismos y a los dem\u00e1s de la exposici\u00f3n al asbesto. El programa incluye informaci\u00f3n sobre el asbesto &#8230; milagro y amenaza, los efectos del asbesto en la salud, el aislamiento del sistema t\u00e9rmico, los materiales de superficie, las baldosas del piso y el techo, el equipo de protecci\u00f3n y las pr\u00e1cticas de trabajo seguras, la descontaminaci\u00f3n y la vigilancia m\u00e9dica, y m\u00e1s.<\/p>\n","protected":false},"excerpt":{"rendered":"<p>El Programa de Concientizaci\u00f3n sobre el Asbesto proporciona a los empleados esta importante informaci\u00f3n y tambi\u00e9n ayuda a los empleadores a cumplir con los requisitos de capacitaci\u00f3n de la Norma de Asbesto de OSHA.<\/p>\n","protected":false},"featured_media":12541,"template":"","meta":{"_uag_custom_page_level_css":""},"product_brand":[],"product_cat":[68,51,32,52],"product_tag":[],"class_list":{"0":"post-11592","1":"product","2":"type-product","3":"status-publish","4":"has-post-thumbnail","6":"product_cat-dvd-2","7":"product_cat-elearning","8":"product_cat-usb","9":"product_cat-videos-en-demanda","11":"first","12":"instock","13":"sold-individually","14":"taxable","15":"shipping-taxable","16":"purchasable","17":"product-type-variable","18":"has-default-attributes"},"aioseo_notices":[],"uagb_featured_image_src":{"full":["https:\/\/engagingsafetysolutions.com\/esp\/wp-content\/uploads\/rck_265_action_photo.jpg",1920,1080,false],"thumbnail":["https:\/\/engagingsafetysolutions.com\/esp\/wp-content\/uploads\/rck_265_action_photo-150x150.jpg",150,150,true],"medium":["https:\/\/engagingsafetysolutions.com\/esp\/wp-content\/uploads\/rck_265_action_photo-300x169.jpg",300,169,true],"medium_large":["https:\/\/engagingsafetysolutions.com\/esp\/wp-content\/uploads\/rck_265_action_photo-768x432.jpg",768,432,true],"large":["https:\/\/engagingsafetysolutions.com\/esp\/wp-content\/uploads\/rck_265_action_photo-1024x576.jpg",1024,576,true],"1536x1536":["https:\/\/engagingsafetysolutions.com\/esp\/wp-content\/uploads\/rck_265_action_photo-1536x864.jpg",1536,864,true],"2048x2048":["https:\/\/engagingsafetysolutions.com\/esp\/wp-content\/uploads\/rck_265_action_photo.jpg",1920,1080,false],"woocommerce_thumbnail":["https:\/\/engagingsafetysolutions.com\/esp\/wp-content\/uploads\/rck_265_action_photo-300x225.jpg",300,225,true],"woocommerce_single":["https:\/\/engagingsafetysolutions.com\/esp\/wp-content\/uploads\/rck_265_action_photo-640x360.jpg",640,360,true],"woocommerce_gallery_thumbnail":["https:\/\/engagingsafetysolutions.com\/esp\/wp-content\/uploads\/rck_265_action_photo-100x100.jpg",100,100,true],"dgwt-wcas-product-suggestion":["https:\/\/engagingsafetysolutions.com\/esp\/wp-content\/uploads\/rck_265_action_photo-64x36.jpg",64,36,true]},"uagb_author_info":{"display_name":"evagomez","author_link":"https:\/\/engagingsafetysolutions.com\/esp\/author\/"},"uagb_comment_info":0,"uagb_excerpt":"El Programa de Concientizaci\u00f3n sobre el Asbesto proporciona a los empleados esta importante informaci\u00f3n y tambi\u00e9n ayuda a los empleadores a cumplir con los requisitos de capacitaci\u00f3n de la Norma de Asbesto de OSHA.","_links":{"self":[{"href":"https:\/\/engagingsafetysolutions.com\/esp\/wp-json\/wp\/v2\/product\/11592","targetHints":{"allow":["GET"]}}],"collection":[{"href":"https:\/\/engagingsafetysolutions.com\/esp\/wp-json\/wp\/v2\/product"}],"about":[{"href":"https:\/\/engagingsafetysolutions.com\/esp\/wp-json\/wp\/v2\/types\/product"}],"version-history":[{"count":4,"href":"https:\/\/engagingsafetysolutions.com\/esp\/wp-json\/wp\/v2\/product\/11592\/revisions"}],"predecessor-version":[{"id":14016,"href":"https:\/\/engagingsafetysolutions.com\/esp\/wp-json\/wp\/v2\/product\/11592\/revisions\/14016"}],"wp:featuredmedia":[{"embeddable":true,"href":"https:\/\/engagingsafetysolutions.com\/esp\/wp-json\/wp\/v2\/media\/12541"}],"wp:attachment":[{"href":"https:\/\/engagingsafetysolutions.com\/esp\/wp-json\/wp\/v2\/media?parent=11592"}],"wp:term":[{"taxonomy":"product_brand","embeddable":true,"href":"https:\/\/engagingsafetysolutions.com\/esp\/wp-json\/wp\/v2\/product_brand?post=11592"},{"taxonomy":"product_cat","embeddable":true,"href":"https:\/\/engagingsafetysolutions.com\/esp\/wp-json\/wp\/v2\/product_cat?post=11592"},{"taxonomy":"product_tag","embeddable":true,"href":"https:\/\/engagingsafetysolutions.com\/esp\/wp-json\/wp\/v2\/product_tag?post=11592"}],"curies":[{"name":"wp","href":"https:\/\/api.w.org\/{rel}","templated":true}]}}