{"id":11591,"date":"2020-05-08T00:51:44","date_gmt":"2020-05-08T00:51:44","guid":{"rendered":"https:\/\/engagingsafetysolutions.com\/esp\/product\/concienciacion-general-sobre-materiales-peligrosos-del-dot\/"},"modified":"2025-08-18T16:45:48","modified_gmt":"2025-08-18T16:45:48","slug":"concienciacion-general-sobre-materiales-peligrosos-del-dot","status":"publish","type":"product","link":"https:\/\/engagingsafetysolutions.com\/esp\/product\/concienciacion-general-sobre-materiales-peligrosos-del-dot\/","title":{"rendered":"Concienciaci\u00f3n General sobre Materiales Peligrosos del DOT"},"content":{"rendered":"<p>El programa de concientizaci\u00f3n general sobre materiales peligrosos del DOT analiza las regulaciones y c\u00f3mo afectan cada etapa del proceso de transporte, as\u00ed como lo que los empleados pueden hacer para ayudar a prevenir que ocurran incidentes de materiales peligrosos. El Departamento de Transporte de EE. UU. (DOT) ha establecido Regulaciones de Materiales Peligrosos para garantizar el manejo seguro de los m\u00e1s de un mill\u00f3n de env\u00edos de materiales peligrosos que se realizan todos los d\u00edas en este pa\u00eds. El programa incluye informaci\u00f3n sobre las regulaciones de materiales peligrosos, los requisitos de capacitaci\u00f3n, los materiales peligrosos en el lugar de trabajo, los documentos de env\u00edo y la Gu\u00eda de respuesta a emergencias, el embalaje y la carga de materiales peligrosos, el env\u00edo y la descarga de materiales peligrosos y m\u00e1s.<\/p>\n","protected":false},"excerpt":{"rendered":"<p>El programa de concientizaci\u00f3n general DOT HAZMAT analiza las regulaciones y c\u00f3mo afectan cada etapa del proceso de transporte, as\u00ed como lo que los empleados pueden hacer para ayudar a prevenir que ocurran incidentes de HAZMAT. <\/p>\n","protected":false},"featured_media":12551,"template":"","meta":{"_uag_custom_page_level_css":""},"product_brand":[],"product_cat":[68,51,32,52],"product_tag":[],"class_list":{"0":"post-11591","1":"product","2":"type-product","3":"status-publish","4":"has-post-thumbnail","6":"product_cat-dvd-2","7":"product_cat-elearning","8":"product_cat-usb","9":"product_cat-videos-en-demanda","11":"first","12":"instock","13":"sold-individually","14":"taxable","15":"shipping-taxable","16":"purchasable","17":"product-type-variable","18":"has-default-attributes"},"aioseo_notices":[],"uagb_featured_image_src":{"full":["https:\/\/engagingsafetysolutions.com\/esp\/wp-content\/uploads\/rck_317_action_photo.jpg",1920,1080,false],"thumbnail":["https:\/\/engagingsafetysolutions.com\/esp\/wp-content\/uploads\/rck_317_action_photo-150x150.jpg",150,150,true],"medium":["https:\/\/engagingsafetysolutions.com\/esp\/wp-content\/uploads\/rck_317_action_photo-300x169.jpg",300,169,true],"medium_large":["https:\/\/engagingsafetysolutions.com\/esp\/wp-content\/uploads\/rck_317_action_photo-768x432.jpg",768,432,true],"large":["https:\/\/engagingsafetysolutions.com\/esp\/wp-content\/uploads\/rck_317_action_photo-1024x576.jpg",1024,576,true],"1536x1536":["https:\/\/engagingsafetysolutions.com\/esp\/wp-content\/uploads\/rck_317_action_photo-1536x864.jpg",1536,864,true],"2048x2048":["https:\/\/engagingsafetysolutions.com\/esp\/wp-content\/uploads\/rck_317_action_photo.jpg",1920,1080,false],"woocommerce_thumbnail":["https:\/\/engagingsafetysolutions.com\/esp\/wp-content\/uploads\/rck_317_action_photo-300x225.jpg",300,225,true],"woocommerce_single":["https:\/\/engagingsafetysolutions.com\/esp\/wp-content\/uploads\/rck_317_action_photo-640x360.jpg",640,360,true],"woocommerce_gallery_thumbnail":["https:\/\/engagingsafetysolutions.com\/esp\/wp-content\/uploads\/rck_317_action_photo-100x100.jpg",100,100,true],"dgwt-wcas-product-suggestion":["https:\/\/engagingsafetysolutions.com\/esp\/wp-content\/uploads\/rck_317_action_photo-64x36.jpg",64,36,true]},"uagb_author_info":{"display_name":"evagomez","author_link":"https:\/\/engagingsafetysolutions.com\/esp\/author\/"},"uagb_comment_info":0,"uagb_excerpt":"El programa de concientizaci\u00f3n general DOT HAZMAT analiza las regulaciones y c\u00f3mo afectan cada etapa del proceso de transporte, as\u00ed como lo que los empleados pueden hacer para ayudar a prevenir que ocurran incidentes de HAZMAT.","_links":{"self":[{"href":"https:\/\/engagingsafetysolutions.com\/esp\/wp-json\/wp\/v2\/product\/11591","targetHints":{"allow":["GET"]}}],"collection":[{"href":"https:\/\/engagingsafetysolutions.com\/esp\/wp-json\/wp\/v2\/product"}],"about":[{"href":"https:\/\/engagingsafetysolutions.com\/esp\/wp-json\/wp\/v2\/types\/product"}],"version-history":[{"count":4,"href":"https:\/\/engagingsafetysolutions.com\/esp\/wp-json\/wp\/v2\/product\/11591\/revisions"}],"predecessor-version":[{"id":14593,"href":"https:\/\/engagingsafetysolutions.com\/esp\/wp-json\/wp\/v2\/product\/11591\/revisions\/14593"}],"wp:featuredmedia":[{"embeddable":true,"href":"https:\/\/engagingsafetysolutions.com\/esp\/wp-json\/wp\/v2\/media\/12551"}],"wp:attachment":[{"href":"https:\/\/engagingsafetysolutions.com\/esp\/wp-json\/wp\/v2\/media?parent=11591"}],"wp:term":[{"taxonomy":"product_brand","embeddable":true,"href":"https:\/\/engagingsafetysolutions.com\/esp\/wp-json\/wp\/v2\/product_brand?post=11591"},{"taxonomy":"product_cat","embeddable":true,"href":"https:\/\/engagingsafetysolutions.com\/esp\/wp-json\/wp\/v2\/product_cat?post=11591"},{"taxonomy":"product_tag","embeddable":true,"href":"https:\/\/engagingsafetysolutions.com\/esp\/wp-json\/wp\/v2\/product_tag?post=11591"}],"curies":[{"name":"wp","href":"https:\/\/api.w.org\/{rel}","templated":true}]}}