{"id":11589,"date":"2020-05-08T00:51:42","date_gmt":"2020-05-08T00:51:42","guid":{"rendered":"https:\/\/engagingsafetysolutions.com\/esp\/product\/comunicacion-de-peligros-en-plantas-industriales\/"},"modified":"2025-08-18T16:45:47","modified_gmt":"2025-08-18T16:45:47","slug":"comunicacion-de-peligros-en-plantas-industriales","status":"publish","type":"product","link":"https:\/\/engagingsafetysolutions.com\/esp\/product\/comunicacion-de-peligros-en-plantas-industriales\/","title":{"rendered":"Comunicaci\u00f3n de Peligros en Ambientes Industriales"},"content":{"rendered":"<p>El programa de comunicaci\u00f3n de peligros en entornos industriales analiza los requisitos del est\u00e1ndar HAZCOM, los peligros que se pueden asociar con los diferentes tipos de materiales peligrosos y lo que los empleados pueden hacer para evitar estos peligros. Los materiales peligrosos se utilizan en muchos procesos industriales y de fabricaci\u00f3n. La Norma de Comunicaci\u00f3n de Peligros (&#8220;HAZCOM&#8221;) de OSHA otorga a los empleados el &#8220;derecho a saber&#8221; sobre cualquier material potencialmente peligroso que se pueda encontrar en su lugar de trabajo y c\u00f3mo manejarlo de manera segura. El programa incluye informaci\u00f3n sobre fuentes de informaci\u00f3n sobre materiales peligrosos, exposici\u00f3n a materiales peligrosos, diferentes tipos de materiales peligrosos, EPP y almacenamiento seguro, respuesta a un derrame de materiales peligrosos y m\u00e1s.<\/p>\n","protected":false},"excerpt":{"rendered":"<p>El programa de comunicaci\u00f3n de peligros en entornos industriales analiza los requisitos del est\u00e1ndar HAZCOM, los peligros que se pueden asociar con los diferentes tipos de materiales peligrosos y lo que los empleados pueden hacer para evitar estos peligros. <\/p>\n","protected":false},"featured_media":12526,"template":"","meta":{"_uag_custom_page_level_css":""},"product_brand":[],"product_cat":[68,51,32,52],"product_tag":[],"class_list":{"0":"post-11589","1":"product","2":"type-product","3":"status-publish","4":"has-post-thumbnail","6":"product_cat-dvd-2","7":"product_cat-elearning","8":"product_cat-usb","9":"product_cat-videos-en-demanda","11":"first","12":"instock","13":"sold-individually","14":"taxable","15":"shipping-taxable","16":"purchasable","17":"product-type-variable","18":"has-default-attributes"},"aioseo_notices":[],"uagb_featured_image_src":{"full":["https:\/\/engagingsafetysolutions.com\/esp\/wp-content\/uploads\/rck_165_action_photo.jpg",720,486,false],"thumbnail":["https:\/\/engagingsafetysolutions.com\/esp\/wp-content\/uploads\/rck_165_action_photo-150x150.jpg",150,150,true],"medium":["https:\/\/engagingsafetysolutions.com\/esp\/wp-content\/uploads\/rck_165_action_photo-300x203.jpg",300,203,true],"medium_large":["https:\/\/engagingsafetysolutions.com\/esp\/wp-content\/uploads\/rck_165_action_photo.jpg",720,486,false],"large":["https:\/\/engagingsafetysolutions.com\/esp\/wp-content\/uploads\/rck_165_action_photo.jpg",720,486,false],"1536x1536":["https:\/\/engagingsafetysolutions.com\/esp\/wp-content\/uploads\/rck_165_action_photo.jpg",720,486,false],"2048x2048":["https:\/\/engagingsafetysolutions.com\/esp\/wp-content\/uploads\/rck_165_action_photo.jpg",720,486,false],"woocommerce_thumbnail":["https:\/\/engagingsafetysolutions.com\/esp\/wp-content\/uploads\/rck_165_action_photo-300x225.jpg",300,225,true],"woocommerce_single":["https:\/\/engagingsafetysolutions.com\/esp\/wp-content\/uploads\/rck_165_action_photo-640x432.jpg",640,432,true],"woocommerce_gallery_thumbnail":["https:\/\/engagingsafetysolutions.com\/esp\/wp-content\/uploads\/rck_165_action_photo-100x100.jpg",100,100,true],"dgwt-wcas-product-suggestion":["https:\/\/engagingsafetysolutions.com\/esp\/wp-content\/uploads\/rck_165_action_photo-64x43.jpg",64,43,true]},"uagb_author_info":{"display_name":"evagomez","author_link":"https:\/\/engagingsafetysolutions.com\/esp\/author\/"},"uagb_comment_info":0,"uagb_excerpt":"El programa de comunicaci\u00f3n de peligros en entornos industriales analiza los requisitos del est\u00e1ndar HAZCOM, los peligros que se pueden asociar con los diferentes tipos de materiales peligrosos y lo que los empleados pueden hacer para evitar estos peligros.","_links":{"self":[{"href":"https:\/\/engagingsafetysolutions.com\/esp\/wp-json\/wp\/v2\/product\/11589","targetHints":{"allow":["GET"]}}],"collection":[{"href":"https:\/\/engagingsafetysolutions.com\/esp\/wp-json\/wp\/v2\/product"}],"about":[{"href":"https:\/\/engagingsafetysolutions.com\/esp\/wp-json\/wp\/v2\/types\/product"}],"version-history":[{"count":5,"href":"https:\/\/engagingsafetysolutions.com\/esp\/wp-json\/wp\/v2\/product\/11589\/revisions"}],"predecessor-version":[{"id":14591,"href":"https:\/\/engagingsafetysolutions.com\/esp\/wp-json\/wp\/v2\/product\/11589\/revisions\/14591"}],"wp:featuredmedia":[{"embeddable":true,"href":"https:\/\/engagingsafetysolutions.com\/esp\/wp-json\/wp\/v2\/media\/12526"}],"wp:attachment":[{"href":"https:\/\/engagingsafetysolutions.com\/esp\/wp-json\/wp\/v2\/media?parent=11589"}],"wp:term":[{"taxonomy":"product_brand","embeddable":true,"href":"https:\/\/engagingsafetysolutions.com\/esp\/wp-json\/wp\/v2\/product_brand?post=11589"},{"taxonomy":"product_cat","embeddable":true,"href":"https:\/\/engagingsafetysolutions.com\/esp\/wp-json\/wp\/v2\/product_cat?post=11589"},{"taxonomy":"product_tag","embeddable":true,"href":"https:\/\/engagingsafetysolutions.com\/esp\/wp-json\/wp\/v2\/product_tag?post=11589"}],"curies":[{"name":"wp","href":"https:\/\/api.w.org\/{rel}","templated":true}]}}