{"id":11586,"date":"2020-05-08T00:51:39","date_gmt":"2020-05-08T00:51:39","guid":{"rendered":"https:\/\/engagingsafetysolutions.com\/esp\/product\/comunicacion-de-peligros-en-instalaciones-de-atencion-de-salud\/"},"modified":"2025-08-18T16:45:47","modified_gmt":"2025-08-18T16:45:47","slug":"comunicacion-de-peligros-en-instalaciones-de-atencion-de-salud","status":"publish","type":"product","link":"https:\/\/engagingsafetysolutions.com\/esp\/product\/comunicacion-de-peligros-en-instalaciones-de-atencion-de-salud\/","title":{"rendered":"Comunicaci\u00f3n de Peligros en Ambientes de Atenci\u00f3n M\u00e9dica"},"content":{"rendered":"<p>El programa de comunicaci\u00f3n de peligros en entornos de atenci\u00f3n m\u00e9dica analiza los requisitos del est\u00e1ndar HAZCOM, los peligros que se pueden asociar con los diferentes tipos de materiales peligrosos y lo que los empleados pueden hacer para evitar estos peligros. Los materiales peligrosos se utilizan de muchas maneras en la industria de la salud. La Norma de Comunicaci\u00f3n de Peligros (&#8220;HAZCOM&#8221;) de OSHA otorga a los empleados el &#8220;derecho a saber&#8221; sobre cualquier material potencialmente peligroso que se pueda encontrar en su lugar de trabajo y c\u00f3mo manejarlo de manera segura. El programa incluye informaci\u00f3n sobre fuentes de informaci\u00f3n sobre materiales peligrosos, exposici\u00f3n a materiales peligrosos, diferentes tipos de materiales peligrosos, EPP y almacenamiento seguro, respuesta a un derrame de materiales peligrosos y m\u00e1s.<\/p>\n","protected":false},"excerpt":{"rendered":"<p>El programa Comunicaci\u00f3n de peligros en entornos de atenci\u00f3n m\u00e9dica analiza los requisitos del est\u00e1ndar HAZCOM, los peligros que se pueden asociar con diferentes tipos de materiales peligrosos y lo que los empleados pueden hacer para evitar estos peligros. El programa viene con una gu\u00eda completa para l\u00edderes, un formulario de programaci\u00f3n y asistencia reproducible, un cuestionario para empleados, un certificado de capacitaci\u00f3n y un registro de capacitaci\u00f3n<\/p>\n","protected":false},"featured_media":13995,"template":"","meta":{"_uag_custom_page_level_css":""},"product_brand":[],"product_cat":[68,51,32,52],"product_tag":[],"class_list":{"0":"post-11586","1":"product","2":"type-product","3":"status-publish","4":"has-post-thumbnail","6":"product_cat-dvd-2","7":"product_cat-elearning","8":"product_cat-usb","9":"product_cat-videos-en-demanda","11":"first","12":"instock","13":"sold-individually","14":"taxable","15":"shipping-taxable","16":"purchasable","17":"product-type-variable","18":"has-default-attributes"},"aioseo_notices":[],"uagb_featured_image_src":{"full":["https:\/\/engagingsafetysolutions.com\/esp\/wp-content\/uploads\/vlcsnap-2025-06-19-10h22m44s335.jpg",1920,1080,false],"thumbnail":["https:\/\/engagingsafetysolutions.com\/esp\/wp-content\/uploads\/vlcsnap-2025-06-19-10h22m44s335-150x150.jpg",150,150,true],"medium":["https:\/\/engagingsafetysolutions.com\/esp\/wp-content\/uploads\/vlcsnap-2025-06-19-10h22m44s335-300x169.jpg",300,169,true],"medium_large":["https:\/\/engagingsafetysolutions.com\/esp\/wp-content\/uploads\/vlcsnap-2025-06-19-10h22m44s335-768x432.jpg",768,432,true],"large":["https:\/\/engagingsafetysolutions.com\/esp\/wp-content\/uploads\/vlcsnap-2025-06-19-10h22m44s335-1024x576.jpg",1024,576,true],"1536x1536":["https:\/\/engagingsafetysolutions.com\/esp\/wp-content\/uploads\/vlcsnap-2025-06-19-10h22m44s335-1536x864.jpg",1536,864,true],"2048x2048":["https:\/\/engagingsafetysolutions.com\/esp\/wp-content\/uploads\/vlcsnap-2025-06-19-10h22m44s335.jpg",1920,1080,false],"woocommerce_thumbnail":["https:\/\/engagingsafetysolutions.com\/esp\/wp-content\/uploads\/vlcsnap-2025-06-19-10h22m44s335-300x225.jpg",300,225,true],"woocommerce_single":["https:\/\/engagingsafetysolutions.com\/esp\/wp-content\/uploads\/vlcsnap-2025-06-19-10h22m44s335-640x360.jpg",640,360,true],"woocommerce_gallery_thumbnail":["https:\/\/engagingsafetysolutions.com\/esp\/wp-content\/uploads\/vlcsnap-2025-06-19-10h22m44s335-100x100.jpg",100,100,true],"dgwt-wcas-product-suggestion":["https:\/\/engagingsafetysolutions.com\/esp\/wp-content\/uploads\/vlcsnap-2025-06-19-10h22m44s335-64x36.jpg",64,36,true]},"uagb_author_info":{"display_name":"evagomez","author_link":"https:\/\/engagingsafetysolutions.com\/esp\/author\/"},"uagb_comment_info":0,"uagb_excerpt":"El programa Comunicaci\u00f3n de peligros en entornos de atenci\u00f3n m\u00e9dica analiza los requisitos del est\u00e1ndar HAZCOM, los peligros que se pueden asociar con diferentes tipos de materiales peligrosos y lo que los empleados pueden hacer para evitar estos peligros. El programa viene con una gu\u00eda completa para l\u00edderes, un formulario de programaci\u00f3n y asistencia reproducible,&hellip;","_links":{"self":[{"href":"https:\/\/engagingsafetysolutions.com\/esp\/wp-json\/wp\/v2\/product\/11586","targetHints":{"allow":["GET"]}}],"collection":[{"href":"https:\/\/engagingsafetysolutions.com\/esp\/wp-json\/wp\/v2\/product"}],"about":[{"href":"https:\/\/engagingsafetysolutions.com\/esp\/wp-json\/wp\/v2\/types\/product"}],"version-history":[{"count":5,"href":"https:\/\/engagingsafetysolutions.com\/esp\/wp-json\/wp\/v2\/product\/11586\/revisions"}],"predecessor-version":[{"id":14588,"href":"https:\/\/engagingsafetysolutions.com\/esp\/wp-json\/wp\/v2\/product\/11586\/revisions\/14588"}],"wp:featuredmedia":[{"embeddable":true,"href":"https:\/\/engagingsafetysolutions.com\/esp\/wp-json\/wp\/v2\/media\/13995"}],"wp:attachment":[{"href":"https:\/\/engagingsafetysolutions.com\/esp\/wp-json\/wp\/v2\/media?parent=11586"}],"wp:term":[{"taxonomy":"product_brand","embeddable":true,"href":"https:\/\/engagingsafetysolutions.com\/esp\/wp-json\/wp\/v2\/product_brand?post=11586"},{"taxonomy":"product_cat","embeddable":true,"href":"https:\/\/engagingsafetysolutions.com\/esp\/wp-json\/wp\/v2\/product_cat?post=11586"},{"taxonomy":"product_tag","embeddable":true,"href":"https:\/\/engagingsafetysolutions.com\/esp\/wp-json\/wp\/v2\/product_tag?post=11586"}],"curies":[{"name":"wp","href":"https:\/\/api.w.org\/{rel}","templated":true}]}}