{"id":11581,"date":"2020-05-08T00:51:34","date_gmt":"2020-05-08T00:51:34","guid":{"rendered":"https:\/\/engagingsafetysolutions.com\/esp\/product\/combatir-el-cansancio-en-el-lugar-de-trabajo\/"},"modified":"2025-08-18T16:45:47","modified_gmt":"2025-08-18T16:45:47","slug":"combatir-el-cansancio-en-el-lugar-de-trabajo","status":"publish","type":"product","link":"https:\/\/engagingsafetysolutions.com\/esp\/product\/combatir-el-cansancio-en-el-lugar-de-trabajo\/","title":{"rendered":"Combatir el Cansancio en el Lugar de Trabajo"},"content":{"rendered":"<p>El programa Combatiendo La Fatiga en el Lugar de Trabajo analiza las causas de la fatiga, los peligros que crea y lo que los empleados pueden hacer para evitarla. Las personas cansadas cometen errores. Es por eso que la fatiga en el lugar de trabajo puede aumentar significativamente la probabilidad de que los empleados resulten heridos, incluso muertos, en el trabajo. Tambi\u00e9n reduce la productividad y aumenta los gastos. Cada a\u00f1o, la fatiga cuesta a las empresas estadounidenses m\u00e1s de $ 130 mil millones de d\u00f3lares. Pero se puede prevenir. El programa incluye qu\u00e9 es la fatiga y qu\u00e9 la causa, los peligros de la fatiga, la reducci\u00f3n de la fatiga en el lugar de trabajo, c\u00f3mo puede ayudar la higiene del sue\u00f1o, el papel de una dieta saludable y el ejercicio y m\u00e1s.<\/p>\n","protected":false},"excerpt":{"rendered":"<p>El programa Lucha contra la fatiga en el lugar de trabajo analiza las causas de la fatiga, los peligros que crea y lo que los empleados pueden hacer para evitarla. <\/p>\n","protected":false},"featured_media":12505,"template":"","meta":{"_uag_custom_page_level_css":""},"product_brand":[],"product_cat":[68,51,32,52],"product_tag":[],"class_list":{"0":"post-11581","1":"product","2":"type-product","3":"status-publish","4":"has-post-thumbnail","6":"product_cat-dvd-2","7":"product_cat-elearning","8":"product_cat-usb","9":"product_cat-videos-en-demanda","11":"first","12":"instock","13":"sold-individually","14":"taxable","15":"shipping-taxable","16":"purchasable","17":"product-type-variable","18":"has-default-attributes"},"aioseo_notices":[],"uagb_featured_image_src":{"full":["https:\/\/engagingsafetysolutions.com\/esp\/wp-content\/uploads\/smk_309_action_photo.jpg",1920,1080,false],"thumbnail":["https:\/\/engagingsafetysolutions.com\/esp\/wp-content\/uploads\/smk_309_action_photo-150x150.jpg",150,150,true],"medium":["https:\/\/engagingsafetysolutions.com\/esp\/wp-content\/uploads\/smk_309_action_photo-300x169.jpg",300,169,true],"medium_large":["https:\/\/engagingsafetysolutions.com\/esp\/wp-content\/uploads\/smk_309_action_photo-768x432.jpg",768,432,true],"large":["https:\/\/engagingsafetysolutions.com\/esp\/wp-content\/uploads\/smk_309_action_photo-1024x576.jpg",1024,576,true],"1536x1536":["https:\/\/engagingsafetysolutions.com\/esp\/wp-content\/uploads\/smk_309_action_photo-1536x864.jpg",1536,864,true],"2048x2048":["https:\/\/engagingsafetysolutions.com\/esp\/wp-content\/uploads\/smk_309_action_photo.jpg",1920,1080,false],"woocommerce_thumbnail":["https:\/\/engagingsafetysolutions.com\/esp\/wp-content\/uploads\/smk_309_action_photo-300x225.jpg",300,225,true],"woocommerce_single":["https:\/\/engagingsafetysolutions.com\/esp\/wp-content\/uploads\/smk_309_action_photo-640x360.jpg",640,360,true],"woocommerce_gallery_thumbnail":["https:\/\/engagingsafetysolutions.com\/esp\/wp-content\/uploads\/smk_309_action_photo-100x100.jpg",100,100,true],"dgwt-wcas-product-suggestion":["https:\/\/engagingsafetysolutions.com\/esp\/wp-content\/uploads\/smk_309_action_photo-64x36.jpg",64,36,true]},"uagb_author_info":{"display_name":"evagomez","author_link":"https:\/\/engagingsafetysolutions.com\/esp\/author\/"},"uagb_comment_info":0,"uagb_excerpt":"El programa Lucha contra la fatiga en el lugar de trabajo analiza las causas de la fatiga, los peligros que crea y lo que los empleados pueden hacer para evitarla.","_links":{"self":[{"href":"https:\/\/engagingsafetysolutions.com\/esp\/wp-json\/wp\/v2\/product\/11581","targetHints":{"allow":["GET"]}}],"collection":[{"href":"https:\/\/engagingsafetysolutions.com\/esp\/wp-json\/wp\/v2\/product"}],"about":[{"href":"https:\/\/engagingsafetysolutions.com\/esp\/wp-json\/wp\/v2\/types\/product"}],"version-history":[{"count":4,"href":"https:\/\/engagingsafetysolutions.com\/esp\/wp-json\/wp\/v2\/product\/11581\/revisions"}],"predecessor-version":[{"id":14585,"href":"https:\/\/engagingsafetysolutions.com\/esp\/wp-json\/wp\/v2\/product\/11581\/revisions\/14585"}],"wp:featuredmedia":[{"embeddable":true,"href":"https:\/\/engagingsafetysolutions.com\/esp\/wp-json\/wp\/v2\/media\/12505"}],"wp:attachment":[{"href":"https:\/\/engagingsafetysolutions.com\/esp\/wp-json\/wp\/v2\/media?parent=11581"}],"wp:term":[{"taxonomy":"product_brand","embeddable":true,"href":"https:\/\/engagingsafetysolutions.com\/esp\/wp-json\/wp\/v2\/product_brand?post=11581"},{"taxonomy":"product_cat","embeddable":true,"href":"https:\/\/engagingsafetysolutions.com\/esp\/wp-json\/wp\/v2\/product_cat?post=11581"},{"taxonomy":"product_tag","embeddable":true,"href":"https:\/\/engagingsafetysolutions.com\/esp\/wp-json\/wp\/v2\/product_tag?post=11581"}],"curies":[{"name":"wp","href":"https:\/\/api.w.org\/{rel}","templated":true}]}}