{"id":11580,"date":"2020-05-08T00:51:33","date_gmt":"2020-05-08T00:51:33","guid":{"rendered":"https:\/\/engagingsafetysolutions.com\/esp\/product\/cilindros-de-gas-comprimido\/"},"modified":"2025-08-18T16:43:14","modified_gmt":"2025-08-18T16:43:14","slug":"cilindros-de-gas-comprimido","status":"publish","type":"product","link":"https:\/\/engagingsafetysolutions.com\/esp\/product\/cilindros-de-gas-comprimido\/","title":{"rendered":"Cilindros de Gas Comprimido"},"content":{"rendered":"<p>El programa de cilindros de gas comprimido proporciona la informaci\u00f3n que los empleados necesitan para trabajar de manera segura con estos contenedores de almacenamiento potencialmente peligrosos y los gases dentro de ellos. En los entornos de trabajo actuales, el gas comprimido se utiliza para refrigeraci\u00f3n, soldadura, calefacci\u00f3n y muchos otros fines. Pero los gases comprimidos y los cilindros que los contienen pueden ser peligrosos. Los empleados que trabajan con ellos deben saber c\u00f3mo manejarlos de manera segura. El programa incluye los tipos de gases y sus cilindros, los peligros de los cilindros y los gases que contienen, el almacenamiento de cilindros de gas comprimido, el manejo seguro de los cilindros, la instalaci\u00f3n de cilindros de gas comprimido, la b\u00fasqueda y el tratamiento de fugas, y m\u00e1s..<\/p>\n","protected":false},"excerpt":{"rendered":"<p>El programa de cilindros de gas comprimido proporciona la informaci\u00f3n que los empleados necesitan para trabajar de manera segura con estos contenedores de almacenamiento potencialmente peligrosos y los gases dentro de ellos. El programa viene con una gu\u00eda completa para l\u00edderes, un formulario de programaci\u00f3n y asistencia reproducible, un cuestionario para empleados, un certificado de capacitaci\u00f3n y un registro de capacitaci\u00f3n<\/p>\n","protected":false},"featured_media":12481,"template":"","meta":{"_uag_custom_page_level_css":""},"product_brand":[],"product_cat":[68,51,32,52],"product_tag":[],"class_list":{"0":"post-11580","1":"product","2":"type-product","3":"status-publish","4":"has-post-thumbnail","6":"product_cat-dvd-2","7":"product_cat-elearning","8":"product_cat-usb","9":"product_cat-videos-en-demanda","11":"first","12":"instock","13":"sold-individually","14":"taxable","15":"shipping-taxable","16":"purchasable","17":"product-type-variable","18":"has-default-attributes"},"aioseo_notices":[],"uagb_featured_image_src":{"full":["https:\/\/engagingsafetysolutions.com\/esp\/wp-content\/uploads\/smk_259_action_photo.jpg",1920,1080,false],"thumbnail":["https:\/\/engagingsafetysolutions.com\/esp\/wp-content\/uploads\/smk_259_action_photo-150x150.jpg",150,150,true],"medium":["https:\/\/engagingsafetysolutions.com\/esp\/wp-content\/uploads\/smk_259_action_photo-300x169.jpg",300,169,true],"medium_large":["https:\/\/engagingsafetysolutions.com\/esp\/wp-content\/uploads\/smk_259_action_photo-768x432.jpg",768,432,true],"large":["https:\/\/engagingsafetysolutions.com\/esp\/wp-content\/uploads\/smk_259_action_photo-1024x576.jpg",1024,576,true],"1536x1536":["https:\/\/engagingsafetysolutions.com\/esp\/wp-content\/uploads\/smk_259_action_photo-1536x864.jpg",1536,864,true],"2048x2048":["https:\/\/engagingsafetysolutions.com\/esp\/wp-content\/uploads\/smk_259_action_photo.jpg",1920,1080,false],"woocommerce_thumbnail":["https:\/\/engagingsafetysolutions.com\/esp\/wp-content\/uploads\/smk_259_action_photo-300x225.jpg",300,225,true],"woocommerce_single":["https:\/\/engagingsafetysolutions.com\/esp\/wp-content\/uploads\/smk_259_action_photo-640x360.jpg",640,360,true],"woocommerce_gallery_thumbnail":["https:\/\/engagingsafetysolutions.com\/esp\/wp-content\/uploads\/smk_259_action_photo-100x100.jpg",100,100,true],"dgwt-wcas-product-suggestion":["https:\/\/engagingsafetysolutions.com\/esp\/wp-content\/uploads\/smk_259_action_photo-64x36.jpg",64,36,true]},"uagb_author_info":{"display_name":"evagomez","author_link":"https:\/\/engagingsafetysolutions.com\/esp\/author\/"},"uagb_comment_info":0,"uagb_excerpt":"El programa de cilindros de gas comprimido proporciona la informaci\u00f3n que los empleados necesitan para trabajar de manera segura con estos contenedores de almacenamiento potencialmente peligrosos y los gases dentro de ellos. El programa viene con una gu\u00eda completa para l\u00edderes, un formulario de programaci\u00f3n y asistencia reproducible, un cuestionario para empleados, un certificado de&hellip;","_links":{"self":[{"href":"https:\/\/engagingsafetysolutions.com\/esp\/wp-json\/wp\/v2\/product\/11580","targetHints":{"allow":["GET"]}}],"collection":[{"href":"https:\/\/engagingsafetysolutions.com\/esp\/wp-json\/wp\/v2\/product"}],"about":[{"href":"https:\/\/engagingsafetysolutions.com\/esp\/wp-json\/wp\/v2\/types\/product"}],"version-history":[{"count":3,"href":"https:\/\/engagingsafetysolutions.com\/esp\/wp-json\/wp\/v2\/product\/11580\/revisions"}],"predecessor-version":[{"id":14584,"href":"https:\/\/engagingsafetysolutions.com\/esp\/wp-json\/wp\/v2\/product\/11580\/revisions\/14584"}],"wp:featuredmedia":[{"embeddable":true,"href":"https:\/\/engagingsafetysolutions.com\/esp\/wp-json\/wp\/v2\/media\/12481"}],"wp:attachment":[{"href":"https:\/\/engagingsafetysolutions.com\/esp\/wp-json\/wp\/v2\/media?parent=11580"}],"wp:term":[{"taxonomy":"product_brand","embeddable":true,"href":"https:\/\/engagingsafetysolutions.com\/esp\/wp-json\/wp\/v2\/product_brand?post=11580"},{"taxonomy":"product_cat","embeddable":true,"href":"https:\/\/engagingsafetysolutions.com\/esp\/wp-json\/wp\/v2\/product_cat?post=11580"},{"taxonomy":"product_tag","embeddable":true,"href":"https:\/\/engagingsafetysolutions.com\/esp\/wp-json\/wp\/v2\/product_tag?post=11580"}],"curies":[{"name":"wp","href":"https:\/\/api.w.org\/{rel}","templated":true}]}}