{"id":11579,"date":"2020-05-08T00:51:32","date_gmt":"2020-05-08T00:51:32","guid":{"rendered":"https:\/\/engagingsafetysolutions.com\/esp\/product\/calidad-del-aire-en-interiores\/"},"modified":"2025-08-18T16:43:14","modified_gmt":"2025-08-18T16:43:14","slug":"calidad-del-aire-en-interiores","status":"publish","type":"product","link":"https:\/\/engagingsafetysolutions.com\/esp\/product\/calidad-del-aire-en-interiores\/","title":{"rendered":"Calidad del Aire en Interiores"},"content":{"rendered":"<p>El Programa de Calidad del Aire Interior analiza los peligros para la salud asociados con el aire interior contaminado, los contaminantes m\u00e1s comunes y de d\u00f3nde provienen, y lo que los empleados pueden hacer para ayudar a mantener el aire en su lugar de trabajo limpio y saludable. El aire interior contaminado es actualmente una de las cinco principales amenazas para la salud p\u00fablica, seg\u00fan la Agencia de Protecci\u00f3n Ambiental (EPA). Cualquier humo, polvo, bacteria o espora peligrosa que las personas inhalen puede hacer que se sientan &#8220;mal&#8221;, interferir con su capacidad para trabajar de manera eficiente e incluso provocar problemas de salud graves. El programa  incluye informaci\u00f3n sobre los s\u00edntomas de la mala calidad del aire, los sistemas de calefacci\u00f3n, ventilaci\u00f3n y aire acondicionado, las fuentes de contaminaci\u00f3n del aire, lo que las personas en un edificio pueden hacer para mejorar la calidad del aire y m\u00e1s..<\/p>\n","protected":false},"excerpt":{"rendered":"<p>El Programa de Calidad del Aire Interior analiza los peligros para la salud asociados con el aire interior contaminado, los contaminantes m\u00e1s comunes y de d\u00f3nde provienen, y lo que los empleados pueden hacer para ayudar a mantener el aire en su lugar de trabajo limpio y saludable. <\/p>\n","protected":false},"featured_media":12549,"template":"","meta":{"_uag_custom_page_level_css":""},"product_brand":[],"product_cat":[68,51,32,52],"product_tag":[],"class_list":{"0":"post-11579","1":"product","2":"type-product","3":"status-publish","4":"has-post-thumbnail","6":"product_cat-dvd-2","7":"product_cat-elearning","8":"product_cat-usb","9":"product_cat-videos-en-demanda","11":"first","12":"instock","13":"sold-individually","14":"taxable","15":"shipping-taxable","16":"purchasable","17":"product-type-variable","18":"has-default-attributes"},"aioseo_notices":[],"uagb_featured_image_src":{"full":["https:\/\/engagingsafetysolutions.com\/esp\/wp-content\/uploads\/rck_290_action_photo.jpg",1920,1080,false],"thumbnail":["https:\/\/engagingsafetysolutions.com\/esp\/wp-content\/uploads\/rck_290_action_photo-150x150.jpg",150,150,true],"medium":["https:\/\/engagingsafetysolutions.com\/esp\/wp-content\/uploads\/rck_290_action_photo-300x169.jpg",300,169,true],"medium_large":["https:\/\/engagingsafetysolutions.com\/esp\/wp-content\/uploads\/rck_290_action_photo-768x432.jpg",768,432,true],"large":["https:\/\/engagingsafetysolutions.com\/esp\/wp-content\/uploads\/rck_290_action_photo-1024x576.jpg",1024,576,true],"1536x1536":["https:\/\/engagingsafetysolutions.com\/esp\/wp-content\/uploads\/rck_290_action_photo-1536x864.jpg",1536,864,true],"2048x2048":["https:\/\/engagingsafetysolutions.com\/esp\/wp-content\/uploads\/rck_290_action_photo.jpg",1920,1080,false],"woocommerce_thumbnail":["https:\/\/engagingsafetysolutions.com\/esp\/wp-content\/uploads\/rck_290_action_photo-300x225.jpg",300,225,true],"woocommerce_single":["https:\/\/engagingsafetysolutions.com\/esp\/wp-content\/uploads\/rck_290_action_photo-640x360.jpg",640,360,true],"woocommerce_gallery_thumbnail":["https:\/\/engagingsafetysolutions.com\/esp\/wp-content\/uploads\/rck_290_action_photo-100x100.jpg",100,100,true],"dgwt-wcas-product-suggestion":["https:\/\/engagingsafetysolutions.com\/esp\/wp-content\/uploads\/rck_290_action_photo-64x36.jpg",64,36,true]},"uagb_author_info":{"display_name":"evagomez","author_link":"https:\/\/engagingsafetysolutions.com\/esp\/author\/"},"uagb_comment_info":0,"uagb_excerpt":"El Programa de Calidad del Aire Interior analiza los peligros para la salud asociados con el aire interior contaminado, los contaminantes m\u00e1s comunes y de d\u00f3nde provienen, y lo que los empleados pueden hacer para ayudar a mantener el aire en su lugar de trabajo limpio y saludable.","_links":{"self":[{"href":"https:\/\/engagingsafetysolutions.com\/esp\/wp-json\/wp\/v2\/product\/11579","targetHints":{"allow":["GET"]}}],"collection":[{"href":"https:\/\/engagingsafetysolutions.com\/esp\/wp-json\/wp\/v2\/product"}],"about":[{"href":"https:\/\/engagingsafetysolutions.com\/esp\/wp-json\/wp\/v2\/types\/product"}],"version-history":[{"count":5,"href":"https:\/\/engagingsafetysolutions.com\/esp\/wp-json\/wp\/v2\/product\/11579\/revisions"}],"predecessor-version":[{"id":14583,"href":"https:\/\/engagingsafetysolutions.com\/esp\/wp-json\/wp\/v2\/product\/11579\/revisions\/14583"}],"wp:featuredmedia":[{"embeddable":true,"href":"https:\/\/engagingsafetysolutions.com\/esp\/wp-json\/wp\/v2\/media\/12549"}],"wp:attachment":[{"href":"https:\/\/engagingsafetysolutions.com\/esp\/wp-json\/wp\/v2\/media?parent=11579"}],"wp:term":[{"taxonomy":"product_brand","embeddable":true,"href":"https:\/\/engagingsafetysolutions.com\/esp\/wp-json\/wp\/v2\/product_brand?post=11579"},{"taxonomy":"product_cat","embeddable":true,"href":"https:\/\/engagingsafetysolutions.com\/esp\/wp-json\/wp\/v2\/product_cat?post=11579"},{"taxonomy":"product_tag","embeddable":true,"href":"https:\/\/engagingsafetysolutions.com\/esp\/wp-json\/wp\/v2\/product_tag?post=11579"}],"curies":[{"name":"wp","href":"https:\/\/api.w.org\/{rel}","templated":true}]}}