{"id":11577,"date":"2020-05-08T00:51:30","date_gmt":"2020-05-08T00:51:30","guid":{"rendered":"https:\/\/engagingsafetysolutions.com\/esp\/product\/auditorias-de-seguridad\/"},"modified":"2025-08-18T16:45:42","modified_gmt":"2025-08-18T16:45:42","slug":"auditorias-de-seguridad","status":"publish","type":"product","link":"https:\/\/engagingsafetysolutions.com\/esp\/product\/auditorias-de-seguridad\/","title":{"rendered":"Auditor\u00edas de Seguridad"},"content":{"rendered":"<p>El programa de auditor\u00edas de seguridad proporciona a los empleados una comprensi\u00f3n de los objetivos y procedimientos que est\u00e1n involucrados en una auditor\u00eda de seguridad, les muestra c\u00f3mo pueden ayudar en el proceso de auditor\u00eda y describe pr\u00e1cticas de trabajo seguras espec\u00edficas. La seguridad en el lugar de trabajo es demasiado importante para tratar de resolverla sobre la marcha, o dejarla al azar. Cuando la vida y la salud de los empleados est\u00e1n en juego, una empresa no puede esperar a que ocurran problemas antes de realizar mejoras. Es por eso que las organizaciones conscientes de la seguridad han estado adoptando un enfoque m\u00e1s proactivo mediante la realizaci\u00f3n de auditor\u00edas de seguridad&#8230; encuestas sistem\u00e1ticas de los lugares de trabajo para identificar peligros para que puedan eliminarse o controlarse. El programa incluye informaci\u00f3n sobre c\u00f3mo realizar un an\u00e1lisis del lugar de trabajo, sistemas de controles, evaluar su \u00e1rea de trabajo, realizar una auditor\u00eda de seguridad personal, Enfrentar con accidentes y m\u00e1s.<\/p>\n","protected":false},"excerpt":{"rendered":"<p>El programa de auditor\u00edas de seguridad proporciona a los empleados una comprensi\u00f3n de los objetivos y procedimientos que est\u00e1n involucrados en una auditor\u00eda de seguridad, les muestra c\u00f3mo pueden ayudar en el proceso de auditor\u00eda y describe pr\u00e1cticas de trabajo seguras espec\u00edficas. <\/p>\n","protected":false},"featured_media":12477,"template":"","meta":{"_uag_custom_page_level_css":""},"product_brand":[],"product_cat":[68,51,32,52],"product_tag":[],"class_list":{"0":"post-11577","1":"product","2":"type-product","3":"status-publish","4":"has-post-thumbnail","6":"product_cat-dvd-2","7":"product_cat-elearning","8":"product_cat-usb","9":"product_cat-videos-en-demanda","11":"first","12":"instock","13":"taxable","14":"shipping-taxable","15":"purchasable","16":"product-type-variable","17":"has-default-attributes"},"aioseo_notices":[],"uagb_featured_image_src":{"full":["https:\/\/engagingsafetysolutions.com\/esp\/wp-content\/uploads\/smk_251_action_photo.jpg",1027,915,false],"thumbnail":["https:\/\/engagingsafetysolutions.com\/esp\/wp-content\/uploads\/smk_251_action_photo-150x150.jpg",150,150,true],"medium":["https:\/\/engagingsafetysolutions.com\/esp\/wp-content\/uploads\/smk_251_action_photo-300x267.jpg",300,267,true],"medium_large":["https:\/\/engagingsafetysolutions.com\/esp\/wp-content\/uploads\/smk_251_action_photo-768x684.jpg",768,684,true],"large":["https:\/\/engagingsafetysolutions.com\/esp\/wp-content\/uploads\/smk_251_action_photo-1024x912.jpg",1024,912,true],"1536x1536":["https:\/\/engagingsafetysolutions.com\/esp\/wp-content\/uploads\/smk_251_action_photo.jpg",1027,915,false],"2048x2048":["https:\/\/engagingsafetysolutions.com\/esp\/wp-content\/uploads\/smk_251_action_photo.jpg",1027,915,false],"woocommerce_thumbnail":["https:\/\/engagingsafetysolutions.com\/esp\/wp-content\/uploads\/smk_251_action_photo-300x225.jpg",300,225,true],"woocommerce_single":["https:\/\/engagingsafetysolutions.com\/esp\/wp-content\/uploads\/smk_251_action_photo-640x570.jpg",640,570,true],"woocommerce_gallery_thumbnail":["https:\/\/engagingsafetysolutions.com\/esp\/wp-content\/uploads\/smk_251_action_photo-100x100.jpg",100,100,true],"dgwt-wcas-product-suggestion":["https:\/\/engagingsafetysolutions.com\/esp\/wp-content\/uploads\/smk_251_action_photo-64x57.jpg",64,57,true]},"uagb_author_info":{"display_name":"evagomez","author_link":"https:\/\/engagingsafetysolutions.com\/esp\/author\/"},"uagb_comment_info":0,"uagb_excerpt":"El programa de auditor\u00edas de seguridad proporciona a los empleados una comprensi\u00f3n de los objetivos y procedimientos que est\u00e1n involucrados en una auditor\u00eda de seguridad, les muestra c\u00f3mo pueden ayudar en el proceso de auditor\u00eda y describe pr\u00e1cticas de trabajo seguras espec\u00edficas.","_links":{"self":[{"href":"https:\/\/engagingsafetysolutions.com\/esp\/wp-json\/wp\/v2\/product\/11577","targetHints":{"allow":["GET"]}}],"collection":[{"href":"https:\/\/engagingsafetysolutions.com\/esp\/wp-json\/wp\/v2\/product"}],"about":[{"href":"https:\/\/engagingsafetysolutions.com\/esp\/wp-json\/wp\/v2\/types\/product"}],"version-history":[{"count":5,"href":"https:\/\/engagingsafetysolutions.com\/esp\/wp-json\/wp\/v2\/product\/11577\/revisions"}],"predecessor-version":[{"id":14581,"href":"https:\/\/engagingsafetysolutions.com\/esp\/wp-json\/wp\/v2\/product\/11577\/revisions\/14581"}],"wp:featuredmedia":[{"embeddable":true,"href":"https:\/\/engagingsafetysolutions.com\/esp\/wp-json\/wp\/v2\/media\/12477"}],"wp:attachment":[{"href":"https:\/\/engagingsafetysolutions.com\/esp\/wp-json\/wp\/v2\/media?parent=11577"}],"wp:term":[{"taxonomy":"product_brand","embeddable":true,"href":"https:\/\/engagingsafetysolutions.com\/esp\/wp-json\/wp\/v2\/product_brand?post=11577"},{"taxonomy":"product_cat","embeddable":true,"href":"https:\/\/engagingsafetysolutions.com\/esp\/wp-json\/wp\/v2\/product_cat?post=11577"},{"taxonomy":"product_tag","embeddable":true,"href":"https:\/\/engagingsafetysolutions.com\/esp\/wp-json\/wp\/v2\/product_tag?post=11577"}],"curies":[{"name":"wp","href":"https:\/\/api.w.org\/{rel}","templated":true}]}}