{"id":552,"date":"2019-11-23T01:39:38","date_gmt":"2019-11-23T01:39:38","guid":{"rendered":"https:\/\/engagingsafetysolutions.com\/?page_id=552"},"modified":"2020-02-14T21:34:24","modified_gmt":"2020-02-14T21:34:24","slug":"condiciones-de-uso","status":"publish","type":"page","link":"https:\/\/engagingsafetysolutions.com\/esp\/condiciones-de-uso\/","title":{"rendered":"Condiciones de uso"},"content":{"rendered":"\t\t<div data-elementor-type=\"wp-page\" data-elementor-id=\"552\" class=\"elementor elementor-552\">\n\t\t\t\t\t\t<section class=\"elementor-section elementor-top-section elementor-element elementor-element-541de17d elementor-section-boxed elementor-section-height-default elementor-section-height-default\" data-id=\"541de17d\" data-element_type=\"section\">\n\t\t\t\t\t\t<div class=\"elementor-container elementor-column-gap-default\">\n\t\t\t\t\t<div class=\"elementor-column elementor-col-100 elementor-top-column elementor-element elementor-element-7ff3818c\" data-id=\"7ff3818c\" data-element_type=\"column\">\n\t\t\t<div class=\"elementor-widget-wrap elementor-element-populated\">\n\t\t\t\t\t\t<div class=\"elementor-element elementor-element-65c374b5 elementor-widget elementor-widget-text-editor\" data-id=\"65c374b5\" data-element_type=\"widget\" data-widget_type=\"text-editor.default\">\n\t\t\t\t<div class=\"elementor-widget-container\">\n\t\t\t\t\t\t\t\t\t<p>Al acceder y utilizar este sitio web \/ aplicaci\u00f3n de \u201cEngaging Safety Solutions\u201d, usted acepta los siguientes t\u00e9rminos y condiciones:<\/p><p><strong>Descargo de responsabilidad de la garant\u00eda y limitaci\u00f3n de responsabilidad<\/strong><br \/>Aunque se han tomado todas las precauciones para garantizar la precisi\u00f3n de la informaci\u00f3n en este sitio web \/ aplicaci\u00f3n, Safety Solutions proporciona esta informaci\u00f3n \u201cTAL CUAL\u201d y RECHAZA TODAS LAS GARANT\u00cdAS, EXPRESAS O IMPL\u00cdCITAS, INCLUYENDO, PERO SIN LIMITARSE A, GARANT\u00cdAS IMPL\u00cdCITAS DE<br \/>COMERCIABILIDAD Y APTITUD PARA UN PARTICULAR PROP\u00d3SITO. Usted reconoce que el uso de este sitio web \/ aplicaci\u00f3n es bajo su propio riesgo, que asume por completo responsabilidad por todos los costos asociados con el uso de este sitio web \/ aplicaci\u00f3n, y que Engaging Safety Solutions no ser\u00e1 responsable de cualquier da\u00f1o directo, incidental, consecuente o indirecto de cualquier tipo que surja de su acceso o uso de la informaci\u00f3n o software disponible en este sitio web \/ aplicaci\u00f3n.<\/p><p>Cualquier garant\u00eda y representaci\u00f3n en este sitio web \/ aplicaci\u00f3n para los productos o servicios de Engaging Safety Solutions que su compra o uso estar\u00e1 sujeto a los t\u00e9rminos y condiciones acordados en el contrato para dicho producto o Servicio. Adem\u00e1s, para los sitios web \/ aplicaciones de Soluciones de seguridad que no son de Engaging a los que se hace referencia en nuestro sitio web \/ aplicaci\u00f3n o donde aparece el hiperv\u00ednculo, Engaging Safety Solutions no ofrece garant\u00edas con respecto a la precisi\u00f3n o confiabilidad del informaci\u00f3n en estos sitios web \/ aplicaciones y no asume ninguna responsabilidad por el material creado o publicado por terceros partes contenidas en el mismo. Adem\u00e1s, Engaging Safety Solutions no garantiza que este sitio web \/ aplicaci\u00f3n o estos otros sitios web \/ aplicaciones vinculados est\u00e1n libres de virus u otros elementos da\u00f1inos.<\/p><p><strong>Derechos de autor:<\/strong><br \/>Los derechos de autor en este sitio web \/ aplicaci\u00f3n, los derechos de autor de la informaci\u00f3n y el software disponible en este sitio web \/ aplicaci\u00f3n pertenecen a \u201cEngaging Safety Solutions\u201d o sus licenciantes o proveedores. Todos los derechos estan reservados. Todo el material con licencia har\u00e1 referencia a licenciante que ha otorgado a \u201cEngaging Safety Solutions\u201d el derecho de usar el material. La informaci\u00f3n y el software puesto a disposici\u00f3n en este sitio web \/ aplicaci\u00f3n no puede reproducirse, duplicarse, copiarse, transferirse, distribuirse, almacenarse, modificarse, descargarse o explotarse de otro modo para cualquier uso comercial sin la aprobaci\u00f3n previa por escrito de<br \/>\u201cEngaging Safety Solutions\u201d. Sin embargo, puede reproducirse, almacenarse y descargarse para su uso no comercial por individuos sin<br \/>aprobaci\u00f3n previa por escrito de Engaging Safety Solutions. En ning\u00fan caso esta informaci\u00f3n o software pueden ser suministrados a terceros.<\/p><p><strong>Marcas registradas y patentes<\/strong><br \/>Todas las marcas comerciales, nombres de marcas y logotipos corporativos que se muestran en el sitio web \/ aplicaci\u00f3n son propiedad de \u201cEngaging Safety Solutions\u201d, socios comerciales o sus licenciantes, y no se pueden utilizar de ninguna manera sin previa autorizaci\u00f3n por escrito de \u201cEngaging Safety Solutions\u201d. Todas las marcas registradas con licencia publicadas en este sitio web \/ aplicaci\u00f3n hacen referencia al licenciante que ha otorgado a \u201cEngaging Safety Solutions\u201d el derecho de usar la marca registrada. El acceso a este sitio web \/ aplicaci\u00f3n no otorga para el usuario cualquier licencia bajo cualquier patente de propiedad o licencia de Engaging Safety Solutions.<br \/><br \/><strong>Retornos \u2013 Env\u00edos &#8211; Cancelaciones<\/strong><\/p><p>La satisfacci\u00f3n del cliente es nuestra prioridad. Si, por alg\u00fan motivo, considera que alguno de nuestros DVD a, devuelve los productos dentro de los 7 d\u00edas y le proporcionaremos un reembolso completo (menos los gastos de env\u00edo que se hayan acumulado). Se aceptar\u00e1n devoluciones de art\u00edculos en existencia dentro de los 7 d\u00edas posteriores al env\u00edo en sus paquetes originales.<\/p><p>Si necesita procesar una devoluci\u00f3n, solicite un formulario de autorizaci\u00f3n para recibir y RA. Normalmente RA se procesar\u00e1 dentro de 2 d\u00edas h\u00e1biles.<\/p><p>Los materiales, cursos y videos descargables en l\u00ednea no pueden devolverse.<\/p><p>Vistas previas antes de completar cualquier compra: nuestros videos y cursos de eLearning son f\u00e1cilmente accesibles en l\u00ednea sin cargo en nuestra p\u00e1gina <a href=\"https:\/\/engagingsafetysolutions.com\/esp\/product-category\/dvd\/\">https:\/\/engagingsafetysolutions.com\/esp\/product-category\/dvd\/<\/a><\/p><p>Para obtener evaluaci\u00f3n previa de cualquiera de nuestros DVD en su ubicaci\u00f3n para completar el proceso de compra, cont\u00e1ctenos para obtener la aprobaci\u00f3n al 757-8395720 o simplemente env\u00edenos un correo electr\u00f3nico completando el siguiente formulario <a href=\"https:\/\/engagingsafetysolutions.com\/esp\/contact\/\">https:\/\/engagingsafetysolutions.com\/esp\/contact\/<\/a><\/p><p><strong>Condiciones de env\u00edo<\/strong><\/p><p>Todos los pedidos se env\u00edan en un per\u00edodo de 24 horas (de lunes a viernes) a trav\u00e9s de UPS. Si tiene una solicitud de env\u00edo garantizado o cualquier otra forma de env\u00edo acelerado, comun\u00edquese con nuestra oficina para garantizar la entrega adecuada al (757)8395720 o envi\u00e9 un e mail a <a href=\"mailto:info@engagingsafetysolutions.com\">info@engagingsafetysolutions.com<\/a><\/p><p><strong>Cambios<\/strong><br \/>Engaging Safety Solutions se reserva el derecho de realizar cambios o adiciones a este sitio web \/ aplicaci\u00f3n en cualquier momento.<\/p>\t\t\t\t\t\t\t\t<\/div>\n\t\t\t\t<\/div>\n\t\t\t\t\t<\/div>\n\t\t<\/div>\n\t\t\t\t\t<\/div>\n\t\t<\/section>\n\t\t\t\t<\/div>\n\t\t","protected":false},"excerpt":{"rendered":"<p>Al acceder y utilizar este sitio web \/ aplicaci\u00f3n de \u201cEngaging Safety Solutions\u201d, usted acepta los siguientes t\u00e9rminos y condiciones: Descargo de responsabilidad de la garant\u00eda y limitaci\u00f3n de responsabilidadAunque se han tomado todas las precauciones para garantizar la precisi\u00f3n de la informaci\u00f3n en este sitio web \/ aplicaci\u00f3n, Safety Solutions proporciona esta informaci\u00f3n \u201cTAL &hellip;<\/p>\n<p class=\"read-more\"> <a class=\"\" href=\"https:\/\/engagingsafetysolutions.com\/esp\/condiciones-de-uso\/\"> <span class=\"screen-reader-text\">Condiciones de uso<\/span> Read More &raquo;<\/a><\/p>\n","protected":false},"author":1,"featured_media":0,"parent":0,"menu_order":0,"comment_status":"closed","ping_status":"closed","template":"","meta":{"_uag_custom_page_level_css":"","footnotes":""},"class_list":["post-552","page","type-page","status-publish","hentry"],"aioseo_notices":[],"uagb_featured_image_src":{"full":false,"thumbnail":false,"medium":false,"medium_large":false,"large":false,"1536x1536":false,"2048x2048":false,"woocommerce_thumbnail":false,"woocommerce_single":false,"woocommerce_gallery_thumbnail":false,"dgwt-wcas-product-suggestion":false},"uagb_author_info":{"display_name":"evagomez","author_link":"https:\/\/engagingsafetysolutions.com\/esp\/author\/evamaritzagomez\/"},"uagb_comment_info":0,"uagb_excerpt":"Al acceder y utilizar este sitio web \/ aplicaci\u00f3n de \u201cEngaging Safety Solutions\u201d, usted acepta los siguientes t\u00e9rminos y condiciones: Descargo de responsabilidad de la garant\u00eda y limitaci\u00f3n de responsabilidadAunque se han tomado todas las precauciones para garantizar la precisi\u00f3n de la informaci\u00f3n en este sitio web \/ aplicaci\u00f3n, Safety Solutions proporciona esta informaci\u00f3n \u201cTAL&hellip;","_links":{"self":[{"href":"https:\/\/engagingsafetysolutions.com\/esp\/wp-json\/wp\/v2\/pages\/552","targetHints":{"allow":["GET"]}}],"collection":[{"href":"https:\/\/engagingsafetysolutions.com\/esp\/wp-json\/wp\/v2\/pages"}],"about":[{"href":"https:\/\/engagingsafetysolutions.com\/esp\/wp-json\/wp\/v2\/types\/page"}],"author":[{"embeddable":true,"href":"https:\/\/engagingsafetysolutions.com\/esp\/wp-json\/wp\/v2\/users\/1"}],"replies":[{"embeddable":true,"href":"https:\/\/engagingsafetysolutions.com\/esp\/wp-json\/wp\/v2\/comments?post=552"}],"version-history":[{"count":0,"href":"https:\/\/engagingsafetysolutions.com\/esp\/wp-json\/wp\/v2\/pages\/552\/revisions"}],"wp:attachment":[{"href":"https:\/\/engagingsafetysolutions.com\/esp\/wp-json\/wp\/v2\/media?parent=552"}],"curies":[{"name":"wp","href":"https:\/\/api.w.org\/{rel}","templated":true}]}}