{"id":5510,"date":"2019-11-24T14:09:56","date_gmt":"2019-11-24T14:09:56","guid":{"rendered":"https:\/\/engagingsafetysolutions.com\/esp\/?page_id=5510"},"modified":"2019-11-24T14:22:12","modified_gmt":"2019-11-24T14:22:12","slug":"politica-de-privacidad","status":"publish","type":"page","link":"https:\/\/engagingsafetysolutions.com\/esp\/politica-de-privacidad\/","title":{"rendered":"Politica de Privacidad"},"content":{"rendered":"\t\t<div data-elementor-type=\"wp-page\" data-elementor-id=\"5510\" class=\"elementor elementor-5510\">\n\t\t\t\t\t\t<section class=\"elementor-section elementor-top-section elementor-element elementor-element-541de17d elementor-section-boxed elementor-section-height-default elementor-section-height-default\" data-id=\"541de17d\" data-element_type=\"section\">\n\t\t\t\t\t\t<div class=\"elementor-container elementor-column-gap-default\">\n\t\t\t\t\t<div class=\"elementor-column elementor-col-100 elementor-top-column elementor-element elementor-element-7ff3818c\" data-id=\"7ff3818c\" data-element_type=\"column\">\n\t\t\t<div class=\"elementor-widget-wrap elementor-element-populated\">\n\t\t\t\t\t\t<div class=\"elementor-element elementor-element-65c374b5 elementor-widget elementor-widget-text-editor\" data-id=\"65c374b5\" data-element_type=\"widget\" data-widget_type=\"text-editor.default\">\n\t\t\t\t<div class=\"elementor-widget-container\">\n\t\t\t\t\t\t\t\t\t<p><strong>C\u00f3mo tratamos sus datos personales<\/strong><\/p><p>\u201cEngaging Safety Solutions\u201d se toma en serio la privacidad personal y la protecci\u00f3n de la integridad. Los representantes de \u201cEngaging Safety Solutions\u201d, los clientes, proveedores y otras partes interesadas, como los socios comerciales, que est\u00e1n en contacto con \u201cEngaging Safety Solutions\u201d (&#8220;Socios&#8221;), se sentir\u00e1n seguros de que \u201cEngaging Safety Solutions\u201d respeta su privacidad y se adhiere a las leyes y regulaciones aplicables al recopilar y procesar informaci\u00f3n que pueda utilizarse para identificar a una persona (&#8220;Datos personales&#8221;).<\/p><p>Podemos recopilar Datos personales directamente de un Socio que se re\u00fane con el personal de \u201cEngaging Safety Solutions\u201d, visita los sitios web de\u201dEngaging Safety Solutions\u201d, abre boletines informativos, descarga materiales de \u201cEngaging Safety Solutions\u201d, previsualiza las ofertas de \u201cEngaging Safety Solutions\u201d o utiliza los productos o servicios de \u201cEngaging Safety Solutions\u201d.<\/p><p><b>Qu\u00e9 datos personales o informaci\u00f3n recopilamos y almacenamos mientras visita nuestro sitio.<\/b><\/p><p>Mientras visita nuestro sitio, \u201cEngaging Safety Solutions\u201d realizar\u00e1 un seguimiento de:<\/p><ul><li>Productos que ha visto: Usaremos esto para, por ejemplo, mostrarle los productos que ha visto recientemente.<\/li><li>Ubicaci\u00f3n, direcci\u00f3n IP y tipo de navegador: lo usaremos para fines como la estimaci\u00f3n de impuestos y el env\u00edo.<\/li><li>Direcci\u00f3n de env\u00edo: le pediremos que introduzca esto para que podamos, por ejemplo, estimar el env\u00edo antes de realizar un pedido, proporcionarle presupuestos y enviarle el pedido.<\/li><\/ul><p>Tambi\u00e9n utilizaremos \u201ccookies\u201d para realizar un seguimiento del contenido del carrito mientras navega por nuestro sitio. Cuando nos compre, le pediremos que proporcione informaci\u00f3n que incluya su nombre, direcci\u00f3n de anuncio de facturaci\u00f3n, direcci\u00f3n de env\u00edo, direcci\u00f3n de correo electr\u00f3nico, n\u00famero de tel\u00e9fono, datos de tarjeta decr\u00e9dito\/pago e informaci\u00f3n de cuenta opcional, como nombre de usuario y contrase\u00f1a.<\/p><p>\u201cEngaging Safety Solutions\u201d recopila y procesa datos personales de Socios y visitantes para los siguientes supuestos:<\/p><p>1. Llevar a cabo las obligaciones de \u201cEngaging Safety Solutions\u201d bajo, o al entrar en, una relaci\u00f3n contractual entre \u201cEngaging Safety Solutions\u201d, clientes y un Socio.<br \/>2. Facilitar la comunicaci\u00f3n efectiva y las relaciones entre \u201cEngaging Safety Solutions\u201d, los clientes y los Socios (Gesti\u00f3n de Relaciones con el Cliente).<br \/>3. Gestionar consultas u otras solicitudes relativas a los productos y servicios de \u201cEngaging Safety Solutions\u201d. Enviarle informaci\u00f3n sobre su cuenta y pedidos; Responder a sus solicitudes, incluyendo reembolsos y quejas; Procesar pagos y prevenir el fraude; Configurar su cuenta para nuestra tienda; Cumplir con cualquier obligaci\u00f3n legal que tengamos, como el c\u00e1lculo de impuestos; Mejorar nuestra oferta de tienda; Enviarle mensajes de publicidad, si acepta recibirlos.<br \/>4. Garantizar el cumplimiento de las obligaciones legales y la ejecuci\u00f3n de acuerdos contractuales.<br \/>5. Gestionar la entrega de losproductos, servicios, derechos de propiedad intelectual y otras ofertas de \u201cEngaging Safety Solutions\u201d.<br \/>6. Analizar los datos de ventas y c\u00f3mo un cliente y un socio interact\u00faan con los productos y servicios de \u201cEngaging Safety Solutions\u201d con el fin de mejorar la experiencia del usuario y el contenido de los productos y servicios de \u201cEngaging Safety Solutions\u201d.<br \/>7. Publicidad, encuestas y comunicaci\u00f3n.<br \/>8. Permitir a los usuarios con contrase\u00f1as volver a introducir determinadas p\u00e1ginas web sin tener que volver a escribir informaci\u00f3n escrita previamente mediante el uso de \u201ccookies\u201d.<br \/>9. Compilaci\u00f3n de estad\u00edsticas relacionadas con patrones y tendencias de navegaci\u00f3n en p\u00e1ginas web de \u201cEngaging Safety Solutions\u201d o el uso de otras aplicaciones o software.<\/p><p>Si crea una cuenta, almacenaremos su nombre, direcci\u00f3n y correo electr\u00f3nico y n\u00famero de tel\u00e9fono, n\u00famero de fax que se utilizar\u00e1 para rellenar la compra para futuras \u00f3rdenes.<\/p><p>Por lo general, almacenamos informaci\u00f3n sobre usted durante el tiempo que necesitamos la informaci\u00f3n para los fines para los que la recopilamos y utilizamos, y no estamos legalmente obligados a continuar con la conservarla. Esto incluye su nombre, direcci\u00f3n de correo electr\u00f3nico y direcciones de facturaci\u00f3n y env\u00edo.<\/p><p>Tambi\u00e9n almacenaremos comentarios o comentarios, si decide dejarlos.<\/p><p><b>\u00bfQui\u00e9n de nuestro equipo tiene acceso a nuestra informaci\u00f3n?<\/b><\/p><p>Los miembros de nuestro equipo tienen acceso a la informaci\u00f3n que nos proporciona. Por ejemplo, tanto los administradores como los gerentes de tienda pueden acceder a:<\/p><ul><li>Solicitar informaci\u00f3n como lo que se compr\u00f3, cu\u00e1ndo se compr\u00f3 y d\u00f3nde se debe enviar, y<\/li><li>Informaci\u00f3n del cliente como su nombre, direcci\u00f3n de correo electr\u00f3nico e informaci\u00f3n de facturaci\u00f3n y env\u00edo.<\/li><\/ul><p>Los miembros de nuestro equipo tienen acceso a esta informaci\u00f3n para ayudar a cumplir pedidos, procesar reembolsos y apoyarlo.<\/p><p><b>Divulgaci\u00f3n de informaci\u00f3n personal a terceros<\/b><\/p><p>\u201cEngaging Safety Solutions\u201d no revelar\u00e1 los Datos personales de un Socio a terceros si no es necesario para cumplir con un prop\u00f3sito mencionado anteriormente. Cualquier transferencia de Datos Personales a un tercero dentro de la UE\/EEE solo tendr\u00e1 lugar si el destinatario est\u00e1 comprometidocon las normas internas de \u201cEngaging Safety Solutions\u201d que rigen la protecci\u00f3n de los Datos Personales. Cualquier transferencia de Datos Personales a un tercero fuera de la UE\/EEE se basar\u00e1 en las cl\u00e1usulas modelo de la UE o construcciones similares, como las normas corporativas vinculantes o el escudo de privacidad de Los Estados Unidos.<\/p><p><b>Pagos<\/b><\/p><p>Aceptamos pagos a trav\u00e9s de tarjetas de cr\u00e9dito, PayPal, transferencias bancarias. Al procesar pagos, algunos de sus datos se transmitir\u00e1n a PayPal y otras entidades bancarias de \u201cEngaging Safety Solutions\u201d y sus filiales de servicios de pago externos, incluida la informaci\u00f3n necesaria para procesar o dar soporte al pago, como el total de la compra y la informaci\u00f3n de facturaci\u00f3n.<\/p><p><b>Sus derechos<\/b><\/p><p>Cuando el procesamiento de Datos Personales se basa en el consentimiento, un Socio puede retirar en cualquier momento su consentimiento dado siempre que la retirada del consentimiento no afecte a la legalidad del procesamiento anterior, o cuando existan otros motivos legales para el procesamiento.<br \/>En virtud de la legislaci\u00f3n aplicable en protecci\u00f3n de datos, un Socio puede tener derecho a: (i) recibir informaci\u00f3n sobre qu\u00e9 Datos personales se vuelven a conectar a los procesos de Socio \u201cEngaging Safety Solutions\u201d; (ii) recibir acceso a dichos datos y, en caso necesario, modificarlos para que sean correctos; (iii) eliminar los Datos Personales relacionados con el Socio; (iv) restringir \u201cEngaging Safety Solutions\u201d de procesar o limitar la forma en que \u201cEngaging Safety Solutions\u201d puedan procesar los Datos Personales del Socio; (v) obtener de \u201cEngaging Safety Solutions\u201d una copia de los Datos Personales proporcionados por el Socio, en un formato estructurado, de uso com\u00fan y legible por m\u00e1quina.<\/p><p><b>C\u00f3mo protegemos sus datos<\/b><\/p><p>\u201cEngaging Safety Solutions\u201d procesa los Datos personales de conformidad con las leyes aplicables sobre protecci\u00f3n de datos y seguridad de datos.<\/p><p><b>Per\u00edodo de retenci\u00f3n<\/b><\/p><p>\u201cEngaging Safety Solutions\u201d conserva los Datos Personales del Socio solo el tiempo que sea necesario para cumplir con los fines para los que fueron recopilados. Tenga en cuenta que \u201cEngaging Safety Solutions\u201d puede estar bajo la obligaci\u00f3n legal o contractual de conservar los Datos personales que podr\u00edan requerir que \u201cEngaging Safety Solutions\u201d conserven los datos durante per\u00edodos m\u00e1s largos.<\/p><p><b>Informaci\u00f3n de contacto<\/b><\/p><p>Si tiene alguna pregunta sobre esta pol\u00edtica, puede ponerse en contacto con nosotros utilizando la siguiente informaci\u00f3n. Tambi\u00e9n tiene el derecho para ponerse en contacto o presentar una queja ante su autoridad local de protecci\u00f3n de datos.<\/p><p>Engaging Safety Solutions<br \/>Data Protection Officer<br \/>Po Box 9324<br \/>Virginia Beach, VA 23453, USA<br \/>Tel: 757-468-3387<\/p>\t\t\t\t\t\t\t\t<\/div>\n\t\t\t\t<\/div>\n\t\t\t\t\t<\/div>\n\t\t<\/div>\n\t\t\t\t\t<\/div>\n\t\t<\/section>\n\t\t\t\t<\/div>\n\t\t","protected":false},"excerpt":{"rendered":"<p>C\u00f3mo tratamos sus datos personales \u201cEngaging Safety Solutions\u201d se toma en serio la privacidad personal y la protecci\u00f3n de la integridad. Los representantes de \u201cEngaging Safety Solutions\u201d, los clientes, proveedores y otras partes interesadas, como los socios comerciales, que est\u00e1n en contacto con \u201cEngaging Safety Solutions\u201d (&#8220;Socios&#8221;), se sentir\u00e1n seguros de que \u201cEngaging Safety Solutions\u201d &hellip;<\/p>\n<p class=\"read-more\"> <a class=\"\" href=\"https:\/\/engagingsafetysolutions.com\/esp\/politica-de-privacidad\/\"> <span class=\"screen-reader-text\">Politica de Privacidad<\/span> Read More &raquo;<\/a><\/p>\n","protected":false},"author":1,"featured_media":0,"parent":0,"menu_order":0,"comment_status":"closed","ping_status":"closed","template":"","meta":{"_uag_custom_page_level_css":"","footnotes":""},"class_list":["post-5510","page","type-page","status-publish","hentry"],"aioseo_notices":[],"uagb_featured_image_src":{"full":false,"thumbnail":false,"medium":false,"medium_large":false,"large":false,"1536x1536":false,"2048x2048":false,"woocommerce_thumbnail":false,"woocommerce_single":false,"woocommerce_gallery_thumbnail":false,"dgwt-wcas-product-suggestion":false},"uagb_author_info":{"display_name":"evagomez","author_link":"https:\/\/engagingsafetysolutions.com\/esp\/author\/evamaritzagomez\/"},"uagb_comment_info":0,"uagb_excerpt":"C\u00f3mo tratamos sus datos personales \u201cEngaging Safety Solutions\u201d se toma en serio la privacidad personal y la protecci\u00f3n de la integridad. Los representantes de \u201cEngaging Safety Solutions\u201d, los clientes, proveedores y otras partes interesadas, como los socios comerciales, que est\u00e1n en contacto con \u201cEngaging Safety Solutions\u201d (&#8220;Socios&#8221;), se sentir\u00e1n seguros de que \u201cEngaging Safety Solutions\u201d&hellip;","_links":{"self":[{"href":"https:\/\/engagingsafetysolutions.com\/esp\/wp-json\/wp\/v2\/pages\/5510","targetHints":{"allow":["GET"]}}],"collection":[{"href":"https:\/\/engagingsafetysolutions.com\/esp\/wp-json\/wp\/v2\/pages"}],"about":[{"href":"https:\/\/engagingsafetysolutions.com\/esp\/wp-json\/wp\/v2\/types\/page"}],"author":[{"embeddable":true,"href":"https:\/\/engagingsafetysolutions.com\/esp\/wp-json\/wp\/v2\/users\/1"}],"replies":[{"embeddable":true,"href":"https:\/\/engagingsafetysolutions.com\/esp\/wp-json\/wp\/v2\/comments?post=5510"}],"version-history":[{"count":0,"href":"https:\/\/engagingsafetysolutions.com\/esp\/wp-json\/wp\/v2\/pages\/5510\/revisions"}],"wp:attachment":[{"href":"https:\/\/engagingsafetysolutions.com\/esp\/wp-json\/wp\/v2\/media?parent=5510"}],"curies":[{"name":"wp","href":"https:\/\/api.w.org\/{rel}","templated":true}]}}