{"id":2384,"date":"2019-11-23T00:29:17","date_gmt":"2019-11-23T00:29:17","guid":{"rendered":"https:\/\/engagingsafetysolutions.com\/?page_id=2384"},"modified":"2021-02-15T01:29:10","modified_gmt":"2021-02-15T01:29:10","slug":"osha-10-hours-workshop","status":"publish","type":"page","link":"https:\/\/engagingsafetysolutions.com\/esp\/osha-10-hours-workshop\/","title":{"rendered":"Taller OSHA 10 horas"},"content":{"rendered":"\t\t<div data-elementor-type=\"wp-post\" data-elementor-id=\"2384\" class=\"elementor elementor-2384\">\n\t\t\t\t\t\t<section class=\"elementor-section elementor-top-section elementor-element elementor-element-5b44a6f elementor-section-boxed elementor-section-height-default elementor-section-height-default\" data-id=\"5b44a6f\" data-element_type=\"section\">\n\t\t\t\t\t\t<div class=\"elementor-container elementor-column-gap-default\">\n\t\t\t\t\t<div class=\"elementor-column elementor-col-100 elementor-top-column elementor-element elementor-element-ab79915\" data-id=\"ab79915\" data-element_type=\"column\">\n\t\t\t<div class=\"elementor-widget-wrap elementor-element-populated\">\n\t\t\t\t\t\t<div class=\"elementor-element elementor-element-ebc45c3 elementor-widget elementor-widget-spacer\" data-id=\"ebc45c3\" data-element_type=\"widget\" data-widget_type=\"spacer.default\">\n\t\t\t\t<div class=\"elementor-widget-container\">\n\t\t\t\t\t\t\t<div class=\"elementor-spacer\">\n\t\t\t<div class=\"elementor-spacer-inner\"><\/div>\n\t\t<\/div>\n\t\t\t\t\t\t<\/div>\n\t\t\t\t<\/div>\n\t\t\t\t\t<\/div>\n\t\t<\/div>\n\t\t\t\t\t<\/div>\n\t\t<\/section>\n\t\t\t\t<section class=\"elementor-section elementor-top-section elementor-element elementor-element-39dabc18 elementor-section-content-middle elementor-section-boxed elementor-section-height-default elementor-section-height-default\" data-id=\"39dabc18\" data-element_type=\"section\" data-settings=\"{&quot;background_background&quot;:&quot;classic&quot;}\">\n\t\t\t\t\t\t\t<div class=\"elementor-background-overlay\"><\/div>\n\t\t\t\t\t\t\t<div class=\"elementor-container elementor-column-gap-no\">\n\t\t\t\t\t<div class=\"elementor-column elementor-col-100 elementor-top-column elementor-element elementor-element-f60585f\" data-id=\"f60585f\" data-element_type=\"column\">\n\t\t\t<div class=\"elementor-widget-wrap elementor-element-populated\">\n\t\t\t\t\t\t<div class=\"elementor-element elementor-element-438af913 elementor-widget elementor-widget-heading\" data-id=\"438af913\" data-element_type=\"widget\" data-widget_type=\"heading.default\">\n\t\t\t\t<div class=\"elementor-widget-container\">\n\t\t\t\t\t<h1 class=\"elementor-heading-title elementor-size-default\">Taller OSHA 10-horas<\/h1>\t\t\t\t<\/div>\n\t\t\t\t<\/div>\n\t\t\t\t\t<\/div>\n\t\t<\/div>\n\t\t\t\t\t<\/div>\n\t\t<\/section>\n\t\t\t\t<section class=\"elementor-section elementor-top-section elementor-element elementor-element-e160972 elementor-section-content-middle elementor-section-boxed elementor-section-height-default elementor-section-height-default\" data-id=\"e160972\" data-element_type=\"section\">\n\t\t\t\t\t\t<div class=\"elementor-container elementor-column-gap-no\">\n\t\t\t\t\t<div class=\"elementor-column elementor-col-100 elementor-top-column elementor-element elementor-element-19602117\" data-id=\"19602117\" data-element_type=\"column\">\n\t\t\t<div class=\"elementor-widget-wrap elementor-element-populated\">\n\t\t\t\t\t\t<div class=\"elementor-element elementor-element-6c0e90d0 elementor-widget elementor-widget-heading\" data-id=\"6c0e90d0\" data-element_type=\"widget\" data-widget_type=\"heading.default\">\n\t\t\t\t<div class=\"elementor-widget-container\">\n\t\t\t\t\t<h2 class=\"elementor-heading-title elementor-size-default\">TALLER OSHA 10-HORAS<\/h2>\t\t\t\t<\/div>\n\t\t\t\t<\/div>\n\t\t\t\t<div class=\"elementor-element elementor-element-6a013bdb elementor-drop-cap-yes elementor-drop-cap-view-default elementor-widget elementor-widget-text-editor\" data-id=\"6a013bdb\" data-element_type=\"widget\" data-settings=\"{&quot;drop_cap&quot;:&quot;yes&quot;}\" data-widget_type=\"text-editor.default\">\n\t\t\t\t<div class=\"elementor-widget-container\">\n\t\t\t\t\t\t\t\t\t<p><span lang=\"es\">OSHA recomienda a los empleadores que brinden capacitaci\u00f3n adecuada a los empleados para garantizar condiciones de trabajo seguras y saludables. &#8220;Engaging Safety Solutions&#8221; cre\u00f3 este curso para abordar las regulaciones espec\u00edficas que se aplican a la industria en general y ayudar a su organizaci\u00f3n a cumplir con los requisitos de capacitaci\u00f3n en el lugar de trabajo.<\/span><\/p><p><span lang=\"es\">Nuestro curso de 10 horas de OSHA est\u00e1 dise\u00f1ado para familiarizar a los trabajadores con los est\u00e1ndares de OSHA, as\u00ed como con los riesgos de seguridad y salud comunes en el lugar de trabajo. El contenido del curso se compromete plenamente con el objetivo de educar a los trabajadores sobre c\u00f3mo identificar, evitar, controlar y prevenir los peligros en el lugar de trabajo.<\/span><\/p><p><span lang=\"es\">Objetivo general: este taller est\u00e1 dise\u00f1ado para empleados dentro de la industria general que cubre diferentes campos, tales como: alimentos, metalurgia, productos farmac\u00e9uticos, atenci\u00f3n m\u00e9dica, fabricaci\u00f3n, almacenamiento, empleados de f\u00e1brica.<\/span><\/p><p><span lang=\"es\">Objetivos de aprendizaje:<\/span><\/p><ul><li>Comprender la Ley OSHA y los recursos disponibles para empleadores y trabajadores<\/li><li>Comprender las inspecciones de OSHA y el proceso de inspecciones<\/li><li>Comprender las responsabilidades de los empleadores y empleados y los derechos de los empleados<\/li><li>C\u00f3mo reconocer, reducir y prevenir los riesgos laborales<\/li><li>Informar de los peligros relacionados con: superficies para caminar y trabajar, rutas de salida, planes de acci\u00f3n de emergencia, protecci\u00f3n contra incendios y prevenci\u00f3n de incendios, seguridad el\u00e9ctrica, equipo de protecci\u00f3n personal, uso y mantenimiento de EPP, protecci\u00f3n auditiva, manejo de materiales, comunicaci\u00f3n de riesgos: el derecho a saber &#8220;<\/li><\/ul><p><span lang=\"es\">Duraci\u00f3n: 10 horas (2 d\u00edas calendario)<\/span><\/p><p><span lang=\"es\">Para ver los detalles completos del taller de 10 horas de OSHA, <a href=\"https:\/\/engagingsafetysolutions.com\/wp-content\/uploads\/OSHA-Outreach-10-Hours-Spanish.pdf\">haga clic aqu\u00ed<\/a><\/span><\/p>\t\t\t\t\t\t\t\t<\/div>\n\t\t\t\t<\/div>\n\t\t\t\t\t<\/div>\n\t\t<\/div>\n\t\t\t\t\t<\/div>\n\t\t<\/section>\n\t\t\t\t<section class=\"elementor-section elementor-top-section elementor-element elementor-element-378c9297 elementor-section-boxed elementor-section-height-default elementor-section-height-default\" data-id=\"378c9297\" data-element_type=\"section\" data-settings=\"{&quot;background_background&quot;:&quot;classic&quot;}\">\n\t\t\t\t\t\t<div class=\"elementor-container elementor-column-gap-default\">\n\t\t\t\t\t<div class=\"elementor-column elementor-col-25 elementor-top-column elementor-element elementor-element-73648622\" data-id=\"73648622\" data-element_type=\"column\">\n\t\t\t<div class=\"elementor-widget-wrap\">\n\t\t\t\t\t\t\t<\/div>\n\t\t<\/div>\n\t\t\t\t<div class=\"elementor-column elementor-col-25 elementor-top-column elementor-element elementor-element-1bc2e4e8\" data-id=\"1bc2e4e8\" data-element_type=\"column\">\n\t\t\t<div class=\"elementor-widget-wrap elementor-element-populated\">\n\t\t\t\t\t\t<div class=\"elementor-element elementor-element-34841ca3 elementor-widget elementor-widget-heading\" data-id=\"34841ca3\" data-element_type=\"widget\" data-widget_type=\"heading.default\">\n\t\t\t\t<div class=\"elementor-widget-container\">\n\t\t\t\t\t<h3 class=\"elementor-heading-title elementor-size-default\">\u00bfNecesita un curso de 10 horas de OSHA en sus instalaciones?<\/h3>\t\t\t\t<\/div>\n\t\t\t\t<\/div>\n\t\t\t\t\t<\/div>\n\t\t<\/div>\n\t\t\t\t<div class=\"elementor-column elementor-col-25 elementor-top-column elementor-element elementor-element-4eb872e2\" data-id=\"4eb872e2\" data-element_type=\"column\">\n\t\t\t<div class=\"elementor-widget-wrap elementor-element-populated\">\n\t\t\t\t\t\t<div class=\"elementor-element elementor-element-1c50f3cf elementor-align-center elementor-widget elementor-widget-button\" data-id=\"1c50f3cf\" data-element_type=\"widget\" data-widget_type=\"button.default\">\n\t\t\t\t<div class=\"elementor-widget-container\">\n\t\t\t\t\t\t\t\t\t<div class=\"elementor-button-wrapper\">\n\t\t\t\t\t<a class=\"elementor-button elementor-button-link elementor-size-sm\" href=\"\/esp\/contact\/\">\n\t\t\t\t\t\t<span class=\"elementor-button-content-wrapper\">\n\t\t\t\t\t\t\t\t\t<span class=\"elementor-button-text\">CONSULTENOS<\/span>\n\t\t\t\t\t<\/span>\n\t\t\t\t\t<\/a>\n\t\t\t\t<\/div>\n\t\t\t\t\t\t\t\t<\/div>\n\t\t\t\t<\/div>\n\t\t\t\t\t<\/div>\n\t\t<\/div>\n\t\t\t\t<div class=\"elementor-column elementor-col-25 elementor-top-column elementor-element elementor-element-55460c29\" data-id=\"55460c29\" data-element_type=\"column\">\n\t\t\t<div class=\"elementor-widget-wrap\">\n\t\t\t\t\t\t\t<\/div>\n\t\t<\/div>\n\t\t\t\t\t<\/div>\n\t\t<\/section>\n\t\t\t\t<section class=\"elementor-section elementor-top-section elementor-element elementor-element-19797374 elementor-section-content-middle elementor-section-boxed elementor-section-height-default elementor-section-height-default\" data-id=\"19797374\" data-element_type=\"section\">\n\t\t\t\t\t\t<div class=\"elementor-container elementor-column-gap-no\">\n\t\t\t\t\t<div class=\"elementor-column elementor-col-50 elementor-top-column elementor-element elementor-element-7f5b8741\" data-id=\"7f5b8741\" data-element_type=\"column\">\n\t\t\t<div class=\"elementor-widget-wrap elementor-element-populated\">\n\t\t\t\t\t\t<div class=\"elementor-element elementor-element-45098731 elementor-widget elementor-widget-heading\" data-id=\"45098731\" data-element_type=\"widget\" data-widget_type=\"heading.default\">\n\t\t\t\t<div class=\"elementor-widget-container\">\n\t\t\t\t\t<h2 class=\"elementor-heading-title elementor-size-default\">\"OSHA-EQUIVALENTE\" <br>TALLER DE 10 &amp; 30-HORAS<\/h2>\t\t\t\t<\/div>\n\t\t\t\t<\/div>\n\t\t\t\t<section class=\"elementor-section elementor-inner-section elementor-element elementor-element-3ffda0ff elementor-section-boxed elementor-section-height-default elementor-section-height-default\" data-id=\"3ffda0ff\" data-element_type=\"section\">\n\t\t\t\t\t\t<div class=\"elementor-container elementor-column-gap-default\">\n\t\t\t\t\t<div class=\"elementor-column elementor-col-50 elementor-inner-column elementor-element elementor-element-2246d665\" data-id=\"2246d665\" data-element_type=\"column\">\n\t\t\t<div class=\"elementor-widget-wrap elementor-element-populated\">\n\t\t\t\t\t\t<div class=\"elementor-element elementor-element-459cdbb1 elementor-widget elementor-widget-text-editor\" data-id=\"459cdbb1\" data-element_type=\"widget\" data-widget_type=\"text-editor.default\">\n\t\t\t\t<div class=\"elementor-widget-container\">\n\t\t\t\t\t\t\t\t\t<p>Tambi\u00e9n tenemos bibliotecas disponibles como cursos en l\u00ednea (SCORM) y programas de video bajo demanda (VOD) que se pueden tomar por Internet, as\u00ed como DVD y cursos interactivos de CD-ROM.<\/p>\t\t\t\t\t\t\t\t<\/div>\n\t\t\t\t<\/div>\n\t\t\t\t\t<\/div>\n\t\t<\/div>\n\t\t\t\t<div class=\"elementor-column elementor-col-50 elementor-inner-column elementor-element elementor-element-2de09059\" data-id=\"2de09059\" data-element_type=\"column\" data-settings=\"{&quot;background_background&quot;:&quot;classic&quot;}\">\n\t\t\t<div class=\"elementor-widget-wrap elementor-element-populated\">\n\t\t\t\t\t\t<div class=\"elementor-element elementor-element-447015c0 elementor-widget elementor-widget-image\" data-id=\"447015c0\" data-element_type=\"widget\" data-widget_type=\"image.default\">\n\t\t\t\t<div class=\"elementor-widget-container\">\n\t\t\t\t\t\t\t\t\t\t\t\t\t\t\t<img fetchpriority=\"high\" decoding=\"async\" width=\"1024\" height=\"682\" src=\"https:\/\/engagingsafetysolutions.com\/esp\/wp-content\/uploads\/businessman-man-apple-laptop-7064-1024x682.jpg\" class=\"attachment-large size-large wp-image-7766\" alt=\"\" srcset=\"https:\/\/engagingsafetysolutions.com\/esp\/wp-content\/uploads\/businessman-man-apple-laptop-7064-1024x682.jpg 1024w, https:\/\/engagingsafetysolutions.com\/esp\/wp-content\/uploads\/businessman-man-apple-laptop-7064-300x200.jpg 300w, https:\/\/engagingsafetysolutions.com\/esp\/wp-content\/uploads\/businessman-man-apple-laptop-7064-768x512.jpg 768w, https:\/\/engagingsafetysolutions.com\/esp\/wp-content\/uploads\/businessman-man-apple-laptop-7064-50x33.jpg 50w, https:\/\/engagingsafetysolutions.com\/esp\/wp-content\/uploads\/businessman-man-apple-laptop-7064-100x67.jpg 100w, https:\/\/engagingsafetysolutions.com\/esp\/wp-content\/uploads\/businessman-man-apple-laptop-7064-640x427.jpg 640w, https:\/\/engagingsafetysolutions.com\/esp\/wp-content\/uploads\/businessman-man-apple-laptop-7064.jpg 1280w\" sizes=\"(max-width: 1024px) 100vw, 1024px\" \/>\t\t\t\t\t\t\t\t\t\t\t\t\t\t\t<\/div>\n\t\t\t\t<\/div>\n\t\t\t\t\t<\/div>\n\t\t<\/div>\n\t\t\t\t\t<\/div>\n\t\t<\/section>\n\t\t\t\t<div class=\"elementor-element elementor-element-1caab7f elementor-widget elementor-widget-text-editor\" data-id=\"1caab7f\" data-element_type=\"widget\" data-widget_type=\"text-editor.default\">\n\t\t\t\t<div class=\"elementor-widget-container\">\n\t\t\t\t\t\t\t\t\t<p>Los cursos de OSHA de 10 y 30 horas son la major <span>gu\u00eda<\/span> para la capacitaci\u00f3n en seguridad y cumplimiento normativo que los empleados deben tener para brindarles la base que necesitan en las \u00e1reas que OSHA considera m\u00e1s importantes.<br \/>Tenemos bibliotecas de capacitaci\u00f3n completas para la industria general y la construcci\u00f3n que son equivalentes a los planes de estudio de la industria y la construcci\u00f3n general de 10 y 30 horas de OSHA.<br \/>Los empleados que completen el plan de estudios recibir\u00e1n una tarjeta de billetera que verifica que han sido capacitados en los temas que recomienda el plan de estudios de OSHA.<br \/>Tambi\u00e9n tenemos una l\u00ednea completa de kits de capacitaci\u00f3n en DVD, folletos para empleados y carteles sobre m\u00e1s de 100 otros temas de cumplimiento normativo y de seguridad, algunos de los cuales incluyen manuales de cumplimiento con todas las formas requeridas que se pueden llenar por escrito al momento que se realiza una <span>sesi\u00f3n<\/span> de entrenamiento.<\/p>\t\t\t\t\t\t\t\t<\/div>\n\t\t\t\t<\/div>\n\t\t\t\t\t<\/div>\n\t\t<\/div>\n\t\t\t\t<div class=\"elementor-column elementor-col-50 elementor-top-column elementor-element elementor-element-2f0f014f\" data-id=\"2f0f014f\" data-element_type=\"column\">\n\t\t\t<div class=\"elementor-widget-wrap elementor-element-populated\">\n\t\t\t\t\t\t<section class=\"elementor-section elementor-inner-section elementor-element elementor-element-1daffe5f elementor-section-boxed elementor-section-height-default elementor-section-height-default\" data-id=\"1daffe5f\" data-element_type=\"section\">\n\t\t\t\t\t\t<div class=\"elementor-container elementor-column-gap-default\">\n\t\t\t\t\t<div class=\"elementor-column elementor-col-50 elementor-inner-column elementor-element elementor-element-349d8120\" data-id=\"349d8120\" data-element_type=\"column\">\n\t\t\t<div class=\"elementor-widget-wrap elementor-element-populated\">\n\t\t\t\t\t\t<div class=\"elementor-element elementor-element-32447bff elementor-widget elementor-widget-image\" data-id=\"32447bff\" data-element_type=\"widget\" data-widget_type=\"image.default\">\n\t\t\t\t<div class=\"elementor-widget-container\">\n\t\t\t\t\t\t\t\t\t\t\t\t\t\t\t<img decoding=\"async\" width=\"1024\" height=\"768\" src=\"https:\/\/engagingsafetysolutions.com\/esp\/wp-content\/uploads\/man-lifting-hot-metal-2880872-1-1024x768.jpg\" class=\"attachment-large size-large wp-image-7767\" alt=\"\" srcset=\"https:\/\/engagingsafetysolutions.com\/esp\/wp-content\/uploads\/man-lifting-hot-metal-2880872-1-1024x768.jpg 1024w, https:\/\/engagingsafetysolutions.com\/esp\/wp-content\/uploads\/man-lifting-hot-metal-2880872-1-300x225.jpg 300w, https:\/\/engagingsafetysolutions.com\/esp\/wp-content\/uploads\/man-lifting-hot-metal-2880872-1-768x576.jpg 768w, https:\/\/engagingsafetysolutions.com\/esp\/wp-content\/uploads\/man-lifting-hot-metal-2880872-1-50x38.jpg 50w, https:\/\/engagingsafetysolutions.com\/esp\/wp-content\/uploads\/man-lifting-hot-metal-2880872-1-100x75.jpg 100w, https:\/\/engagingsafetysolutions.com\/esp\/wp-content\/uploads\/man-lifting-hot-metal-2880872-1-640x480.jpg 640w, https:\/\/engagingsafetysolutions.com\/esp\/wp-content\/uploads\/man-lifting-hot-metal-2880872-1.jpg 1280w\" sizes=\"(max-width: 1024px) 100vw, 1024px\" \/>\t\t\t\t\t\t\t\t\t\t\t\t\t\t\t<\/div>\n\t\t\t\t<\/div>\n\t\t\t\t\t<\/div>\n\t\t<\/div>\n\t\t\t\t<div class=\"elementor-column elementor-col-50 elementor-inner-column elementor-element elementor-element-34151aca\" data-id=\"34151aca\" data-element_type=\"column\">\n\t\t\t<div class=\"elementor-widget-wrap elementor-element-populated\">\n\t\t\t\t\t\t<div class=\"elementor-element elementor-element-19bc0589 elementor-widget elementor-widget-text-editor\" data-id=\"19bc0589\" data-element_type=\"widget\" data-widget_type=\"text-editor.default\">\n\t\t\t\t<div class=\"elementor-widget-container\">\n\t\t\t\t\t\t\t\t\t<h5>\u00a0<\/h5><h5>OSHA 10-horas equivalente &#8211; Industria:<\/h5><ul><li>\u00a0<a title=\"OSHA 10-horas equivalente \u2013 Industria General eLearning\" href=\"https:\/\/engagingsafetysolutions.com\/esp\/product\/osha-10-horas-equivalente-industria-general-elearning\/\">Entrenamiento interactivo en-l\u00ednea<\/a><\/li><li><a title=\"OSHA 10-horas equivalente \u2013 Industria General VOD\" href=\"https:\/\/engagingsafetysolutions.com\/esp\/product\/osha-10-horas-equivalente-industria-general-vod\/\">Video en demanda<\/a><\/li><\/ul>\t\t\t\t\t\t\t\t<\/div>\n\t\t\t\t<\/div>\n\t\t\t\t\t<\/div>\n\t\t<\/div>\n\t\t\t\t\t<\/div>\n\t\t<\/section>\n\t\t\t\t<section class=\"elementor-section elementor-inner-section elementor-element elementor-element-1371d652 elementor-section-boxed elementor-section-height-default elementor-section-height-default\" data-id=\"1371d652\" data-element_type=\"section\">\n\t\t\t\t\t\t<div class=\"elementor-container elementor-column-gap-default\">\n\t\t\t\t\t<div class=\"elementor-column elementor-col-50 elementor-inner-column elementor-element elementor-element-3d95031f\" data-id=\"3d95031f\" data-element_type=\"column\">\n\t\t\t<div class=\"elementor-widget-wrap elementor-element-populated\">\n\t\t\t\t\t\t<div class=\"elementor-element elementor-element-793f2072 elementor-widget elementor-widget-image\" data-id=\"793f2072\" data-element_type=\"widget\" data-widget_type=\"image.default\">\n\t\t\t\t<div class=\"elementor-widget-container\">\n\t\t\t\t\t\t\t\t\t\t\t\t\t\t\t<img decoding=\"async\" width=\"1024\" height=\"682\" src=\"https:\/\/engagingsafetysolutions.com\/esp\/wp-content\/uploads\/2-man-on-construction-site-during-daytime-159306-1-1024x682.jpg\" class=\"attachment-large size-large wp-image-7768\" alt=\"\" srcset=\"https:\/\/engagingsafetysolutions.com\/esp\/wp-content\/uploads\/2-man-on-construction-site-during-daytime-159306-1-1024x682.jpg 1024w, https:\/\/engagingsafetysolutions.com\/esp\/wp-content\/uploads\/2-man-on-construction-site-during-daytime-159306-1-300x200.jpg 300w, https:\/\/engagingsafetysolutions.com\/esp\/wp-content\/uploads\/2-man-on-construction-site-during-daytime-159306-1-768x512.jpg 768w, https:\/\/engagingsafetysolutions.com\/esp\/wp-content\/uploads\/2-man-on-construction-site-during-daytime-159306-1-50x33.jpg 50w, https:\/\/engagingsafetysolutions.com\/esp\/wp-content\/uploads\/2-man-on-construction-site-during-daytime-159306-1-100x67.jpg 100w, https:\/\/engagingsafetysolutions.com\/esp\/wp-content\/uploads\/2-man-on-construction-site-during-daytime-159306-1-640x427.jpg 640w, https:\/\/engagingsafetysolutions.com\/esp\/wp-content\/uploads\/2-man-on-construction-site-during-daytime-159306-1.jpg 1280w\" sizes=\"(max-width: 1024px) 100vw, 1024px\" \/>\t\t\t\t\t\t\t\t\t\t\t\t\t\t\t<\/div>\n\t\t\t\t<\/div>\n\t\t\t\t\t<\/div>\n\t\t<\/div>\n\t\t\t\t<div class=\"elementor-column elementor-col-50 elementor-inner-column elementor-element elementor-element-57dc4b0f\" data-id=\"57dc4b0f\" data-element_type=\"column\">\n\t\t\t<div class=\"elementor-widget-wrap elementor-element-populated\">\n\t\t\t\t\t\t<div class=\"elementor-element elementor-element-7b7d961e elementor-widget elementor-widget-text-editor\" data-id=\"7b7d961e\" data-element_type=\"widget\" data-widget_type=\"text-editor.default\">\n\t\t\t\t<div class=\"elementor-widget-container\">\n\t\t\t\t\t\t\t\t\t<h5>\u00a0<\/h5><h5>OSHA 10-horas equivalente &#8211; Construcci\u00f3n:<\/h5><ul><li>\u00a0<a title=\"OSHA 10-horas equivalente \u2013 Construcci\u00f3n eLearning\" href=\"https:\/\/engagingsafetysolutions.com\/esp\/product\/osha-10-horas-equivalente-construccion-elearning\/\">Entrenamiento interactivo en-l\u00ednea<\/a><\/li><li><a title=\"OSHA 10-horas equivalente \u2013 Construcci\u00f3n VOD\" href=\"https:\/\/engagingsafetysolutions.com\/esp\/product\/osha-10-horas-equivalente-construccion-vod\/\">Video en demanda<\/a><\/li><\/ul>\t\t\t\t\t\t\t\t<\/div>\n\t\t\t\t<\/div>\n\t\t\t\t\t<\/div>\n\t\t<\/div>\n\t\t\t\t\t<\/div>\n\t\t<\/section>\n\t\t\t\t\t<\/div>\n\t\t<\/div>\n\t\t\t\t\t<\/div>\n\t\t<\/section>\n\t\t\t\t<\/div>\n\t\t","protected":false},"excerpt":{"rendered":"<p>Taller OSHA 10-horas TALLER OSHA 10-HORAS OSHA recomienda a los empleadores que brinden capacitaci\u00f3n adecuada a los empleados para garantizar condiciones de trabajo seguras y saludables. &#8220;Engaging Safety Solutions&#8221; cre\u00f3 este curso para abordar las regulaciones espec\u00edficas que se aplican a la industria en general y ayudar a su organizaci\u00f3n a cumplir con los requisitos &hellip;<\/p>\n<p class=\"read-more\"> <a class=\"\" href=\"https:\/\/engagingsafetysolutions.com\/esp\/osha-10-hours-workshop\/\"> <span class=\"screen-reader-text\">Taller OSHA 10 horas<\/span> Read More &raquo;<\/a><\/p>\n","protected":false},"author":1,"featured_media":0,"parent":0,"menu_order":0,"comment_status":"closed","ping_status":"closed","template":"","meta":{"_uag_custom_page_level_css":"","footnotes":""},"class_list":["post-2384","page","type-page","status-publish","hentry"],"aioseo_notices":[],"uagb_featured_image_src":{"full":false,"thumbnail":false,"medium":false,"medium_large":false,"large":false,"1536x1536":false,"2048x2048":false,"woocommerce_thumbnail":false,"woocommerce_single":false,"woocommerce_gallery_thumbnail":false,"dgwt-wcas-product-suggestion":false},"uagb_author_info":{"display_name":"evagomez","author_link":"https:\/\/engagingsafetysolutions.com\/esp\/author\/evamaritzagomez\/"},"uagb_comment_info":0,"uagb_excerpt":"Taller OSHA 10-horas TALLER OSHA 10-HORAS OSHA recomienda a los empleadores que brinden capacitaci\u00f3n adecuada a los empleados para garantizar condiciones de trabajo seguras y saludables. &#8220;Engaging Safety Solutions&#8221; cre\u00f3 este curso para abordar las regulaciones espec\u00edficas que se aplican a la industria en general y ayudar a su organizaci\u00f3n a cumplir con los requisitos&hellip;","_links":{"self":[{"href":"https:\/\/engagingsafetysolutions.com\/esp\/wp-json\/wp\/v2\/pages\/2384","targetHints":{"allow":["GET"]}}],"collection":[{"href":"https:\/\/engagingsafetysolutions.com\/esp\/wp-json\/wp\/v2\/pages"}],"about":[{"href":"https:\/\/engagingsafetysolutions.com\/esp\/wp-json\/wp\/v2\/types\/page"}],"author":[{"embeddable":true,"href":"https:\/\/engagingsafetysolutions.com\/esp\/wp-json\/wp\/v2\/users\/1"}],"replies":[{"embeddable":true,"href":"https:\/\/engagingsafetysolutions.com\/esp\/wp-json\/wp\/v2\/comments?post=2384"}],"version-history":[{"count":3,"href":"https:\/\/engagingsafetysolutions.com\/esp\/wp-json\/wp\/v2\/pages\/2384\/revisions"}],"predecessor-version":[{"id":12671,"href":"https:\/\/engagingsafetysolutions.com\/esp\/wp-json\/wp\/v2\/pages\/2384\/revisions\/12671"}],"wp:attachment":[{"href":"https:\/\/engagingsafetysolutions.com\/esp\/wp-json\/wp\/v2\/media?parent=2384"}],"curies":[{"name":"wp","href":"https:\/\/api.w.org\/{rel}","templated":true}]}}