{"id":2107,"date":"2019-11-23T20:36:00","date_gmt":"2019-11-23T20:36:00","guid":{"rendered":"https:\/\/engagingsafetysolutions.com\/?page_id=2107"},"modified":"2021-02-15T02:02:33","modified_gmt":"2021-02-15T02:02:33","slug":"osha-30-hours-workshop","status":"publish","type":"page","link":"https:\/\/engagingsafetysolutions.com\/esp\/osha-30-hours-workshop\/","title":{"rendered":"Taller OSHA 30 horas"},"content":{"rendered":"\t\t<div data-elementor-type=\"wp-post\" data-elementor-id=\"2107\" class=\"elementor elementor-2107\">\n\t\t\t\t\t\t<section class=\"elementor-section elementor-top-section elementor-element elementor-element-5b44a6f elementor-section-boxed elementor-section-height-default elementor-section-height-default\" data-id=\"5b44a6f\" data-element_type=\"section\">\n\t\t\t\t\t\t<div class=\"elementor-container elementor-column-gap-default\">\n\t\t\t\t\t<div class=\"elementor-column elementor-col-100 elementor-top-column elementor-element elementor-element-ab79915\" data-id=\"ab79915\" data-element_type=\"column\">\n\t\t\t<div class=\"elementor-widget-wrap elementor-element-populated\">\n\t\t\t\t\t\t<div class=\"elementor-element elementor-element-ebc45c3 elementor-widget elementor-widget-spacer\" data-id=\"ebc45c3\" data-element_type=\"widget\" data-widget_type=\"spacer.default\">\n\t\t\t\t<div class=\"elementor-widget-container\">\n\t\t\t\t\t\t\t<div class=\"elementor-spacer\">\n\t\t\t<div class=\"elementor-spacer-inner\"><\/div>\n\t\t<\/div>\n\t\t\t\t\t\t<\/div>\n\t\t\t\t<\/div>\n\t\t\t\t\t<\/div>\n\t\t<\/div>\n\t\t\t\t\t<\/div>\n\t\t<\/section>\n\t\t\t\t<section class=\"elementor-section elementor-top-section elementor-element elementor-element-39dabc18 elementor-section-content-middle elementor-section-boxed elementor-section-height-default elementor-section-height-default\" data-id=\"39dabc18\" data-element_type=\"section\" data-settings=\"{&quot;background_background&quot;:&quot;classic&quot;}\">\n\t\t\t\t\t\t\t<div class=\"elementor-background-overlay\"><\/div>\n\t\t\t\t\t\t\t<div class=\"elementor-container elementor-column-gap-no\">\n\t\t\t\t\t<div class=\"elementor-column elementor-col-100 elementor-top-column elementor-element elementor-element-f60585f\" data-id=\"f60585f\" data-element_type=\"column\">\n\t\t\t<div class=\"elementor-widget-wrap elementor-element-populated\">\n\t\t\t\t\t\t<div class=\"elementor-element elementor-element-438af913 elementor-widget elementor-widget-heading\" data-id=\"438af913\" data-element_type=\"widget\" data-widget_type=\"heading.default\">\n\t\t\t\t<div class=\"elementor-widget-container\">\n\t\t\t\t\t<h1 class=\"elementor-heading-title elementor-size-default\">Taller de OSHA 30-horas<\/h1>\t\t\t\t<\/div>\n\t\t\t\t<\/div>\n\t\t\t\t\t<\/div>\n\t\t<\/div>\n\t\t\t\t\t<\/div>\n\t\t<\/section>\n\t\t\t\t<section class=\"elementor-section elementor-top-section elementor-element elementor-element-e160972 elementor-section-content-middle elementor-section-boxed elementor-section-height-default elementor-section-height-default\" data-id=\"e160972\" data-element_type=\"section\">\n\t\t\t\t\t\t<div class=\"elementor-container elementor-column-gap-no\">\n\t\t\t\t\t<div class=\"elementor-column elementor-col-100 elementor-top-column elementor-element elementor-element-19602117\" data-id=\"19602117\" data-element_type=\"column\">\n\t\t\t<div class=\"elementor-widget-wrap elementor-element-populated\">\n\t\t\t\t\t\t<div class=\"elementor-element elementor-element-6c0e90d0 elementor-widget elementor-widget-heading\" data-id=\"6c0e90d0\" data-element_type=\"widget\" data-widget_type=\"heading.default\">\n\t\t\t\t<div class=\"elementor-widget-container\">\n\t\t\t\t\t<h2 class=\"elementor-heading-title elementor-size-default\">Taller de OSHA 30-horas<\/h2>\t\t\t\t<\/div>\n\t\t\t\t<\/div>\n\t\t\t\t<div class=\"elementor-element elementor-element-6a013bdb elementor-widget elementor-widget-text-editor\" data-id=\"6a013bdb\" data-element_type=\"widget\" data-widget_type=\"text-editor.default\">\n\t\t\t\t<div class=\"elementor-widget-container\">\n\t\t\t\t\t\t\t\t\t<p>OSHA recomienda a los empleadores que brinden capacitaci\u00f3n adecuada a los empleados para garantizar condiciones de trabajo seguras y saludables. Engaging Safety Solutions ofrece este curso para abordar las regulaciones espec\u00edficas que se aplican a la industria general y ayudar a su organizaci\u00f3n a cumplir con los requisitos de capacitaci\u00f3n en el lugar de trabajo.<\/p><p>Nuestro curso de 30 horas de OSHA est\u00e1 dise\u00f1ado para familiarizar a los trabajadores, supervisores y l\u00edderes de EHS con los est\u00e1ndares de OSHA, as\u00ed como con los riesgos de seguridad y salud comunes en el lugar de trabajo. Tambi\u00e9n para comprometerse plenamente con el objetivo de educar a los trabajadores sobre c\u00f3mo identificar, evitar, controlar y prevenir los peligros en el lugar de trabajo.<\/p><p><strong>P\u00fablico objetivo<\/strong>: este taller est\u00e1 dise\u00f1ado para supervisores de seguridad y l\u00edderes de seguridad dentro de la industria general que cubre diferentes campos tales como: alimentos, metalurgia, productos farmac\u00e9uticos, atenci\u00f3n m\u00e9dica, fabricaci\u00f3n, almacenamiento, empleados de f\u00e1brica.<\/p><p>Objetivos de aprendizaje:<\/p><ul><li>Comprender la Ley OSHA y los recursos disponibles para empleadores y trabajadores<\/li><li>Comprender las inspecciones de OSHA y el proceso de inspecciones<\/li><li>Comprender las responsabilidades de los empleadores y empleados y los derechos de los empleados<\/li><li>C\u00f3mo reconocer, reducir y prevenir los riesgos laborales<\/li><li>C\u00f3mo reconocer los peligros relacionados: superficies para caminar y trabajar, rutas de salida, planes de acci\u00f3n de emergencia, protecci\u00f3n contra incendios y prevenci\u00f3n de incendios, seguridad el\u00e9ctrica, equipo de protecci\u00f3n personal, uso y mantenimiento de EPP, manejo de materiales, comunicaci\u00f3n de riesgos: el derecho a saber \u201d, peligroso Materiales &#8230;<\/li><\/ul><p><strong>Duraci\u00f3n:<\/strong> 30 horas de contacto (4 d\u00edas calendario)<\/p><p>Para ver los detalles completos del taller de espa\u00f1ol de 30 horas de OSHA, <a href=\"https:\/\/engagingsafetysolutions.com\/wp-content\/uploads\/OSHA-Outreach-30-Hours-Spanish.pdf\">haga clic aqu\u00ed.<\/a><\/p>\t\t\t\t\t\t\t\t<\/div>\n\t\t\t\t<\/div>\n\t\t\t\t\t<\/div>\n\t\t<\/div>\n\t\t\t\t\t<\/div>\n\t\t<\/section>\n\t\t\t\t<section class=\"elementor-section elementor-top-section elementor-element elementor-element-5128ac62 elementor-section-content-middle elementor-section-boxed elementor-section-height-default elementor-section-height-default\" data-id=\"5128ac62\" data-element_type=\"section\">\n\t\t\t\t\t\t<div class=\"elementor-container elementor-column-gap-no\">\n\t\t\t\t\t<div class=\"elementor-column elementor-col-50 elementor-top-column elementor-element elementor-element-702cb44b\" data-id=\"702cb44b\" data-element_type=\"column\">\n\t\t\t<div class=\"elementor-widget-wrap elementor-element-populated\">\n\t\t\t\t\t\t<div class=\"elementor-element elementor-element-2174c09e elementor-widget elementor-widget-heading\" data-id=\"2174c09e\" data-element_type=\"widget\" data-widget_type=\"heading.default\">\n\t\t\t\t<div class=\"elementor-widget-container\">\n\t\t\t\t\t<h2 class=\"elementor-heading-title elementor-size-default\">\"OSHA-EQUIVALENTE\" <br>TALLER DE 10 &amp; 30-HORAS<\/h2>\t\t\t\t<\/div>\n\t\t\t\t<\/div>\n\t\t\t\t<section class=\"elementor-section elementor-inner-section elementor-element elementor-element-27858d7e elementor-section-boxed elementor-section-height-default elementor-section-height-default\" data-id=\"27858d7e\" data-element_type=\"section\">\n\t\t\t\t\t\t<div class=\"elementor-container elementor-column-gap-default\">\n\t\t\t\t\t<div class=\"elementor-column elementor-col-50 elementor-inner-column elementor-element elementor-element-547278e4\" data-id=\"547278e4\" data-element_type=\"column\">\n\t\t\t<div class=\"elementor-widget-wrap elementor-element-populated\">\n\t\t\t\t\t\t<div class=\"elementor-element elementor-element-3a71ab94 elementor-widget elementor-widget-text-editor\" data-id=\"3a71ab94\" data-element_type=\"widget\" data-widget_type=\"text-editor.default\">\n\t\t\t\t<div class=\"elementor-widget-container\">\n\t\t\t\t\t\t\t\t\t<p>Tambi\u00e9n tenemos bibliotecas disponibles como cursos en l\u00ednea (SCORM) y programas de video bajo demanda (VOD) que se pueden tomar por Internet, as\u00ed como DVD y cursos interactivos de CD-ROM.<\/p>\t\t\t\t\t\t\t\t<\/div>\n\t\t\t\t<\/div>\n\t\t\t\t\t<\/div>\n\t\t<\/div>\n\t\t\t\t<div class=\"elementor-column elementor-col-50 elementor-inner-column elementor-element elementor-element-10b43b5b\" data-id=\"10b43b5b\" data-element_type=\"column\" data-settings=\"{&quot;background_background&quot;:&quot;classic&quot;}\">\n\t\t\t<div class=\"elementor-widget-wrap elementor-element-populated\">\n\t\t\t\t\t\t<div class=\"elementor-element elementor-element-12008372 elementor-widget elementor-widget-image\" data-id=\"12008372\" data-element_type=\"widget\" data-widget_type=\"image.default\">\n\t\t\t\t<div class=\"elementor-widget-container\">\n\t\t\t\t\t\t\t\t\t\t\t\t\t\t\t<img fetchpriority=\"high\" decoding=\"async\" width=\"1024\" height=\"682\" src=\"https:\/\/engagingsafetysolutions.com\/esp\/wp-content\/uploads\/businessman-man-apple-laptop-7064-1-1024x682.jpg\" class=\"attachment-large size-large wp-image-7783\" alt=\"\" srcset=\"https:\/\/engagingsafetysolutions.com\/esp\/wp-content\/uploads\/businessman-man-apple-laptop-7064-1-1024x682.jpg 1024w, https:\/\/engagingsafetysolutions.com\/esp\/wp-content\/uploads\/businessman-man-apple-laptop-7064-1-300x200.jpg 300w, https:\/\/engagingsafetysolutions.com\/esp\/wp-content\/uploads\/businessman-man-apple-laptop-7064-1-768x512.jpg 768w, https:\/\/engagingsafetysolutions.com\/esp\/wp-content\/uploads\/businessman-man-apple-laptop-7064-1-50x33.jpg 50w, https:\/\/engagingsafetysolutions.com\/esp\/wp-content\/uploads\/businessman-man-apple-laptop-7064-1-100x67.jpg 100w, https:\/\/engagingsafetysolutions.com\/esp\/wp-content\/uploads\/businessman-man-apple-laptop-7064-1-640x427.jpg 640w, https:\/\/engagingsafetysolutions.com\/esp\/wp-content\/uploads\/businessman-man-apple-laptop-7064-1.jpg 1280w\" sizes=\"(max-width: 1024px) 100vw, 1024px\" \/>\t\t\t\t\t\t\t\t\t\t\t\t\t\t\t<\/div>\n\t\t\t\t<\/div>\n\t\t\t\t\t<\/div>\n\t\t<\/div>\n\t\t\t\t\t<\/div>\n\t\t<\/section>\n\t\t\t\t<div class=\"elementor-element elementor-element-7f0c2412 elementor-widget elementor-widget-text-editor\" data-id=\"7f0c2412\" data-element_type=\"widget\" data-widget_type=\"text-editor.default\">\n\t\t\t\t<div class=\"elementor-widget-container\">\n\t\t\t\t\t\t\t\t\t<p>Los cursos de OSHA de 10 y 30 horas son la major <span>gu\u00eda<\/span> para la capacitaci\u00f3n en seguridad y cumplimiento normativo que los empleados deben tener para brindarles la base que necesitan en las \u00e1reas que OSHA considera m\u00e1s importantes.<br \/>Tenemos bibliotecas de capacitaci\u00f3n completas para la industria general y la construcci\u00f3n que son equivalentes a los planes de estudio de la industria y la construcci\u00f3n general de 10 y 30 horas de OSHA.<br \/>Los empleados que completen el plan de estudios recibir\u00e1n una tarjeta de billetera que verifica que han sido capacitados en los temas que recomienda el plan de estudios de OSHA.<br \/>Tambi\u00e9n tenemos una l\u00ednea completa de kits de capacitaci\u00f3n en DVD, folletos para empleados y carteles sobre m\u00e1s de 100 otros temas de cumplimiento normativo y de seguridad, algunos de los cuales incluyen manuales de cumplimiento con todas las formas requeridas que se pueden llenar por escrito al momento que se realiza una <span>sesi\u00f3n<\/span> de entrenamiento.<\/p>\t\t\t\t\t\t\t\t<\/div>\n\t\t\t\t<\/div>\n\t\t\t\t\t<\/div>\n\t\t<\/div>\n\t\t\t\t<div class=\"elementor-column elementor-col-50 elementor-top-column elementor-element elementor-element-ee5f7d\" data-id=\"ee5f7d\" data-element_type=\"column\">\n\t\t\t<div class=\"elementor-widget-wrap elementor-element-populated\">\n\t\t\t\t\t\t<section class=\"elementor-section elementor-inner-section elementor-element elementor-element-100ea135 elementor-section-boxed elementor-section-height-default elementor-section-height-default\" data-id=\"100ea135\" data-element_type=\"section\">\n\t\t\t\t\t\t<div class=\"elementor-container elementor-column-gap-default\">\n\t\t\t\t\t<div class=\"elementor-column elementor-col-50 elementor-inner-column elementor-element elementor-element-26f77dcd\" data-id=\"26f77dcd\" data-element_type=\"column\">\n\t\t\t<div class=\"elementor-widget-wrap elementor-element-populated\">\n\t\t\t\t\t\t<div class=\"elementor-element elementor-element-12b1d653 elementor-widget elementor-widget-image\" data-id=\"12b1d653\" data-element_type=\"widget\" data-widget_type=\"image.default\">\n\t\t\t\t<div class=\"elementor-widget-container\">\n\t\t\t\t\t\t\t\t\t\t\t\t\t\t\t<img decoding=\"async\" width=\"1024\" height=\"768\" src=\"https:\/\/engagingsafetysolutions.com\/esp\/wp-content\/uploads\/man-lifting-hot-metal-2880872-1-1-1024x768.jpg\" class=\"attachment-large size-large wp-image-7784\" alt=\"\" srcset=\"https:\/\/engagingsafetysolutions.com\/esp\/wp-content\/uploads\/man-lifting-hot-metal-2880872-1-1-1024x768.jpg 1024w, https:\/\/engagingsafetysolutions.com\/esp\/wp-content\/uploads\/man-lifting-hot-metal-2880872-1-1-300x225.jpg 300w, https:\/\/engagingsafetysolutions.com\/esp\/wp-content\/uploads\/man-lifting-hot-metal-2880872-1-1-768x576.jpg 768w, https:\/\/engagingsafetysolutions.com\/esp\/wp-content\/uploads\/man-lifting-hot-metal-2880872-1-1-50x38.jpg 50w, https:\/\/engagingsafetysolutions.com\/esp\/wp-content\/uploads\/man-lifting-hot-metal-2880872-1-1-100x75.jpg 100w, https:\/\/engagingsafetysolutions.com\/esp\/wp-content\/uploads\/man-lifting-hot-metal-2880872-1-1-640x480.jpg 640w, https:\/\/engagingsafetysolutions.com\/esp\/wp-content\/uploads\/man-lifting-hot-metal-2880872-1-1.jpg 1280w\" sizes=\"(max-width: 1024px) 100vw, 1024px\" \/>\t\t\t\t\t\t\t\t\t\t\t\t\t\t\t<\/div>\n\t\t\t\t<\/div>\n\t\t\t\t\t<\/div>\n\t\t<\/div>\n\t\t\t\t<div class=\"elementor-column elementor-col-50 elementor-inner-column elementor-element elementor-element-dcc4864\" data-id=\"dcc4864\" data-element_type=\"column\">\n\t\t\t<div class=\"elementor-widget-wrap elementor-element-populated\">\n\t\t\t\t\t\t<div class=\"elementor-element elementor-element-5db81e4f elementor-widget elementor-widget-text-editor\" data-id=\"5db81e4f\" data-element_type=\"widget\" data-widget_type=\"text-editor.default\">\n\t\t\t\t<div class=\"elementor-widget-container\">\n\t\t\t\t\t\t\t\t\t<h5>\u00a0<\/h5><h5>OSHA 30-horas equivalente &#8211; Industria:<\/h5><ul><li>\u00a0<a title=\"OSHA 30-horas equivalente \u2013 Industria General eLearning\" href=\"https:\/\/engagingsafetysolutions.com\/esp\/product\/osha-30-horas-equivalente-industria-general-elearning\/\">Entrenamiento interactivo en-l\u00ednea<\/a><\/li><li><a title=\"OSHA 30-horas equivalente \u2013 Industria General VOD\" href=\"https:\/\/engagingsafetysolutions.com\/esp\/product\/osha-30-horas-equivalente-industria-general-vod\/\">Video en demanda<\/a><\/li><\/ul>\t\t\t\t\t\t\t\t<\/div>\n\t\t\t\t<\/div>\n\t\t\t\t\t<\/div>\n\t\t<\/div>\n\t\t\t\t\t<\/div>\n\t\t<\/section>\n\t\t\t\t<section class=\"elementor-section elementor-inner-section elementor-element elementor-element-48b1c75c elementor-section-boxed elementor-section-height-default elementor-section-height-default\" data-id=\"48b1c75c\" data-element_type=\"section\">\n\t\t\t\t\t\t<div class=\"elementor-container elementor-column-gap-default\">\n\t\t\t\t\t<div class=\"elementor-column elementor-col-50 elementor-inner-column elementor-element elementor-element-70d31db\" data-id=\"70d31db\" data-element_type=\"column\">\n\t\t\t<div class=\"elementor-widget-wrap elementor-element-populated\">\n\t\t\t\t\t\t<div class=\"elementor-element elementor-element-22c51d0f elementor-widget elementor-widget-image\" data-id=\"22c51d0f\" data-element_type=\"widget\" data-widget_type=\"image.default\">\n\t\t\t\t<div class=\"elementor-widget-container\">\n\t\t\t\t\t\t\t\t\t\t\t\t\t\t\t<img decoding=\"async\" width=\"1024\" height=\"682\" src=\"https:\/\/engagingsafetysolutions.com\/esp\/wp-content\/uploads\/2-man-on-construction-site-during-daytime-159306-1-1-1024x682.jpg\" class=\"attachment-large size-large wp-image-7785\" alt=\"\" srcset=\"https:\/\/engagingsafetysolutions.com\/esp\/wp-content\/uploads\/2-man-on-construction-site-during-daytime-159306-1-1-1024x682.jpg 1024w, https:\/\/engagingsafetysolutions.com\/esp\/wp-content\/uploads\/2-man-on-construction-site-during-daytime-159306-1-1-300x200.jpg 300w, https:\/\/engagingsafetysolutions.com\/esp\/wp-content\/uploads\/2-man-on-construction-site-during-daytime-159306-1-1-768x512.jpg 768w, https:\/\/engagingsafetysolutions.com\/esp\/wp-content\/uploads\/2-man-on-construction-site-during-daytime-159306-1-1-50x33.jpg 50w, https:\/\/engagingsafetysolutions.com\/esp\/wp-content\/uploads\/2-man-on-construction-site-during-daytime-159306-1-1-100x67.jpg 100w, https:\/\/engagingsafetysolutions.com\/esp\/wp-content\/uploads\/2-man-on-construction-site-during-daytime-159306-1-1-640x427.jpg 640w, https:\/\/engagingsafetysolutions.com\/esp\/wp-content\/uploads\/2-man-on-construction-site-during-daytime-159306-1-1.jpg 1280w\" sizes=\"(max-width: 1024px) 100vw, 1024px\" \/>\t\t\t\t\t\t\t\t\t\t\t\t\t\t\t<\/div>\n\t\t\t\t<\/div>\n\t\t\t\t\t<\/div>\n\t\t<\/div>\n\t\t\t\t<div class=\"elementor-column elementor-col-50 elementor-inner-column elementor-element elementor-element-4fac16a2\" data-id=\"4fac16a2\" data-element_type=\"column\">\n\t\t\t<div class=\"elementor-widget-wrap elementor-element-populated\">\n\t\t\t\t\t\t<div class=\"elementor-element elementor-element-336eb361 elementor-widget elementor-widget-text-editor\" data-id=\"336eb361\" data-element_type=\"widget\" data-widget_type=\"text-editor.default\">\n\t\t\t\t<div class=\"elementor-widget-container\">\n\t\t\t\t\t\t\t\t\t<h5>\u00a0<\/h5><h5>OSHA 30-horas equivalente &#8211; Construcci\u00f3n:<\/h5><ul><li>\u00a0<a title=\"OSHA 30-horas equivalente \u2013 Construcci\u00f3n eLearning\" href=\"https:\/\/engagingsafetysolutions.com\/esp\/product\/osha-30-horas-equivalente-construccion-elearning\/\">Entrenamiento interactivo en-l\u00ednea<\/a><\/li><li><a title=\"OSHA 30-horas equivalente \u2013 Construcci\u00f3n VOD\" href=\"https:\/\/engagingsafetysolutions.com\/esp\/product\/osha-30-horas-equivalente-construccion-vod\/\">Video en demanda<\/a><\/li><\/ul>\t\t\t\t\t\t\t\t<\/div>\n\t\t\t\t<\/div>\n\t\t\t\t\t<\/div>\n\t\t<\/div>\n\t\t\t\t\t<\/div>\n\t\t<\/section>\n\t\t\t\t\t<\/div>\n\t\t<\/div>\n\t\t\t\t\t<\/div>\n\t\t<\/section>\n\t\t\t\t<section class=\"elementor-section elementor-top-section elementor-element elementor-element-378c9297 elementor-section-boxed elementor-section-height-default elementor-section-height-default\" data-id=\"378c9297\" data-element_type=\"section\" data-settings=\"{&quot;background_background&quot;:&quot;classic&quot;}\">\n\t\t\t\t\t\t<div class=\"elementor-container elementor-column-gap-default\">\n\t\t\t\t\t<div class=\"elementor-column elementor-col-25 elementor-top-column elementor-element elementor-element-73648622\" data-id=\"73648622\" data-element_type=\"column\">\n\t\t\t<div class=\"elementor-widget-wrap\">\n\t\t\t\t\t\t\t<\/div>\n\t\t<\/div>\n\t\t\t\t<div class=\"elementor-column elementor-col-25 elementor-top-column elementor-element elementor-element-1bc2e4e8\" data-id=\"1bc2e4e8\" data-element_type=\"column\">\n\t\t\t<div class=\"elementor-widget-wrap elementor-element-populated\">\n\t\t\t\t\t\t<div class=\"elementor-element elementor-element-34841ca3 elementor-widget elementor-widget-heading\" data-id=\"34841ca3\" data-element_type=\"widget\" data-widget_type=\"heading.default\">\n\t\t\t\t<div class=\"elementor-widget-container\">\n\t\t\t\t\t<h3 class=\"elementor-heading-title elementor-size-default\">\u00bfNecesita un curso de 30 horas de OSHA en sus instalaciones? Para solicitar m\u00e1s informaci\u00f3n, escr\u00edbanos a:<\/h3>\t\t\t\t<\/div>\n\t\t\t\t<\/div>\n\t\t\t\t\t<\/div>\n\t\t<\/div>\n\t\t\t\t<div class=\"elementor-column elementor-col-25 elementor-top-column elementor-element elementor-element-4eb872e2\" data-id=\"4eb872e2\" data-element_type=\"column\">\n\t\t\t<div class=\"elementor-widget-wrap elementor-element-populated\">\n\t\t\t\t\t\t<div class=\"elementor-element elementor-element-1c50f3cf elementor-align-center elementor-widget elementor-widget-button\" data-id=\"1c50f3cf\" data-element_type=\"widget\" data-widget_type=\"button.default\">\n\t\t\t\t<div class=\"elementor-widget-container\">\n\t\t\t\t\t\t\t\t\t<div class=\"elementor-button-wrapper\">\n\t\t\t\t\t<a class=\"elementor-button elementor-button-link elementor-size-sm\" href=\"\/esp\/contact\">\n\t\t\t\t\t\t<span class=\"elementor-button-content-wrapper\">\n\t\t\t\t\t\t\t\t\t<span class=\"elementor-button-text\">CONSULTENOS<\/span>\n\t\t\t\t\t<\/span>\n\t\t\t\t\t<\/a>\n\t\t\t\t<\/div>\n\t\t\t\t\t\t\t\t<\/div>\n\t\t\t\t<\/div>\n\t\t\t\t\t<\/div>\n\t\t<\/div>\n\t\t\t\t<div class=\"elementor-column elementor-col-25 elementor-top-column elementor-element elementor-element-55460c29\" data-id=\"55460c29\" data-element_type=\"column\">\n\t\t\t<div class=\"elementor-widget-wrap\">\n\t\t\t\t\t\t\t<\/div>\n\t\t<\/div>\n\t\t\t\t\t<\/div>\n\t\t<\/section>\n\t\t\t\t<\/div>\n\t\t","protected":false},"excerpt":{"rendered":"<p>Taller de OSHA 30-horas Taller de OSHA 30-horas OSHA recomienda a los empleadores que brinden capacitaci\u00f3n adecuada a los empleados para garantizar condiciones de trabajo seguras y saludables. Engaging Safety Solutions ofrece este curso para abordar las regulaciones espec\u00edficas que se aplican a la industria general y ayudar a su organizaci\u00f3n a cumplir con los &hellip;<\/p>\n<p class=\"read-more\"> <a class=\"\" href=\"https:\/\/engagingsafetysolutions.com\/esp\/osha-30-hours-workshop\/\"> <span class=\"screen-reader-text\">Taller OSHA 30 horas<\/span> Read More &raquo;<\/a><\/p>\n","protected":false},"author":1,"featured_media":0,"parent":0,"menu_order":0,"comment_status":"closed","ping_status":"closed","template":"","meta":{"_uag_custom_page_level_css":"","footnotes":""},"class_list":["post-2107","page","type-page","status-publish","hentry"],"aioseo_notices":[],"uagb_featured_image_src":{"full":false,"thumbnail":false,"medium":false,"medium_large":false,"large":false,"1536x1536":false,"2048x2048":false,"woocommerce_thumbnail":false,"woocommerce_single":false,"woocommerce_gallery_thumbnail":false,"dgwt-wcas-product-suggestion":false},"uagb_author_info":{"display_name":"evagomez","author_link":"https:\/\/engagingsafetysolutions.com\/esp\/author\/evamaritzagomez\/"},"uagb_comment_info":0,"uagb_excerpt":"Taller de OSHA 30-horas Taller de OSHA 30-horas OSHA recomienda a los empleadores que brinden capacitaci\u00f3n adecuada a los empleados para garantizar condiciones de trabajo seguras y saludables. Engaging Safety Solutions ofrece este curso para abordar las regulaciones espec\u00edficas que se aplican a la industria general y ayudar a su organizaci\u00f3n a cumplir con los&hellip;","_links":{"self":[{"href":"https:\/\/engagingsafetysolutions.com\/esp\/wp-json\/wp\/v2\/pages\/2107","targetHints":{"allow":["GET"]}}],"collection":[{"href":"https:\/\/engagingsafetysolutions.com\/esp\/wp-json\/wp\/v2\/pages"}],"about":[{"href":"https:\/\/engagingsafetysolutions.com\/esp\/wp-json\/wp\/v2\/types\/page"}],"author":[{"embeddable":true,"href":"https:\/\/engagingsafetysolutions.com\/esp\/wp-json\/wp\/v2\/users\/1"}],"replies":[{"embeddable":true,"href":"https:\/\/engagingsafetysolutions.com\/esp\/wp-json\/wp\/v2\/comments?post=2107"}],"version-history":[{"count":5,"href":"https:\/\/engagingsafetysolutions.com\/esp\/wp-json\/wp\/v2\/pages\/2107\/revisions"}],"predecessor-version":[{"id":12674,"href":"https:\/\/engagingsafetysolutions.com\/esp\/wp-json\/wp\/v2\/pages\/2107\/revisions\/12674"}],"wp:attachment":[{"href":"https:\/\/engagingsafetysolutions.com\/esp\/wp-json\/wp\/v2\/media?parent=2107"}],"curies":[{"name":"wp","href":"https:\/\/api.w.org\/{rel}","templated":true}]}}