{"id":1973,"date":"2019-11-23T12:59:34","date_gmt":"2019-11-23T12:59:34","guid":{"rendered":"https:\/\/engagingsafetysolutions.com\/?page_id=1973"},"modified":"2023-02-27T01:14:40","modified_gmt":"2023-02-27T01:14:40","slug":"elearning","status":"publish","type":"page","link":"https:\/\/engagingsafetysolutions.com\/esp\/elearning\/","title":{"rendered":"eLearning"},"content":{"rendered":"\t\t<div data-elementor-type=\"wp-post\" data-elementor-id=\"1973\" class=\"elementor elementor-1973\">\n\t\t\t\t\t\t<section class=\"elementor-section elementor-top-section elementor-element elementor-element-5b44a6f elementor-section-boxed elementor-section-height-default elementor-section-height-default\" data-id=\"5b44a6f\" data-element_type=\"section\">\n\t\t\t\t\t\t<div class=\"elementor-container elementor-column-gap-default\">\n\t\t\t\t\t<div class=\"elementor-column elementor-col-100 elementor-top-column elementor-element elementor-element-ab79915\" data-id=\"ab79915\" data-element_type=\"column\">\n\t\t\t<div class=\"elementor-widget-wrap elementor-element-populated\">\n\t\t\t\t\t\t<div class=\"elementor-element elementor-element-ebc45c3 elementor-widget elementor-widget-spacer\" data-id=\"ebc45c3\" data-element_type=\"widget\" data-widget_type=\"spacer.default\">\n\t\t\t\t<div class=\"elementor-widget-container\">\n\t\t\t\t\t\t\t<div class=\"elementor-spacer\">\n\t\t\t<div class=\"elementor-spacer-inner\"><\/div>\n\t\t<\/div>\n\t\t\t\t\t\t<\/div>\n\t\t\t\t<\/div>\n\t\t\t\t\t<\/div>\n\t\t<\/div>\n\t\t\t\t\t<\/div>\n\t\t<\/section>\n\t\t\t\t<section class=\"elementor-section elementor-top-section elementor-element elementor-element-39dabc18 elementor-section-content-middle elementor-section-boxed elementor-section-height-default elementor-section-height-default\" data-id=\"39dabc18\" data-element_type=\"section\" data-settings=\"{&quot;background_background&quot;:&quot;classic&quot;}\">\n\t\t\t\t\t\t\t<div class=\"elementor-background-overlay\"><\/div>\n\t\t\t\t\t\t\t<div class=\"elementor-container elementor-column-gap-no\">\n\t\t\t\t\t<div class=\"elementor-column elementor-col-100 elementor-top-column elementor-element elementor-element-f60585f\" data-id=\"f60585f\" data-element_type=\"column\">\n\t\t\t<div class=\"elementor-widget-wrap elementor-element-populated\">\n\t\t\t\t\t\t<div class=\"elementor-element elementor-element-438af913 elementor-widget elementor-widget-heading\" data-id=\"438af913\" data-element_type=\"widget\" data-widget_type=\"heading.default\">\n\t\t\t\t<div class=\"elementor-widget-container\">\n\t\t\t\t\t<h1 class=\"elementor-heading-title elementor-size-default\">e-LEARNING<\/h1>\t\t\t\t<\/div>\n\t\t\t\t<\/div>\n\t\t\t\t\t<\/div>\n\t\t<\/div>\n\t\t\t\t\t<\/div>\n\t\t<\/section>\n\t\t\t\t<section class=\"elementor-section elementor-top-section elementor-element elementor-element-e160972 elementor-section-content-middle elementor-section-boxed elementor-section-height-default elementor-section-height-default\" data-id=\"e160972\" data-element_type=\"section\">\n\t\t\t\t\t\t<div class=\"elementor-container elementor-column-gap-no\">\n\t\t\t\t\t<div class=\"elementor-column elementor-col-50 elementor-top-column elementor-element elementor-element-19602117\" data-id=\"19602117\" data-element_type=\"column\">\n\t\t\t<div class=\"elementor-widget-wrap elementor-element-populated\">\n\t\t\t\t\t\t<div class=\"elementor-element elementor-element-6c0e90d0 elementor-widget elementor-widget-heading\" data-id=\"6c0e90d0\" data-element_type=\"widget\" data-widget_type=\"heading.default\">\n\t\t\t\t<div class=\"elementor-widget-container\">\n\t\t\t\t\t<h2 class=\"elementor-heading-title elementor-size-default\">Cursos de eLearning Fascinantes<\/h2>\t\t\t\t<\/div>\n\t\t\t\t<\/div>\n\t\t\t\t<div class=\"elementor-element elementor-element-6a013bdb elementor-widget elementor-widget-text-editor\" data-id=\"6a013bdb\" data-element_type=\"widget\" data-widget_type=\"text-editor.default\">\n\t\t\t\t<div class=\"elementor-widget-container\">\n\t\t\t\t\t\t\t\t\t<p><em><strong>\u00bfQu\u00e9 es eLearning?<\/strong><\/em>\u00a0<\/p><p>Por definici\u00f3n, eLearning es aprendizaje adquirido electr\u00f3nicamente, generalmente a trav\u00e9s de Internet. Es fundamental que los estudiantes est\u00e9n motivados para aprender, tambi\u00e9n que entiendan por qu\u00e9 la capacitaci\u00f3n es importante y c\u00f3mo los beneficiar\u00e1. Los buenos cursos de eLearning mantienen el compromiso necesario para que el alumno adquiera nuevos conocimientos y, lo que es m\u00e1s importante, cambie su comportamiento hacia la seguridad, aplique los conocimientos en el trabajo y contribuya directamente en su propia seguridad.<\/p><p>\u00a0<em><strong>\u00bfCu\u00e1les son los beneficios de eLearning?<\/strong><\/em><\/p><p>\u00a0Algunos de los desaf\u00edos que enfrentamos hoy con respecto al aprendizaje incluyen: C\u00f3mo captar la atenci\u00f3n de los empleados; Disponibilidad de entrenamiento; escalabilidad y costo. El aprendizaje via elerning, electr\u00f3nico proporciona una forma de responder a estos desaf\u00edos.<\/p><ul><li>Los cursos est\u00e1n disponibles las 24 horas del d\u00eda, los 7 d\u00edas de la semana y los 365 d\u00edas del a\u00f1o.<\/li><li>Proporciona efectividad a lo largo del curso, ya que el factor de fatiga del instructor est\u00e1 fuera de la ecuaci\u00f3n. La capacitaci\u00f3n es consistente para todos los empleados.<\/li><li>Rentable, reduce considerablemente el costo de capacitaci\u00f3n, como los gastos de viaje relacionados con la capacitaci\u00f3n, el costo de reprogramaci\u00f3n, el costo de materiales, etc.<\/li><\/ul><p>\u00a0Tenemos una amplia selecci\u00f3n de cursos interesantes de eLearning disponibles en varios idiomas incluyendo ingl\u00e9s, espa\u00f1ol &#8230;<\/p><p>Para solicitar una demostraci\u00f3n u obtener una vista previa de los cursos, <a href=\"https:\/\/engagingsafetysolutions.com\/esp\/contact\">por favor contactenos.<\/a><\/p><p>Para ver una lista completa de los cursos de eLearning disponibles, <a href=\"https:\/\/engagingsafetysolutions.com\/esp\/wp-content\/uploads\/Scorm_eLearning_Courses_Spanish_147.pdf\">haga un clic aqu\u00ed.<\/a><\/p>\t\t\t\t\t\t\t\t<\/div>\n\t\t\t\t<\/div>\n\t\t\t\t\t<\/div>\n\t\t<\/div>\n\t\t\t\t<div class=\"elementor-column elementor-col-50 elementor-top-column elementor-element elementor-element-fc3c834\" data-id=\"fc3c834\" data-element_type=\"column\">\n\t\t\t<div class=\"elementor-widget-wrap elementor-element-populated\">\n\t\t\t\t\t\t<div class=\"elementor-element elementor-element-7bbf1f6 elementor-widget elementor-widget-image\" data-id=\"7bbf1f6\" data-element_type=\"widget\" data-widget_type=\"image.default\">\n\t\t\t\t<div class=\"elementor-widget-container\">\n\t\t\t\t\t\t\t\t\t\t\t\t\t\t\t<img decoding=\"async\" src=\"https:\/\/engagingsafetysolutions.com\/wp-content\/uploads\/woman-using-laptop-3205546-1.jpg\" title=\"\" alt=\"\" loading=\"lazy\" \/>\t\t\t\t\t\t\t\t\t\t\t\t\t\t\t<\/div>\n\t\t\t\t<\/div>\n\t\t\t\t\t<\/div>\n\t\t<\/div>\n\t\t\t\t\t<\/div>\n\t\t<\/section>\n\t\t\t\t<section class=\"elementor-section elementor-top-section elementor-element elementor-element-378c9297 elementor-section-boxed elementor-section-height-default elementor-section-height-default\" data-id=\"378c9297\" data-element_type=\"section\" data-settings=\"{&quot;background_background&quot;:&quot;classic&quot;}\">\n\t\t\t\t\t\t<div class=\"elementor-container elementor-column-gap-default\">\n\t\t\t\t\t<div class=\"elementor-column elementor-col-25 elementor-top-column elementor-element elementor-element-73648622\" data-id=\"73648622\" data-element_type=\"column\">\n\t\t\t<div class=\"elementor-widget-wrap\">\n\t\t\t\t\t\t\t<\/div>\n\t\t<\/div>\n\t\t\t\t<div class=\"elementor-column elementor-col-25 elementor-top-column elementor-element elementor-element-1bc2e4e8\" data-id=\"1bc2e4e8\" data-element_type=\"column\">\n\t\t\t<div class=\"elementor-widget-wrap elementor-element-populated\">\n\t\t\t\t\t\t<div class=\"elementor-element elementor-element-34841ca3 elementor-widget elementor-widget-heading\" data-id=\"34841ca3\" data-element_type=\"widget\" data-widget_type=\"heading.default\">\n\t\t\t\t<div class=\"elementor-widget-container\">\n\t\t\t\t\t<h3 class=\"elementor-heading-title elementor-size-default\">\u00bfNecesita ayuda para crear sus propios cursos de eLearning? Nosotros le podemos ayudar.<\/h3>\t\t\t\t<\/div>\n\t\t\t\t<\/div>\n\t\t\t\t\t<\/div>\n\t\t<\/div>\n\t\t\t\t<div class=\"elementor-column elementor-col-25 elementor-top-column elementor-element elementor-element-4eb872e2\" data-id=\"4eb872e2\" data-element_type=\"column\">\n\t\t\t<div class=\"elementor-widget-wrap elementor-element-populated\">\n\t\t\t\t\t\t<div class=\"elementor-element elementor-element-1c50f3cf elementor-align-center elementor-widget elementor-widget-button\" data-id=\"1c50f3cf\" data-element_type=\"widget\" data-widget_type=\"button.default\">\n\t\t\t\t<div class=\"elementor-widget-container\">\n\t\t\t\t\t\t\t\t\t<div class=\"elementor-button-wrapper\">\n\t\t\t\t\t<a class=\"elementor-button elementor-button-link elementor-size-sm\" href=\"\/esp\/contact\/\">\n\t\t\t\t\t\t<span class=\"elementor-button-content-wrapper\">\n\t\t\t\t\t\t\t\t\t<span class=\"elementor-button-text\">CONSULTENOS<\/span>\n\t\t\t\t\t<\/span>\n\t\t\t\t\t<\/a>\n\t\t\t\t<\/div>\n\t\t\t\t\t\t\t\t<\/div>\n\t\t\t\t<\/div>\n\t\t\t\t\t<\/div>\n\t\t<\/div>\n\t\t\t\t<div class=\"elementor-column elementor-col-25 elementor-top-column elementor-element elementor-element-55460c29\" data-id=\"55460c29\" data-element_type=\"column\">\n\t\t\t<div class=\"elementor-widget-wrap\">\n\t\t\t\t\t\t\t<\/div>\n\t\t<\/div>\n\t\t\t\t\t<\/div>\n\t\t<\/section>\n\t\t\t\t<\/div>\n\t\t","protected":false},"excerpt":{"rendered":"<p>e-LEARNING Cursos de eLearning Fascinantes \u00bfQu\u00e9 es eLearning?\u00a0 Por definici\u00f3n, eLearning es aprendizaje adquirido electr\u00f3nicamente, generalmente a trav\u00e9s de Internet. Es fundamental que los estudiantes est\u00e9n motivados para aprender, tambi\u00e9n que entiendan por qu\u00e9 la capacitaci\u00f3n es importante y c\u00f3mo los beneficiar\u00e1. Los buenos cursos de eLearning mantienen el compromiso necesario para que el alumno &hellip;<\/p>\n<p class=\"read-more\"> <a class=\"\" href=\"https:\/\/engagingsafetysolutions.com\/esp\/elearning\/\"> <span class=\"screen-reader-text\">eLearning<\/span> Read More &raquo;<\/a><\/p>\n","protected":false},"author":1,"featured_media":0,"parent":0,"menu_order":0,"comment_status":"closed","ping_status":"closed","template":"","meta":{"_uag_custom_page_level_css":"","footnotes":""},"class_list":["post-1973","page","type-page","status-publish","hentry"],"aioseo_notices":[],"uagb_featured_image_src":{"full":false,"thumbnail":false,"medium":false,"medium_large":false,"large":false,"1536x1536":false,"2048x2048":false,"woocommerce_thumbnail":false,"woocommerce_single":false,"woocommerce_gallery_thumbnail":false,"dgwt-wcas-product-suggestion":false},"uagb_author_info":{"display_name":"evagomez","author_link":"https:\/\/engagingsafetysolutions.com\/esp\/author\/evamaritzagomez\/"},"uagb_comment_info":0,"uagb_excerpt":"e-LEARNING Cursos de eLearning Fascinantes \u00bfQu\u00e9 es eLearning?\u00a0 Por definici\u00f3n, eLearning es aprendizaje adquirido electr\u00f3nicamente, generalmente a trav\u00e9s de Internet. Es fundamental que los estudiantes est\u00e9n motivados para aprender, tambi\u00e9n que entiendan por qu\u00e9 la capacitaci\u00f3n es importante y c\u00f3mo los beneficiar\u00e1. Los buenos cursos de eLearning mantienen el compromiso necesario para que el alumno&hellip;","_links":{"self":[{"href":"https:\/\/engagingsafetysolutions.com\/esp\/wp-json\/wp\/v2\/pages\/1973","targetHints":{"allow":["GET"]}}],"collection":[{"href":"https:\/\/engagingsafetysolutions.com\/esp\/wp-json\/wp\/v2\/pages"}],"about":[{"href":"https:\/\/engagingsafetysolutions.com\/esp\/wp-json\/wp\/v2\/types\/page"}],"author":[{"embeddable":true,"href":"https:\/\/engagingsafetysolutions.com\/esp\/wp-json\/wp\/v2\/users\/1"}],"replies":[{"embeddable":true,"href":"https:\/\/engagingsafetysolutions.com\/esp\/wp-json\/wp\/v2\/comments?post=1973"}],"version-history":[{"count":3,"href":"https:\/\/engagingsafetysolutions.com\/esp\/wp-json\/wp\/v2\/pages\/1973\/revisions"}],"predecessor-version":[{"id":12786,"href":"https:\/\/engagingsafetysolutions.com\/esp\/wp-json\/wp\/v2\/pages\/1973\/revisions\/12786"}],"wp:attachment":[{"href":"https:\/\/engagingsafetysolutions.com\/esp\/wp-json\/wp\/v2\/media?parent=1973"}],"curies":[{"name":"wp","href":"https:\/\/api.w.org\/{rel}","templated":true}]}}